{"id":698849,"date":"2025-08-27T14:47:44","date_gmt":"2025-08-27T11:47:44","guid":{"rendered":"https:\/\/roveyayinevi.com.tr\/index.php\/urun\/turkcenin-renkleri-ilkogretim-icin-atasozleri-ve-deyimler-sozlugu\/"},"modified":"2026-04-16T02:08:19","modified_gmt":"2026-04-15T23:08:19","slug":"turkcenin-renkleri-ilkogretim-icin-atasozleri-ve-deyimler-sozlugu","status":"publish","type":"product","link":"https:\/\/roveyayinevi.com.tr\/index.php\/urun\/turkcenin-renkleri-ilkogretim-icin-atasozleri-ve-deyimler-sozlugu\/","title":{"rendered":"T\u00fcrk\u00e7enin Renkleri (\u0130lk\u00f6\u011fretim i\u00e7in Atas\u00f6zleri ve Deyimler S\u00f6zl\u00fc\u011f\u00fc)"},"content":{"rendered":"<p>Sevgili \u00e7ocuklar, sizler i\u00e7in haz\u0131rlad\u0131\u011f\u0131m\u0131z atas\u00f6zleri ve deyimler s\u00f6zlu\u0308\u011fu\u0308ne Tu\u0308rk\u00e7enin Renkleri ad\u0131n\u0131 verdik. \u00c7u\u0308nku\u0308 atas\u00f6zleri ile deyimler, konu\u015furken ve yazarken ger\u00e7ekten anlat\u0131ma  renk katan s\u00f6z \u00f6bekleridir.Sizlerin, e\u011fitimin ilk basamaklar\u0131nda bu s\u00f6z \u00f6beklerini yeri geldi\u011fince kullanman\u0131z\u0131, bunlar \u00fczerine d\u00fc\u015f\u00fcnmenizi, bunlarla kendi yarg\u0131lar\u0131n\u0131z\u0131 olu\u015fturman\u0131z\u0131 istiyoruz. Amac\u0131m\u0131z, \u00f6ncelikle Tu\u0308rk\u00e7eye renk katan,  anlat\u0131m\u0131 tatland\u0131ran bu s\u00f6z \u00f6bekleriyle Tu\u0308rk\u00e7emizin anlam \u00f6zelliklerini daha iyi kavraman\u0131z; duygu ve du\u0308\u015fu\u0308ncelerinizi  daha etkili bi\u00e7imde aktarabilmenizdir.Yeter ki bu tu\u0308r yap\u0131tlardan uzak kalmay\u0131n!Yeter ki Tu\u0308rk\u00e7eyi renklendiren s\u00f6zlerden habersiz olmay\u0131n! <\/p>\n","protected":false},"excerpt":{"rendered":"<p>Sevgili \u00e7ocuklar, sizler i\u00e7in haz\u0131rlad\u0131\u011f\u0131m\u0131z atas\u00f6zleri ve deyimler s\u00f6zlu\u0308\u011fu\u0308ne Tu\u0308rk\u00e7enin Renkleri ad\u0131n\u0131 verdik. \u00c7u\u0308nku\u0308 atas\u00f6zleri ile deyimler, konu\u015furken ve yazarken ger\u00e7ekten anlat\u0131ma renk katan s\u00f6z \u00f6bekleridir.Sizlerin,<span class=\"excerpt-hellip\"> [\u2026]<\/span><\/p>\n","protected":false},"featured_media":0,"template":"","meta":{"_monsterinsights_skip_tracking":false,"_monsterinsights_sitenote_active":false,"_monsterinsights_sitenote_note":"","_monsterinsights_sitenote_category":0},"product_brand":[],"product_cat":[19532,12566,13611],"product_tag":[],"class_list":{"0":"post-698849","1":"product","2":"type-product","3":"status-publish","5":"product_cat-atasozleri-deyimler-ve-terimleri-sozlugu","6":"product_cat-egitim","7":"product_cat-sozlukler-ve-konusma-kilavuzlari","8":"pa_cilt-ciltsiz","9":"pa_tur-kitap","10":"pa_yayinevi-kirmizi-kedi-yayinevi","11":"pa_yazar-sevgi-ozel","13":"first","14":"instock","15":"sale","16":"shipping-taxable","17":"purchasable","18":"product-type-simple"},"_links":{"self":[{"href":"https:\/\/roveyayinevi.com.tr\/index.php\/wp-json\/wp\/v2\/product\/698849","targetHints":{"allow":["GET"]}}],"collection":[{"href":"https:\/\/roveyayinevi.com.tr\/index.php\/wp-json\/wp\/v2\/product"}],"about":[{"href":"https:\/\/roveyayinevi.com.tr\/index.php\/wp-json\/wp\/v2\/types\/product"}],"wp:attachment":[{"href":"https:\/\/roveyayinevi.com.tr\/index.php\/wp-json\/wp\/v2\/media?parent=698849"}],"wp:term":[{"taxonomy":"product_brand","embeddable":true,"href":"https:\/\/roveyayinevi.com.tr\/index.php\/wp-json\/wp\/v2\/product_brand?post=698849"},{"taxonomy":"product_cat","embeddable":true,"href":"https:\/\/roveyayinevi.com.tr\/index.php\/wp-json\/wp\/v2\/product_cat?post=698849"},{"taxonomy":"product_tag","embeddable":true,"href":"https:\/\/roveyayinevi.com.tr\/index.php\/wp-json\/wp\/v2\/product_tag?post=698849"}],"curies":[{"name":"wp","href":"https:\/\/api.w.org\/{rel}","templated":true}]}}