{"id":698848,"date":"2025-08-27T14:47:44","date_gmt":"2025-08-27T11:47:44","guid":{"rendered":"https:\/\/roveyayinevi.com.tr\/index.php\/urun\/pulumur\/"},"modified":"2026-01-29T02:14:51","modified_gmt":"2026-01-28T23:14:51","slug":"pulumur","status":"publish","type":"product","link":"https:\/\/roveyayinevi.com.tr\/index.php\/urun\/pulumur\/","title":{"rendered":"P\u00fcl\u00fcm\u00fcr"},"content":{"rendered":"<p>Dersim kendine \u00f6zg\u00fc etno-inan\u00e7sal yap\u0131s\u0131yla \u00e7e\u015fitli renkler (K\u0131rmanciya Beleke) i\u00e7eren bir co\u011frafyad\u0131r. Egemenlerin, hemen her d\u00f6nem kendi de\u011ferlerini dayatma, hor g\u00f6rme, yok sayma, s\u00fcrg\u00fcn etme ve kitlesel katliamlar\u0131na kar\u015f\u0131n bu toplum, inad\u0131na k\u00fclt\u00fcrel geleneklerini nesilden nesile s\u00f6zl\u00fc olarak aktarabilmi\u015ftir. Bunu m\u00fcmk\u00fcn k\u0131lan unsurlardan birisi bu de\u011ferlerin do\u011fup ne\u015fvu-nema buldu\u011fu kutsal do\u011fas\u0131 ve topra\u011f\u0131d\u0131r.  Ne var ki yaz\u0131l\u0131 gelene\u011fin geli\u015fmedi\u011fi bir toplumda s\u00f6zl\u00fc olarak aktar\u0131lan belle\u011fin zamanla kesintiye u\u011framas\u0131 ve b\u00f6ylece dil ba\u015fta olmak \u00fczere geleneksel k\u00fclt\u00fcr\u00fcn bozulmas\u0131 riski vard\u0131r. Bu noktada yaz\u0131l\u0131 ve s\u00f6zl\u00fc gelene\u011fi birle\u015ftirebilmek; tarihsel ve toplumsal bilgiyi \u00fcretmek ve bunu gelecek ku\u015faklara aktarabilmek b\u00fcy\u00fck \u00f6nem ta\u015f\u0131maktad\u0131r. P\u00fcl\u00fcm\u00fcr kitab\u0131, bu \u00e7aban\u0131n ilk \u00f6rneklerinden biridir. Akademik\/bilimsel kayg\u0131larla haz\u0131rlanm\u0131\u015f olmas\u0131 ona ba\u015fka bir de\u011fer katmaktad\u0131r. Bu y\u00fczden beldemizle ilgili bu \u00f6zg\u00fcn \u00e7al\u0131\u015fmay\u0131 \u00f6nemsiyor ve kitapta eme\u011fi olan herkese \u015f\u00fckran bor\u00e7lu oldu\u011fumuzu d\u00fc\u015f\u00fcn\u00fcyorum.  Kaz\u0131m Ar\u0131k <\/p>\n","protected":false},"excerpt":{"rendered":"<p>Dersim kendine \u00f6zg\u00fc etno-inan\u00e7sal yap\u0131s\u0131yla \u00e7e\u015fitli renkler (K\u0131rmanciya Beleke) i\u00e7eren bir co\u011frafyad\u0131r. Egemenlerin, hemen her d\u00f6nem kendi de\u011ferlerini dayatma, hor g\u00f6rme, yok sayma, s\u00fcrg\u00fcn etme ve<span class=\"excerpt-hellip\"> [\u2026]<\/span><\/p>\n","protected":false},"featured_media":0,"template":"","meta":{"_monsterinsights_skip_tracking":false,"_monsterinsights_sitenote_active":false,"_monsterinsights_sitenote_note":"","_monsterinsights_sitenote_category":0},"product_brand":[],"product_cat":[12312,12304],"product_tag":[],"class_list":{"0":"post-698848","1":"product","2":"type-product","3":"status-publish","5":"product_cat-diger","6":"product_cat-tarih","7":"pa_cilt-ciltsiz","8":"pa_tur-kitap","9":"pa_yayinevi-utopya-yayinevi","10":"pa_yazar-kolektif","12":"first","13":"instock","14":"sale","15":"shipping-taxable","16":"purchasable","17":"product-type-simple"},"_links":{"self":[{"href":"https:\/\/roveyayinevi.com.tr\/index.php\/wp-json\/wp\/v2\/product\/698848","targetHints":{"allow":["GET"]}}],"collection":[{"href":"https:\/\/roveyayinevi.com.tr\/index.php\/wp-json\/wp\/v2\/product"}],"about":[{"href":"https:\/\/roveyayinevi.com.tr\/index.php\/wp-json\/wp\/v2\/types\/product"}],"wp:attachment":[{"href":"https:\/\/roveyayinevi.com.tr\/index.php\/wp-json\/wp\/v2\/media?parent=698848"}],"wp:term":[{"taxonomy":"product_brand","embeddable":true,"href":"https:\/\/roveyayinevi.com.tr\/index.php\/wp-json\/wp\/v2\/product_brand?post=698848"},{"taxonomy":"product_cat","embeddable":true,"href":"https:\/\/roveyayinevi.com.tr\/index.php\/wp-json\/wp\/v2\/product_cat?post=698848"},{"taxonomy":"product_tag","embeddable":true,"href":"https:\/\/roveyayinevi.com.tr\/index.php\/wp-json\/wp\/v2\/product_tag?post=698848"}],"curies":[{"name":"wp","href":"https:\/\/api.w.org\/{rel}","templated":true}]}}