{"id":698847,"date":"2025-08-27T14:47:43","date_gmt":"2025-08-27T11:47:43","guid":{"rendered":"https:\/\/roveyayinevi.com.tr\/index.php\/urun\/safranbolulu-izzet-mehmed-pasa-ve-donemi\/"},"modified":"2026-04-16T02:08:19","modified_gmt":"2026-04-15T23:08:19","slug":"safranbolulu-izzet-mehmed-pasa-ve-donemi","status":"publish","type":"product","link":"https:\/\/roveyayinevi.com.tr\/index.php\/urun\/safranbolulu-izzet-mehmed-pasa-ve-donemi\/","title":{"rendered":"Safranbolulu \u0130zzet Mehmed Pa\u015fa ve D\u00f6nemi"},"content":{"rendered":"<p>Bu kitapta, 1743 y\u0131l\u0131nda Anadolu\u2019nun \u015firin bir kasabas\u0131 olan Safranbolu\u2019da ba\u015flay\u0131p 1812\u2019de Manisa\u2019da sona eren Safranbolulu \u0130zzet Mehmed Pa\u015fa\u2019n\u0131n altm\u0131\u015f dokuz y\u0131ll\u0131k \u00e7alkant\u0131larla dolu hayat hikayesini bulacaks\u0131n\u0131z. Dedesi ve babas\u0131 sarayda g\u00f6rev yapm\u0131\u015f, amcas\u0131 ise Kaptan-\u0131 Deryal\u0131k makam\u0131na eri\u015fmi\u015f bir \u00e7ocuk olarak b\u00fcy\u00fcd\u00fc \u0130zzet Mehmed. Yava\u015f ve emin ad\u0131mlarla t\u0131rmand\u0131 kariyer basamaklar\u0131n\u0131. Me\u015fhur sadrazamlardan Halil Hamid Pa\u015fa\u2019n\u0131n k\u0131z\u0131 Z\u00fcbeyde ile evlenmenin ayr\u0131cal\u0131\u011f\u0131n\u0131 ya\u015fad\u0131. Kay\u0131npederinin \u00f6ld\u00fcr\u00fcld\u00fc\u011f\u00fc kaotik ortamdan \u00e7abuk s\u0131yr\u0131ld\u0131 ve \u00e7ok ge\u00e7meden vezirlik payesiyle \u00f6d\u00fcllendirildi. Kuzeyden g\u00fcneye imparatorlu\u011fun bir\u00e7ok yerinde g\u00f6rev yapt\u0131. En b\u00fcy\u00fck b\u00fcy\u00fck tecr\u00fcbeyi ise M\u0131s\u0131r Valili\u011fi\u2019nde ya\u015fad\u0131. B\u00fcy\u00fck sorunlarla bo\u011fu\u015fmas\u0131na ra\u011fmen y\u0131lmad\u0131. Belki \u00e7ekti\u011fi bu \u00e7ilelerin \u00f6d\u00fcl\u00fc olarak imparatorlu\u011fun ikinci adaml\u0131\u011f\u0131 olan sadarete y\u00fckseltildi. <\/p>\n","protected":false},"excerpt":{"rendered":"<p>Bu kitapta, 1743 y\u0131l\u0131nda Anadolu\u2019nun \u015firin bir kasabas\u0131 olan Safranbolu\u2019da ba\u015flay\u0131p 1812\u2019de Manisa\u2019da sona eren Safranbolulu \u0130zzet Mehmed Pa\u015fa\u2019n\u0131n altm\u0131\u015f dokuz y\u0131ll\u0131k \u00e7alkant\u0131larla dolu hayat hikayesini<span class=\"excerpt-hellip\"> [\u2026]<\/span><\/p>\n","protected":false},"featured_media":0,"template":"","meta":{"_monsterinsights_skip_tracking":false,"_monsterinsights_sitenote_active":false,"_monsterinsights_sitenote_note":"","_monsterinsights_sitenote_category":0},"product_brand":[],"product_cat":[13517,12304],"product_tag":[],"class_list":{"0":"post-698847","1":"product","2":"type-product","3":"status-publish","5":"product_cat-osmanli-tarihi","6":"product_cat-tarih","7":"pa_tur-kitap","8":"pa_yayinevi-bilge-kultur-sanat","9":"pa_yazar-sefaattin-deniz","11":"first","12":"instock","13":"sale","14":"shipping-taxable","15":"purchasable","16":"product-type-simple"},"_links":{"self":[{"href":"https:\/\/roveyayinevi.com.tr\/index.php\/wp-json\/wp\/v2\/product\/698847","targetHints":{"allow":["GET"]}}],"collection":[{"href":"https:\/\/roveyayinevi.com.tr\/index.php\/wp-json\/wp\/v2\/product"}],"about":[{"href":"https:\/\/roveyayinevi.com.tr\/index.php\/wp-json\/wp\/v2\/types\/product"}],"wp:attachment":[{"href":"https:\/\/roveyayinevi.com.tr\/index.php\/wp-json\/wp\/v2\/media?parent=698847"}],"wp:term":[{"taxonomy":"product_brand","embeddable":true,"href":"https:\/\/roveyayinevi.com.tr\/index.php\/wp-json\/wp\/v2\/product_brand?post=698847"},{"taxonomy":"product_cat","embeddable":true,"href":"https:\/\/roveyayinevi.com.tr\/index.php\/wp-json\/wp\/v2\/product_cat?post=698847"},{"taxonomy":"product_tag","embeddable":true,"href":"https:\/\/roveyayinevi.com.tr\/index.php\/wp-json\/wp\/v2\/product_tag?post=698847"}],"curies":[{"name":"wp","href":"https:\/\/api.w.org\/{rel}","templated":true}]}}