{"id":698846,"date":"2025-08-27T14:47:43","date_gmt":"2025-08-27T11:47:43","guid":{"rendered":"https:\/\/roveyayinevi.com.tr\/index.php\/urun\/kendin-ol-hayati-kesfet\/"},"modified":"2026-04-11T13:26:23","modified_gmt":"2026-04-11T10:26:23","slug":"kendin-ol-hayati-kesfet","status":"publish","type":"product","link":"https:\/\/roveyayinevi.com.tr\/index.php\/urun\/kendin-ol-hayati-kesfet\/","title":{"rendered":"Kendin Ol, Hayat\u0131 Ke\u015ffet"},"content":{"rendered":"<p>Bazen istedi\u011finiz gibi bir hayat ya\u015fayamamaktan \u00fcz\u00fcnt\u00fc duyar m\u0131s\u0131n\u0131z? Ke\u015fke dedi\u011finiz olur mu? \u015e\u00f6yle i\u00e7inize sinerek, dolu dolu g\u00fclerek ve korkusuzca ge\u00e7irdi\u011finiz g\u00fcnler ne s\u0131kl\u0131ktad\u0131r hayat\u0131n\u0131zda? \ufffcTan\u0131t\u0131m Metni<\/p>\n","protected":false},"excerpt":{"rendered":"<p>Bazen istedi\u011finiz gibi bir hayat ya\u015fayamamaktan \u00fcz\u00fcnt\u00fc duyar m\u0131s\u0131n\u0131z? Ke\u015fke dedi\u011finiz olur mu? \u015e\u00f6yle i\u00e7inize sinerek, dolu dolu g\u00fclerek ve korkusuzca ge\u00e7irdi\u011finiz g\u00fcnler ne s\u0131kl\u0131ktad\u0131r hayat\u0131n\u0131zda?<span class=\"excerpt-hellip\"> [\u2026]<\/span><\/p>\n","protected":false},"featured_media":0,"template":"","meta":{"_monsterinsights_skip_tracking":false,"_monsterinsights_sitenote_active":false,"_monsterinsights_sitenote_note":"","_monsterinsights_sitenote_category":0},"product_brand":[],"product_cat":[12364,12376],"product_tag":[],"class_list":{"0":"post-698846","1":"product","2":"type-product","3":"status-publish","5":"product_cat-genel-konular","6":"product_cat-kisisel-gelisim","7":"pa_cilt-ciltsiz","8":"pa_tur-kitap","9":"pa_yayinevi-remzi-kitabevi","10":"pa_yazar-polat-dogru","12":"first","13":"instock","14":"sale","15":"shipping-taxable","16":"purchasable","17":"product-type-simple"},"_links":{"self":[{"href":"https:\/\/roveyayinevi.com.tr\/index.php\/wp-json\/wp\/v2\/product\/698846","targetHints":{"allow":["GET"]}}],"collection":[{"href":"https:\/\/roveyayinevi.com.tr\/index.php\/wp-json\/wp\/v2\/product"}],"about":[{"href":"https:\/\/roveyayinevi.com.tr\/index.php\/wp-json\/wp\/v2\/types\/product"}],"wp:attachment":[{"href":"https:\/\/roveyayinevi.com.tr\/index.php\/wp-json\/wp\/v2\/media?parent=698846"}],"wp:term":[{"taxonomy":"product_brand","embeddable":true,"href":"https:\/\/roveyayinevi.com.tr\/index.php\/wp-json\/wp\/v2\/product_brand?post=698846"},{"taxonomy":"product_cat","embeddable":true,"href":"https:\/\/roveyayinevi.com.tr\/index.php\/wp-json\/wp\/v2\/product_cat?post=698846"},{"taxonomy":"product_tag","embeddable":true,"href":"https:\/\/roveyayinevi.com.tr\/index.php\/wp-json\/wp\/v2\/product_tag?post=698846"}],"curies":[{"name":"wp","href":"https:\/\/api.w.org\/{rel}","templated":true}]}}