{"id":698845,"date":"2025-08-27T14:47:43","date_gmt":"2025-08-27T11:47:43","guid":{"rendered":"https:\/\/roveyayinevi.com.tr\/index.php\/urun\/yeraltindan-notlar-6\/"},"modified":"2026-04-16T02:08:19","modified_gmt":"2026-04-15T23:08:19","slug":"yeraltindan-notlar-6","status":"publish","type":"product","link":"https:\/\/roveyayinevi.com.tr\/index.php\/urun\/yeraltindan-notlar-6\/","title":{"rendered":"Yeralt\u0131ndan Notlar"},"content":{"rendered":"<p>Dostoyevski\u2019nin \u201cRus \u00e7o\u011funlu\u011funun hakiki insan\u0131\u201d dedi\u011fi bir isimsiz kahraman\u0131n yal\u0131n ve karanl\u0131k d\u00fc\u015f\u00fcnceleri&#8230; Edebiyat tarihinin en \u00fcnl\u00fc isimsizlerinden Yeralt\u0131 Adam\u0131, insanlar\u0131n oradan oraya \u00fc\u015f\u00fc\u015fen kar\u0131ncalara d\u00f6n\u00fc\u015ft\u00fc\u011f\u00fc St. Petersburg\u2019un gri kald\u0131r\u0131mlar\u0131nda itilip kak\u0131l\u0131rken, ya\u015fama iste\u011fini yava\u015f ama emin ad\u0131mlarla mutlak bir \u00f6\u00e7 iste\u011fiyle de\u011fi\u015f toku\u015f eder. Yeralt\u0131 Adam\u0131\u2019n\u0131n bir devlet memuru olarak ge\u00e7irdi\u011fi tekd\u00fcze g\u00fcnler, yan\u0131nda bir t\u00fcrl\u00fc rahat hissedemedi\u011fi arkada\u015flar\u0131 ve hayattaki mutlak yaln\u0131zl\u0131\u011f\u0131, b\u0131kk\u0131n bir \u00f6fke ve k\u00fc\u00e7\u00fck, imk\u00e2ns\u0131z pazarl\u0131klarla gittik\u00e7e daha fazla lekelenir, ta ki kendisini bir arada tutan g\u00f6r\u00fcnmez ipler yava\u015f\u00e7a \u00e7\u00f6z\u00fclmeye ba\u015flayana kadar. Yeralt\u0131ndan Notlar, yay\u0131mland\u0131\u011f\u0131 1864 y\u0131l\u0131ndan beri \u00f6fke ve sessizli\u011fin en g\u00fc\u00e7l\u00fc manifestolar\u0131ndan biri olmu\u015ftur. \u201cYeralt\u0131ndan Notlar, hakikati kanla hayk\u0131r\u0131r.\u201d NIETZSCHE \u201cDostoyevski, g\u00f6kle yer aras\u0131nda as\u0131l\u0131 kalm\u0131\u015ft\u0131r. Hem g\u00f6k hem de yer taraf\u0131ndan etkilenmi\u015ftir.\u201d HENRI TROYAT<\/p>\n","protected":false},"excerpt":{"rendered":"<p>Dostoyevski\u2019nin \u201cRus \u00e7o\u011funlu\u011funun hakiki insan\u0131\u201d dedi\u011fi bir isimsiz kahraman\u0131n yal\u0131n ve karanl\u0131k d\u00fc\u015f\u00fcnceleri&#8230; Edebiyat tarihinin en \u00fcnl\u00fc isimsizlerinden Yeralt\u0131 Adam\u0131, insanlar\u0131n oradan oraya \u00fc\u015f\u00fc\u015fen kar\u0131ncalara d\u00f6n\u00fc\u015ft\u00fc\u011f\u00fc<span class=\"excerpt-hellip\"> [\u2026]<\/span><\/p>\n","protected":false},"featured_media":0,"template":"","meta":{"_monsterinsights_skip_tracking":false,"_monsterinsights_sitenote_active":false,"_monsterinsights_sitenote_note":"","_monsterinsights_sitenote_category":0},"product_brand":[],"product_cat":[12291,13570],"product_tag":[],"class_list":{"0":"post-698845","1":"product","2":"type-product","3":"status-publish","5":"product_cat-edebiyat","6":"product_cat-rus-edebiyati","7":"pa_cilt-ciltsiz","8":"pa_tur-kitap","9":"pa_yayinevi-iletisim-yayinlari","10":"pa_yazar-fyodor-mihaylovic-dostoyevski","12":"first","13":"instock","14":"sale","15":"shipping-taxable","16":"purchasable","17":"product-type-simple"},"_links":{"self":[{"href":"https:\/\/roveyayinevi.com.tr\/index.php\/wp-json\/wp\/v2\/product\/698845","targetHints":{"allow":["GET"]}}],"collection":[{"href":"https:\/\/roveyayinevi.com.tr\/index.php\/wp-json\/wp\/v2\/product"}],"about":[{"href":"https:\/\/roveyayinevi.com.tr\/index.php\/wp-json\/wp\/v2\/types\/product"}],"wp:attachment":[{"href":"https:\/\/roveyayinevi.com.tr\/index.php\/wp-json\/wp\/v2\/media?parent=698845"}],"wp:term":[{"taxonomy":"product_brand","embeddable":true,"href":"https:\/\/roveyayinevi.com.tr\/index.php\/wp-json\/wp\/v2\/product_brand?post=698845"},{"taxonomy":"product_cat","embeddable":true,"href":"https:\/\/roveyayinevi.com.tr\/index.php\/wp-json\/wp\/v2\/product_cat?post=698845"},{"taxonomy":"product_tag","embeddable":true,"href":"https:\/\/roveyayinevi.com.tr\/index.php\/wp-json\/wp\/v2\/product_tag?post=698845"}],"curies":[{"name":"wp","href":"https:\/\/api.w.org\/{rel}","templated":true}]}}