{"id":698842,"date":"2025-08-27T14:47:42","date_gmt":"2025-08-27T11:47:42","guid":{"rendered":"https:\/\/roveyayinevi.com.tr\/index.php\/urun\/antropolojinin-akrabalik-yaklasimlari\/"},"modified":"2026-04-16T02:08:19","modified_gmt":"2026-04-15T23:08:19","slug":"antropolojinin-akrabalik-yaklasimlari","status":"publish","type":"product","link":"https:\/\/roveyayinevi.com.tr\/index.php\/urun\/antropolojinin-akrabalik-yaklasimlari\/","title":{"rendered":"Antropolojinin Akrabal\u0131k Yakla\u015f\u0131mlar\u0131"},"content":{"rendered":"<p>Kurulu\u015fundan bu yana Sosyal Antropolojinin en ayr\u0131cal\u0131kl\u0131, belki de karakterini te\u015fkil eden bir alt disiplini akrabal\u0131k. Etnografinin klasik d\u00f6neminden bug\u00fcne, yo\u011funlu\u011fu azalarak da olsa d\u00f6n\u00fcp dola\u015f\u0131l\u0131p bir kez daha ziyaret edilen bir liman. Tart\u0131\u015fmalar\u0131n \u00fczerine d\u00f6nd\u00fc\u011f\u00fc, arg\u00fcmanlar\u0131n ona referansla ortaya konuldu\u011fu, neredeyse hi\u00e7bir \u00e7\u0131\u011f\u0131r a\u00e7an antropolo\u011fun u\u011framadan ge\u00e7medi\u011fi bir fikri durak. Peki, nelerden m\u00fcte\u015fekkil bu durak? Ana disipline, buradan \u00e7\u0131kan ne gibi meseleler \u00f6nderlik etmi\u015f, neler tart\u0131\u015f\u0131lm\u0131\u015f, neler form\u00fcle edilmi\u015f? L. Holy\u2019nin eseri bu sorulara lay\u0131\u011f\u0131yla cevaplar \u00fcretiyor ve buradan yola \u00e7\u0131karak, ana disiplinin kendisine, yani sosyal antropolojiye dair \u00f6nemli bir izlek sunuyor. Dilimizdeki mevcut antropolojiye giri\u015f kitaplar\u0131n\u0131n ana ve tali alt disiplinlerin tek tek tasnifi \u00fczerinden y\u00fcr\u00fcyen ak\u0131\u015f\u0131n\u0131n tersine burada, bir alt disiplinden ana disipline do\u011fru bir \u00e7\u0131k\u0131\u015f e\u015fli\u011finde detayl\u0131, \u00f6z ve m\u00fcnaka\u015fal\u0131 bir \u00e7er\u00e7eve kuruluyor. Eser, tam da bu noktada, bir yan\u0131yla sosyal antropolojinin akrabal\u0131k yakla\u015f\u0131mlar\u0131n\u0131, di\u011fer yan\u0131yla da b\u00fct\u00fcnl\u00fc\u011f\u00fc i\u00e7erisinde sosyal antropolojiyi anlaman\u0131n en hafif tabirle faydal\u0131 bir vas\u0131tas\u0131na d\u00f6n\u00fc\u015f\u00fcyor; b\u00f6ylelikle, mevcut T\u00fcrk\u00e7e literat\u00fcre \u00f6nemli bir katk\u0131 ve maharetli bir sentez sunarak t\u00fcm bir disiplinin bu en ayr\u0131cal\u0131kl\u0131 ve merkezi liman\u0131na sizi de davet ediyor. <\/p>\n","protected":false},"excerpt":{"rendered":"<p>Kurulu\u015fundan bu yana Sosyal Antropolojinin en ayr\u0131cal\u0131kl\u0131, belki de karakterini te\u015fkil eden bir alt disiplini akrabal\u0131k. Etnografinin klasik d\u00f6neminden bug\u00fcne, yo\u011funlu\u011fu azalarak da olsa d\u00f6n\u00fcp dola\u015f\u0131l\u0131p<span class=\"excerpt-hellip\"> [\u2026]<\/span><\/p>\n","protected":false},"featured_media":0,"template":"","meta":{"_monsterinsights_skip_tracking":false,"_monsterinsights_sitenote_active":false,"_monsterinsights_sitenote_note":"","_monsterinsights_sitenote_category":0},"product_brand":[],"product_cat":[12835,12324],"product_tag":[],"class_list":{"0":"post-698842","1":"product","2":"type-product","3":"status-publish","5":"product_cat-genel-sosyoloji","6":"product_cat-sosyoloji","7":"pa_cilt-ciltsiz","8":"pa_tur-kitap","9":"pa_yayinevi-heretik-yayincilik","10":"pa_yazar-ladislav-holy","12":"first","13":"instock","14":"sale","15":"shipping-taxable","16":"purchasable","17":"product-type-simple"},"_links":{"self":[{"href":"https:\/\/roveyayinevi.com.tr\/index.php\/wp-json\/wp\/v2\/product\/698842","targetHints":{"allow":["GET"]}}],"collection":[{"href":"https:\/\/roveyayinevi.com.tr\/index.php\/wp-json\/wp\/v2\/product"}],"about":[{"href":"https:\/\/roveyayinevi.com.tr\/index.php\/wp-json\/wp\/v2\/types\/product"}],"wp:attachment":[{"href":"https:\/\/roveyayinevi.com.tr\/index.php\/wp-json\/wp\/v2\/media?parent=698842"}],"wp:term":[{"taxonomy":"product_brand","embeddable":true,"href":"https:\/\/roveyayinevi.com.tr\/index.php\/wp-json\/wp\/v2\/product_brand?post=698842"},{"taxonomy":"product_cat","embeddable":true,"href":"https:\/\/roveyayinevi.com.tr\/index.php\/wp-json\/wp\/v2\/product_cat?post=698842"},{"taxonomy":"product_tag","embeddable":true,"href":"https:\/\/roveyayinevi.com.tr\/index.php\/wp-json\/wp\/v2\/product_tag?post=698842"}],"curies":[{"name":"wp","href":"https:\/\/api.w.org\/{rel}","templated":true}]}}