{"id":698841,"date":"2025-08-27T14:47:41","date_gmt":"2025-08-27T11:47:41","guid":{"rendered":"https:\/\/roveyayinevi.com.tr\/index.php\/urun\/kent-yonetimi-ve-politikasi\/"},"modified":"2026-04-16T02:08:19","modified_gmt":"2026-04-15T23:08:19","slug":"kent-yonetimi-ve-politikasi","status":"publish","type":"product","link":"https:\/\/roveyayinevi.com.tr\/index.php\/urun\/kent-yonetimi-ve-politikasi\/","title":{"rendered":"Kent Y\u00f6netimi ve Politikas\u0131"},"content":{"rendered":"<p>Kent Y\u00f6netiminde liderlik sahipli\u011finin beklenen y\u00f6n\u00fc, yerel felsefenin kurgusuna da yak\u0131\u015f\u0131r \u015fekilde ku\u015fkusuz belediye ba\u015fkanlar\u0131na ait g\u00f6r\u00fcn\u00fcrken, m\u00fclki amirler ise yard\u0131mc\u0131 rollerdedir. Ancak T\u00fcrkiye\u2019de hukuki yap\u0131lar, belediye \u00f6rg\u00fctlenmesine yard\u0131mc\u0131 roller vermektedir. Mevcut hizmet ili\u015fkileri a\u011f\u0131ndaki yetkilendirmeler ve demokratikle\u015fme hedefleri aras\u0131nda ters orant\u0131l\u0131 ve giderek artan bir d\u00f6n\u00fc\u015f\u00fcm ortaya \u00e7\u0131kmaktad\u0131r. Yerel y\u00f6netimlere ku\u015fkusuz tarihte oldu\u011fu gibi tamamen devlet fonksiyonu y\u00fcklenemez. Mamafih yerel y\u00f6netimlerin toplumun sosyalle\u015fmesine arac\u0131l\u0131k eden demokrasi okullar\u0131 oldu\u011fu da unutulmamal\u0131d\u0131r. Asl\u0131nda, hangi kurum bir ad\u0131m \u00f6nde olacak anlay\u0131\u015f\u0131 yerine, merkez-yerel b\u00fct\u00fcnle\u015fik y\u00f6netim i\u00e7inde hareket etmenin rasyonelli\u011fine kitapta dikkat \u00e7ekilmi\u015ftir. Bu nedenle i\u00e7erik, kent y\u00f6netiminin felsefi yakla\u015f\u0131m\u0131ndaki temel unsur olan demokratik yap\u0131lanmalar\u0131 hat\u0131rda tutacak; hukuki d\u00fczenlemeler kadar y\u00f6netsel-politik dinamiklere; gelecek senaryosu i\u00e7inde yeni yeni \u00f6ne \u00e7\u0131kan da\u011f y\u00f6netimi gibi konulara okuyucunun dikkati \u00e7ekecek \u015fekilde haz\u0131rlanm\u0131\u015ft\u0131r. <\/p>\n","protected":false},"excerpt":{"rendered":"<p>Kent Y\u00f6netiminde liderlik sahipli\u011finin beklenen y\u00f6n\u00fc, yerel felsefenin kurgusuna da yak\u0131\u015f\u0131r \u015fekilde ku\u015fkusuz belediye ba\u015fkanlar\u0131na ait g\u00f6r\u00fcn\u00fcrken, m\u00fclki amirler ise yard\u0131mc\u0131 rollerdedir. Ancak T\u00fcrkiye\u2019de hukuki yap\u0131lar,<span class=\"excerpt-hellip\"> [\u2026]<\/span><\/p>\n","protected":false},"featured_media":0,"template":"","meta":{"_monsterinsights_skip_tracking":false,"_monsterinsights_sitenote_active":false,"_monsterinsights_sitenote_note":"","_monsterinsights_sitenote_category":0},"product_brand":[],"product_cat":[12573,12566],"product_tag":[],"class_list":{"0":"post-698841","1":"product","2":"type-product","3":"status-publish","5":"product_cat-akademik-kitaplar","6":"product_cat-egitim","7":"pa_tur-kitap","8":"pa_yayinevi-siyasal-kitabevi-akademik-kitaplar","9":"pa_yazar-zerrin-toprak","11":"first","12":"instock","13":"sale","14":"shipping-taxable","15":"purchasable","16":"product-type-simple"},"_links":{"self":[{"href":"https:\/\/roveyayinevi.com.tr\/index.php\/wp-json\/wp\/v2\/product\/698841","targetHints":{"allow":["GET"]}}],"collection":[{"href":"https:\/\/roveyayinevi.com.tr\/index.php\/wp-json\/wp\/v2\/product"}],"about":[{"href":"https:\/\/roveyayinevi.com.tr\/index.php\/wp-json\/wp\/v2\/types\/product"}],"wp:attachment":[{"href":"https:\/\/roveyayinevi.com.tr\/index.php\/wp-json\/wp\/v2\/media?parent=698841"}],"wp:term":[{"taxonomy":"product_brand","embeddable":true,"href":"https:\/\/roveyayinevi.com.tr\/index.php\/wp-json\/wp\/v2\/product_brand?post=698841"},{"taxonomy":"product_cat","embeddable":true,"href":"https:\/\/roveyayinevi.com.tr\/index.php\/wp-json\/wp\/v2\/product_cat?post=698841"},{"taxonomy":"product_tag","embeddable":true,"href":"https:\/\/roveyayinevi.com.tr\/index.php\/wp-json\/wp\/v2\/product_tag?post=698841"}],"curies":[{"name":"wp","href":"https:\/\/api.w.org\/{rel}","templated":true}]}}