{"id":698840,"date":"2025-08-27T14:47:41","date_gmt":"2025-08-27T11:47:41","guid":{"rendered":"https:\/\/roveyayinevi.com.tr\/index.php\/urun\/yasal-kurtler\/"},"modified":"2026-01-29T02:14:51","modified_gmt":"2026-01-28T23:14:51","slug":"yasal-kurtler","status":"publish","type":"product","link":"https:\/\/roveyayinevi.com.tr\/index.php\/urun\/yasal-kurtler\/","title":{"rendered":"Yasal K\u00fcrtler"},"content":{"rendered":"<p>Yasal K\u00fcrtler K\u00fcrt siyasetinin T\u00fcrkiye\u2019deki ilk legal partisi olan Halk\u0131n Emek Partisi\u2019nden, se\u00e7im baraj\u0131n\u0131 ilk kez kendi kimli\u011fiyle a\u015fan ve meclise giren Halklar\u0131n Demokratik Partisi\u2019ne dek ge\u00e7en 25 y\u0131ll\u0131k siyasi gelene\u011fi t\u00fcm \u00e7\u0131plakl\u0131\u011f\u0131yla ortaya koyan bir \u00e7al\u0131\u015fmad\u0131r. Yasal K\u00fcrtler Bu g\u00fcne kadar kurulan HEP, \u00d6ZEP, \u00d6ZDEP, DEP, HADEP, DEHAP, \u00d6ZG\u00dcR PART\u0130, DTP, BDP, DBP ve HDP\u2019nin tarihsel olarak nas\u0131l bir d\u00f6nemden ge\u00e7ti\u011fini a\u00e7\u0131\u011fa \u00e7\u0131karan bir yap\u0131tt\u0131r. Yasal K\u00fcrtler K\u00fcrt parlamenterlerin meclisten yaka pa\u00e7a zorla al\u0131n\u0131p cezaevine g\u00f6t\u00fcr\u00fcl\u00fc\u015f\u00fcn\u00fc ve s\u00fcre\u00e7 i\u00e7inde K\u00fcrtlerin baraj\u0131 a\u015farak tekrar meclise nas\u0131l geldi\u011fini anlatan bir ser\u00fcvendir. Yasal K\u00fcrtler Asl\u0131nda g\u00fcn\u00fcm\u00fcz\u00fcn \u201cAnka Ku\u015fu\u201dnun \u00f6yk\u00fcs\u00fcd\u00fcr. K\u00fcrtlerin devletle kurdu\u011fu bir \u00f6tekilik ili\u015fkisidir. Okuduk\u00e7a bu \u00f6yk\u00fcn\u00fcn \u2018Z\u00fcmr\u00fcd\u00fcanka\u2019ya ne kadar benzedi\u011fini g\u00f6recek, her defas\u0131nda bir biti\u015f ve yeniden do\u011fu\u015fa tan\u0131k olacaks\u0131n\u0131z. <\/p>\n","protected":false},"excerpt":{"rendered":"<p>Yasal K\u00fcrtler K\u00fcrt siyasetinin T\u00fcrkiye\u2019deki ilk legal partisi olan Halk\u0131n Emek Partisi\u2019nden, se\u00e7im baraj\u0131n\u0131 ilk kez kendi kimli\u011fiyle a\u015fan ve meclise giren Halklar\u0131n Demokratik Partisi\u2019ne dek<span class=\"excerpt-hellip\"> [\u2026]<\/span><\/p>\n","protected":false},"featured_media":0,"template":"","meta":{"_monsterinsights_skip_tracking":false,"_monsterinsights_sitenote_active":false,"_monsterinsights_sitenote_note":"","_monsterinsights_sitenote_category":0},"product_brand":[],"product_cat":[12337,14543],"product_tag":[],"class_list":{"0":"post-698840","1":"product","2":"type-product","3":"status-publish","5":"product_cat-politika-siyaset","6":"product_cat-turkiye-siyaseti-ve-politikasi","7":"pa_cilt-ciltsiz","8":"pa_tur-kitap","9":"pa_yayinevi-utopya-yayinevi","10":"pa_yazar-eyyup-demir","12":"first","13":"instock","14":"sale","15":"shipping-taxable","16":"purchasable","17":"product-type-simple"},"_links":{"self":[{"href":"https:\/\/roveyayinevi.com.tr\/index.php\/wp-json\/wp\/v2\/product\/698840","targetHints":{"allow":["GET"]}}],"collection":[{"href":"https:\/\/roveyayinevi.com.tr\/index.php\/wp-json\/wp\/v2\/product"}],"about":[{"href":"https:\/\/roveyayinevi.com.tr\/index.php\/wp-json\/wp\/v2\/types\/product"}],"wp:attachment":[{"href":"https:\/\/roveyayinevi.com.tr\/index.php\/wp-json\/wp\/v2\/media?parent=698840"}],"wp:term":[{"taxonomy":"product_brand","embeddable":true,"href":"https:\/\/roveyayinevi.com.tr\/index.php\/wp-json\/wp\/v2\/product_brand?post=698840"},{"taxonomy":"product_cat","embeddable":true,"href":"https:\/\/roveyayinevi.com.tr\/index.php\/wp-json\/wp\/v2\/product_cat?post=698840"},{"taxonomy":"product_tag","embeddable":true,"href":"https:\/\/roveyayinevi.com.tr\/index.php\/wp-json\/wp\/v2\/product_tag?post=698840"}],"curies":[{"name":"wp","href":"https:\/\/api.w.org\/{rel}","templated":true}]}}