{"id":698838,"date":"2025-08-27T14:47:40","date_gmt":"2025-08-27T11:47:40","guid":{"rendered":"https:\/\/roveyayinevi.com.tr\/index.php\/urun\/national-geographic-kids-kedileri-anlama-kilavuzu\/"},"modified":"2026-04-16T02:08:19","modified_gmt":"2026-04-15T23:08:19","slug":"national-geographic-kids-kedileri-anlama-kilavuzu","status":"publish","type":"product","link":"https:\/\/roveyayinevi.com.tr\/index.php\/urun\/national-geographic-kids-kedileri-anlama-kilavuzu\/","title":{"rendered":"National Geographic Kids &#8211; Kedileri Anlama K\u0131lavuzu"},"content":{"rendered":"<p>Kedilerin gizemli ve \u00f6zg\u00fcrl\u00fcklerine d\u00fc\u015fk\u00fcn oldu\u011funu hepimiz biliriz ama en sad\u0131k kedilerin sahipleri bile kendi evcil hayvanlar\u0131n\u0131n baz\u0131 davran\u0131\u015flar\u0131na ak\u0131l s\u0131r erdiremez. Uzman veteriner Dr. Gary Weitzman\u2019in rehberli\u011finde, bu e\u011flenceli kitap \u00e7ocuklar\u0131n bir kedinin v\u00fccut dili ve davran\u0131\u015flar\u0131yla ne anlatmaya \u00e7al\u0131\u015ft\u0131\u011f\u0131n\u0131 anlamalar\u0131na yard\u0131mc\u0131 olacak. Kedileri Anlama K\u0131lavuzu, insano\u011flu ile kediler aras\u0131ndaki ileti\u015fim sorunlar\u0131n\u0131 k\u00f6kten \u00e7\u00f6zecek bir ba\u015fvuru kitab\u0131. Kedileri daha yak\u0131ndan tan\u0131maya ve pisi pisi dilini \u00e7\u00f6zmeye haz\u0131r m\u0131s\u0131n\u0131z? Bol kedili bir ser\u00fcven sizi bekliyor! Kedilere dair merak etti\u011finiz ne varsa bir \u00e7\u0131rp\u0131da \u00f6\u011freneceksiniz!<\/p>\n","protected":false},"excerpt":{"rendered":"<p>Kedilerin gizemli ve \u00f6zg\u00fcrl\u00fcklerine d\u00fc\u015fk\u00fcn oldu\u011funu hepimiz biliriz ama en sad\u0131k kedilerin sahipleri bile kendi evcil hayvanlar\u0131n\u0131n baz\u0131 davran\u0131\u015flar\u0131na ak\u0131l s\u0131r erdiremez. Uzman veteriner Dr. Gary<span class=\"excerpt-hellip\"> [\u2026]<\/span><\/p>\n","protected":false},"featured_media":0,"template":"","meta":{"_monsterinsights_skip_tracking":false,"_monsterinsights_sitenote_active":false,"_monsterinsights_sitenote_note":"","_monsterinsights_sitenote_category":0},"product_brand":[],"product_cat":[13005,37328],"product_tag":[],"class_list":{"0":"post-698838","1":"product","2":"type-product","3":"status-publish","5":"product_cat-bilim-muhendislik","6":"product_cat-diger-bilim-muhendislik","7":"pa_cilt-ciltsiz","8":"pa_tur-kitap","9":"pa_yayinevi-beta-kids","10":"pa_yazar-gary-weitzman","12":"first","13":"instock","14":"sale","15":"shipping-taxable","16":"purchasable","17":"product-type-simple"},"_links":{"self":[{"href":"https:\/\/roveyayinevi.com.tr\/index.php\/wp-json\/wp\/v2\/product\/698838","targetHints":{"allow":["GET"]}}],"collection":[{"href":"https:\/\/roveyayinevi.com.tr\/index.php\/wp-json\/wp\/v2\/product"}],"about":[{"href":"https:\/\/roveyayinevi.com.tr\/index.php\/wp-json\/wp\/v2\/types\/product"}],"wp:attachment":[{"href":"https:\/\/roveyayinevi.com.tr\/index.php\/wp-json\/wp\/v2\/media?parent=698838"}],"wp:term":[{"taxonomy":"product_brand","embeddable":true,"href":"https:\/\/roveyayinevi.com.tr\/index.php\/wp-json\/wp\/v2\/product_brand?post=698838"},{"taxonomy":"product_cat","embeddable":true,"href":"https:\/\/roveyayinevi.com.tr\/index.php\/wp-json\/wp\/v2\/product_cat?post=698838"},{"taxonomy":"product_tag","embeddable":true,"href":"https:\/\/roveyayinevi.com.tr\/index.php\/wp-json\/wp\/v2\/product_tag?post=698838"}],"curies":[{"name":"wp","href":"https:\/\/api.w.org\/{rel}","templated":true}]}}