{"id":698837,"date":"2025-08-27T14:47:40","date_gmt":"2025-08-27T11:47:40","guid":{"rendered":"https:\/\/roveyayinevi.com.tr\/index.php\/urun\/bizansin-yapi-ustalari\/"},"modified":"2026-04-16T02:08:19","modified_gmt":"2026-04-15T23:08:19","slug":"bizansin-yapi-ustalari","status":"publish","type":"product","link":"https:\/\/roveyayinevi.com.tr\/index.php\/urun\/bizansin-yapi-ustalari\/","title":{"rendered":"Bizans\u2019\u0131n Yap\u0131 Ustalar\u0131"},"content":{"rendered":"<p>Bizans mimarisini, a\u011f\u0131rl\u0131kl\u0131 olarak da dokuzuncu y\u00fczy\u0131lla on be\u015finci y\u00fczy\u0131l aras\u0131 Konstantinopolis b\u00f6lgesinde in\u015fa edilmi\u015f olan kiliseleri inceleyen Robert Ousterhout, tasar\u0131m ve in\u015faat s\u00fcre\u00e7lerinde en s\u0131k kar\u015f\u0131la\u015f\u0131lan sorunlar\u0131 tespit ediyor. Yaz\u0131l\u0131 kan\u0131tlar\u0131, arkeolojik kay\u0131tlar\u0131 ve \u00f6zellikle de ayakta kalm\u0131\u015f olan yap\u0131lar\u0131 analiz ederek Bizans mimarisinin, bilindi\u011finden \u00e7ok daha yarat\u0131c\u0131 ve yenilik\u00e7i oldu\u011fu sonucuna var\u0131yor. Ousterhout, ustalar\u0131n tu\u011fla ve har\u00e7tan \u00e7at\u0131 kiremitlerine, temellerden kubbelere kadar t\u00fcm malzemeleri nas\u0131l se\u00e7tiklerini, \u00fcrettiklerini ve kulland\u0131klar\u0131n\u0131 anlat\u0131yor. Zengin s\u00fcslerle dekore edilmi\u015f, mermer levhalar, mozaik ve fresklerle kapl\u0131 kilise i\u00e7 mek\u00e2nlar\u0131n\u0131, karma\u015f\u0131k ikonografik programlar\u0131yla birlikte, yap\u0131 ustas\u0131n\u0131n g\u00f6r\u00fc\u015fleri \u00e7er\u00e7evesinde konumland\u0131r\u0131yor. Ousterhout, ayn\u0131 zamanda Rusya, Balkanlar ve \u0130srail\u2019deki ustalara da de\u011finiyor.<\/p>\n","protected":false},"excerpt":{"rendered":"<p>Bizans mimarisini, a\u011f\u0131rl\u0131kl\u0131 olarak da dokuzuncu y\u00fczy\u0131lla on be\u015finci y\u00fczy\u0131l aras\u0131 Konstantinopolis b\u00f6lgesinde in\u015fa edilmi\u015f olan kiliseleri inceleyen Robert Ousterhout, tasar\u0131m ve in\u015faat s\u00fcre\u00e7lerinde en s\u0131k<span class=\"excerpt-hellip\"> [\u2026]<\/span><\/p>\n","protected":false},"featured_media":0,"template":"","meta":{"_monsterinsights_skip_tracking":false,"_monsterinsights_sitenote_active":false,"_monsterinsights_sitenote_note":"","_monsterinsights_sitenote_category":0},"product_brand":[],"product_cat":[13512,12408],"product_tag":[],"class_list":{"0":"post-698837","1":"product","2":"type-product","3":"status-publish","5":"product_cat-mimarlik","6":"product_cat-sanat","7":"pa_cilt-ciltsiz","8":"pa_tur-kitap","9":"pa_yayinevi-koc-universitesi-yayinlari","10":"pa_yazar-robert-ousterhout","12":"first","13":"instock","14":"sale","15":"shipping-taxable","16":"purchasable","17":"product-type-simple"},"_links":{"self":[{"href":"https:\/\/roveyayinevi.com.tr\/index.php\/wp-json\/wp\/v2\/product\/698837","targetHints":{"allow":["GET"]}}],"collection":[{"href":"https:\/\/roveyayinevi.com.tr\/index.php\/wp-json\/wp\/v2\/product"}],"about":[{"href":"https:\/\/roveyayinevi.com.tr\/index.php\/wp-json\/wp\/v2\/types\/product"}],"wp:attachment":[{"href":"https:\/\/roveyayinevi.com.tr\/index.php\/wp-json\/wp\/v2\/media?parent=698837"}],"wp:term":[{"taxonomy":"product_brand","embeddable":true,"href":"https:\/\/roveyayinevi.com.tr\/index.php\/wp-json\/wp\/v2\/product_brand?post=698837"},{"taxonomy":"product_cat","embeddable":true,"href":"https:\/\/roveyayinevi.com.tr\/index.php\/wp-json\/wp\/v2\/product_cat?post=698837"},{"taxonomy":"product_tag","embeddable":true,"href":"https:\/\/roveyayinevi.com.tr\/index.php\/wp-json\/wp\/v2\/product_tag?post=698837"}],"curies":[{"name":"wp","href":"https:\/\/api.w.org\/{rel}","templated":true}]}}