{"id":698832,"date":"2025-08-27T14:47:30","date_gmt":"2025-08-27T11:47:30","guid":{"rendered":"https:\/\/roveyayinevi.com.tr\/index.php\/urun\/cocuk-neyi-neden-yapar-2\/"},"modified":"2026-04-16T02:08:19","modified_gmt":"2026-04-15T23:08:19","slug":"cocuk-neyi-neden-yapar-2","status":"publish","type":"product","link":"https:\/\/roveyayinevi.com.tr\/index.php\/urun\/cocuk-neyi-neden-yapar-2\/","title":{"rendered":"\u00c7ocuk Neyi Neden Yapar? 2"},"content":{"rendered":"<p>\u00c7ocuk e\u011fitiminde;\u201cNeden a\u011flar?\u201d\u201cNeden s\u00f6z dinlemez?\u201d\u201cNeden \u015f\u0131mar\u0131r?\u201d\u201cNeden yemek yemez?\u201d\u201cNeden anneden ayr\u0131lmaz?\u201d\u201cNeden okula gitmek istemez?\u201d gibi pek \u00e7ok soruna cevap arar anne babalar.Bu ve daha fazla sorunlar ile kar\u015f\u0131la\u015ft\u0131\u011f\u0131nda, t\u00fcm ayr\u0131nt\u0131lar\u0131 ve \u00e7\u00f6z\u00fcm \u00f6nerilerini \u00f6\u011frenmek ve sa\u011fl\u0131kl\u0131 bir \u00e7\u00f6z\u00fcme kavu\u015fmak isterler. Bunun yan\u0131 s\u0131ra da; \u00e7ocukta tak\u0131nt\u0131lar\u0131n neden olu\u015ftu\u011fu, ona \u00f6l\u00fcm\u00fc nas\u0131l anlataca\u011f\u0131, namaz k\u0131lma ve Kur\u2019an \u00f6\u011frenme al\u0131\u015fkanl\u0131\u011f\u0131n\u0131 nas\u0131l kazand\u0131raca\u011f\u0131 gibi pek \u00e7ok sorunun da cevab\u0131n\u0131 merak ederler. \u0130\u015fte bu ve benzer sorular\u0131n ve sorunlar\u0131n cevaplar\u0131n\u0131 da bulabilece\u011finiz bir kitap: \u00c7ocuk Neyi Neden Yapar 2.Pedagog Dr. Adem G\u00fcne\u015f bu kitab\u0131, \u00e7ocuk davran\u0131\u015flar\u0131 anlama rehberinin bir ikincisi olarak haz\u0131rlad\u0131. \u0130\u015fte bu eser, \u00e7ocuk davran\u0131\u015flar\u0131n\u0131 anlamak isteyen her yeti\u015fkinin okumas\u0131 gereken sade ve pratik bir bilgi kayna\u011f\u0131 niteli\u011finde&#8230;<\/p>\n","protected":false},"excerpt":{"rendered":"<p>\u00c7ocuk e\u011fitiminde;\u201cNeden a\u011flar?\u201d\u201cNeden s\u00f6z dinlemez?\u201d\u201cNeden \u015f\u0131mar\u0131r?\u201d\u201cNeden yemek yemez?\u201d\u201cNeden anneden ayr\u0131lmaz?\u201d\u201cNeden okula gitmek istemez?\u201d gibi pek \u00e7ok soruna cevap arar anne babalar.Bu ve daha fazla sorunlar ile<span class=\"excerpt-hellip\"> [\u2026]<\/span><\/p>\n","protected":false},"featured_media":0,"template":"","meta":{"_monsterinsights_skip_tracking":false,"_monsterinsights_sitenote_active":false,"_monsterinsights_sitenote_note":"","_monsterinsights_sitenote_category":0},"product_brand":[],"product_cat":[12679,12357],"product_tag":[],"class_list":{"0":"post-698832","1":"product","2":"type-product","3":"status-publish","5":"product_cat-cocuk-psikolojisi","6":"product_cat-psikoloji","7":"pa_cilt-ciltsiz","8":"pa_tur-kitap","9":"pa_yayinevi-nesil-yayinlari","10":"pa_yazar-adem-gunes","12":"first","13":"instock","14":"sale","15":"shipping-taxable","16":"purchasable","17":"product-type-simple"},"_links":{"self":[{"href":"https:\/\/roveyayinevi.com.tr\/index.php\/wp-json\/wp\/v2\/product\/698832","targetHints":{"allow":["GET"]}}],"collection":[{"href":"https:\/\/roveyayinevi.com.tr\/index.php\/wp-json\/wp\/v2\/product"}],"about":[{"href":"https:\/\/roveyayinevi.com.tr\/index.php\/wp-json\/wp\/v2\/types\/product"}],"wp:attachment":[{"href":"https:\/\/roveyayinevi.com.tr\/index.php\/wp-json\/wp\/v2\/media?parent=698832"}],"wp:term":[{"taxonomy":"product_brand","embeddable":true,"href":"https:\/\/roveyayinevi.com.tr\/index.php\/wp-json\/wp\/v2\/product_brand?post=698832"},{"taxonomy":"product_cat","embeddable":true,"href":"https:\/\/roveyayinevi.com.tr\/index.php\/wp-json\/wp\/v2\/product_cat?post=698832"},{"taxonomy":"product_tag","embeddable":true,"href":"https:\/\/roveyayinevi.com.tr\/index.php\/wp-json\/wp\/v2\/product_tag?post=698832"}],"curies":[{"name":"wp","href":"https:\/\/api.w.org\/{rel}","templated":true}]}}