{"id":698828,"date":"2025-08-27T14:47:29","date_gmt":"2025-08-27T11:47:29","guid":{"rendered":"https:\/\/roveyayinevi.com.tr\/index.php\/urun\/klise-hayatlar-matbaasi\/"},"modified":"2026-04-16T02:08:19","modified_gmt":"2026-04-15T23:08:19","slug":"klise-hayatlar-matbaasi","status":"publish","type":"product","link":"https:\/\/roveyayinevi.com.tr\/index.php\/urun\/klise-hayatlar-matbaasi\/","title":{"rendered":"Kli\u015fe Hayatlar Matbaas\u0131"},"content":{"rendered":"<p>Abim 8 Aral\u0131k 1968\u2019de d\u00fcnyaya geldi. Asl\u0131nda Zeytinburnu\u2019na geldi de, yine de global bakmak laz\u0131m. 1973 y\u0131l\u0131 bahar\u0131na kadar el bebek g\u00fcl bebek b\u00fcy\u00fcyen Can, benim do\u011fumumla, \u00f6nce sanayiye \u00e7\u0131rak verilmek istenmi\u015f, sonra \u201cdevlet okulunda ayn\u0131 \u00e7ileyi \u00e7eker nas\u0131lsa\u201d d\u00fc\u015f\u00fcncesiyle ilkokula ba\u015flat\u0131lm\u0131\u015ft\u0131r. Ben tabii 1973\u2019ten 2016\u2019ya kadar kendi biyografimle ilgilendi\u011fim i\u00e7in arada neler oldu\u011funu pek hat\u0131rlam\u0131yorum. Ancak kitab\u0131n\u0131n \u00e7\u0131kaca\u011f\u0131n\u0131 duyunca kitab\u0131n tasla\u011f\u0131na bak\u0131p anlad\u0131m ki me\u011fer ne g\u00fczel g\u00fcnlerimiz olmu\u015f. <\/p>\n","protected":false},"excerpt":{"rendered":"<p>Abim 8 Aral\u0131k 1968\u2019de d\u00fcnyaya geldi. Asl\u0131nda Zeytinburnu\u2019na geldi de, yine de global bakmak laz\u0131m. 1973 y\u0131l\u0131 bahar\u0131na kadar el bebek g\u00fcl bebek b\u00fcy\u00fcyen Can, benim<span class=\"excerpt-hellip\"> [\u2026]<\/span><\/p>\n","protected":false},"featured_media":0,"template":"","meta":{"_monsterinsights_skip_tracking":false,"_monsterinsights_sitenote_active":false,"_monsterinsights_sitenote_note":"","_monsterinsights_sitenote_category":0},"product_brand":[],"product_cat":[12291,12711],"product_tag":[],"class_list":{"0":"post-698828","1":"product","2":"type-product","3":"status-publish","5":"product_cat-edebiyat","6":"product_cat-roman-oyku","7":"pa_cilt-ciltsiz","8":"pa_tur-kitap","9":"pa_yayinevi-inkilap-kitabevi","10":"pa_yazar-can-yilmaz","12":"first","13":"instock","14":"sale","15":"shipping-taxable","16":"purchasable","17":"product-type-simple"},"_links":{"self":[{"href":"https:\/\/roveyayinevi.com.tr\/index.php\/wp-json\/wp\/v2\/product\/698828","targetHints":{"allow":["GET"]}}],"collection":[{"href":"https:\/\/roveyayinevi.com.tr\/index.php\/wp-json\/wp\/v2\/product"}],"about":[{"href":"https:\/\/roveyayinevi.com.tr\/index.php\/wp-json\/wp\/v2\/types\/product"}],"wp:attachment":[{"href":"https:\/\/roveyayinevi.com.tr\/index.php\/wp-json\/wp\/v2\/media?parent=698828"}],"wp:term":[{"taxonomy":"product_brand","embeddable":true,"href":"https:\/\/roveyayinevi.com.tr\/index.php\/wp-json\/wp\/v2\/product_brand?post=698828"},{"taxonomy":"product_cat","embeddable":true,"href":"https:\/\/roveyayinevi.com.tr\/index.php\/wp-json\/wp\/v2\/product_cat?post=698828"},{"taxonomy":"product_tag","embeddable":true,"href":"https:\/\/roveyayinevi.com.tr\/index.php\/wp-json\/wp\/v2\/product_tag?post=698828"}],"curies":[{"name":"wp","href":"https:\/\/api.w.org\/{rel}","templated":true}]}}