{"id":698826,"date":"2025-08-27T14:47:29","date_gmt":"2025-08-27T11:47:29","guid":{"rendered":"https:\/\/roveyayinevi.com.tr\/index.php\/urun\/felsefeye-giris-3\/"},"modified":"2026-04-16T02:08:19","modified_gmt":"2026-04-15T23:08:19","slug":"felsefeye-giris-3","status":"publish","type":"product","link":"https:\/\/roveyayinevi.com.tr\/index.php\/urun\/felsefeye-giris-3\/","title":{"rendered":"Felsefeye Giri\u015f"},"content":{"rendered":"<p>\u201cFelsefe nedir?\u201d sorusunun cevab\u0131 bu kitapta.D\u00fcnyan\u0131n hayal etti\u011finiz gibi olup olmad\u0131\u011f\u0131n\u0131 merak ettiyseniz, bu kitap tam size g\u00f6re. Felsefeye Giri\u015f a\u015fa\u011f\u0131daki ve benzeri sorulara yan\u0131t aramaktad\u0131r:  Tanr\u0131\u2019n\u0131n var oldu\u011funu ispatlayabilir misiniz?Do\u011fru ile yanl\u0131\u015f\u0131 nas\u0131l ay\u0131rt ederiz?Her \u015feyin bir nedeni var m\u0131?Konu\u015fma \u00f6zg\u00fcrl\u00fc\u011f\u00fcn\u00fcn s\u0131n\u0131rlar\u0131 nedir?E\u015fitlik nas\u0131l sa\u011flan\u0131r?\u00d6zg\u00fcrl\u00fck nedir?Bizim d\u0131\u015f\u0131m\u0131zda ger\u00e7ek bir d\u00fcnya var m\u0131?Bilimin nas\u0131l \u00e7al\u0131\u015ft\u0131\u011f\u0131n\u0131 biliyor musunuz?Zihniniz bedeninizden farkl\u0131 m\u0131d\u0131r? \u201cFelsefeye Giri\u015f, en \u00e7ok \u00f6nerilen felsefeye giri\u015f kitab\u0131 olmaya devam etmektedir. Bu kitaptan daha iyi bir felsefeye giri\u015f kitab\u0131 bulmak nerdeyse imk\u00e2ns\u0131z.\u201d   Stephen Law, The Philosophy Gym\u2019in yazar\u0131 \u201cNigel Warburton bu giri\u015f niteli\u011findeki kitab\u0131nda 60 kadar \u00f6nemli felsefi fikri masaya yat\u0131rarak ola\u011fan\u00fcst\u00fc ba\u015far\u0131l\u0131 ve anla\u015f\u0131l\u0131r bir bi\u00e7imde analiz ediyor.\u201d <\/p>\n","protected":false},"excerpt":{"rendered":"<p>\u201cFelsefe nedir?\u201d sorusunun cevab\u0131 bu kitapta.D\u00fcnyan\u0131n hayal etti\u011finiz gibi olup olmad\u0131\u011f\u0131n\u0131 merak ettiyseniz, bu kitap tam size g\u00f6re. Felsefeye Giri\u015f a\u015fa\u011f\u0131daki ve benzeri sorulara yan\u0131t aramaktad\u0131r:<span class=\"excerpt-hellip\"> [\u2026]<\/span><\/p>\n","protected":false},"featured_media":0,"template":"","meta":{"_monsterinsights_skip_tracking":false,"_monsterinsights_sitenote_active":false,"_monsterinsights_sitenote_note":"","_monsterinsights_sitenote_category":0},"product_brand":[],"product_cat":[12389,12388],"product_tag":[],"class_list":{"0":"post-698826","1":"product","2":"type-product","3":"status-publish","5":"product_cat-diger-felsefe","6":"product_cat-felsefe","7":"pa_cilt-ciltsiz","8":"pa_tur-kitap","9":"pa_yayinevi-alfa-yayinlari","10":"pa_yazar-nigel-warburton","12":"first","13":"instock","14":"sale","15":"shipping-taxable","16":"purchasable","17":"product-type-simple"},"_links":{"self":[{"href":"https:\/\/roveyayinevi.com.tr\/index.php\/wp-json\/wp\/v2\/product\/698826","targetHints":{"allow":["GET"]}}],"collection":[{"href":"https:\/\/roveyayinevi.com.tr\/index.php\/wp-json\/wp\/v2\/product"}],"about":[{"href":"https:\/\/roveyayinevi.com.tr\/index.php\/wp-json\/wp\/v2\/types\/product"}],"wp:attachment":[{"href":"https:\/\/roveyayinevi.com.tr\/index.php\/wp-json\/wp\/v2\/media?parent=698826"}],"wp:term":[{"taxonomy":"product_brand","embeddable":true,"href":"https:\/\/roveyayinevi.com.tr\/index.php\/wp-json\/wp\/v2\/product_brand?post=698826"},{"taxonomy":"product_cat","embeddable":true,"href":"https:\/\/roveyayinevi.com.tr\/index.php\/wp-json\/wp\/v2\/product_cat?post=698826"},{"taxonomy":"product_tag","embeddable":true,"href":"https:\/\/roveyayinevi.com.tr\/index.php\/wp-json\/wp\/v2\/product_tag?post=698826"}],"curies":[{"name":"wp","href":"https:\/\/api.w.org\/{rel}","templated":true}]}}