{"id":698822,"date":"2025-08-27T14:47:27","date_gmt":"2025-08-27T11:47:27","guid":{"rendered":"https:\/\/roveyayinevi.com.tr\/index.php\/urun\/ankarali-bulmacalar\/"},"modified":"2026-04-16T02:08:18","modified_gmt":"2026-04-15T23:08:18","slug":"ankarali-bulmacalar","status":"publish","type":"product","link":"https:\/\/roveyayinevi.com.tr\/index.php\/urun\/ankarali-bulmacalar\/","title":{"rendered":"Ankaral\u0131 Bulmacalar"},"content":{"rendered":"<p>Ankara\u2019ya ili\u015fkin kimi ayr\u0131nt\u0131lar\u0131 bulmaca karelerinde an\u0131msatmak ya da sorgulamak amac\u0131n\u0131 ta\u015f\u0131yan kitap iki b\u00f6l\u00fcmden olu\u015fmaktad\u0131r. \u0130lk b\u00f6l\u00fcmde Sava\u015f S\u00f6nmez\u2019in Cumhuriyet Gazetesi Ankara Eki\u2019nde 2002-2006 y\u0131llar\u0131 aras\u0131nda yay\u0131mlanan Ankara ile ilgili bulmacalar yer almakta. \u0130kinci b\u00f6l\u00fcmde ise bulmacalar\u0131n cevaplar\u0131yla birlikte, yazar\u0131n bulmacalarda sordu\u011fu baz\u0131 sorularla ilgili a\u00e7\u0131klamalar ve foto\u011fraflar yer almakta. <\/p>\n","protected":false},"excerpt":{"rendered":"<p>Ankara\u2019ya ili\u015fkin kimi ayr\u0131nt\u0131lar\u0131 bulmaca karelerinde an\u0131msatmak ya da sorgulamak amac\u0131n\u0131 ta\u015f\u0131yan kitap iki b\u00f6l\u00fcmden olu\u015fmaktad\u0131r. \u0130lk b\u00f6l\u00fcmde Sava\u015f S\u00f6nmez\u2019in Cumhuriyet Gazetesi Ankara Eki\u2019nde 2002-2006 y\u0131llar\u0131<span class=\"excerpt-hellip\"> [\u2026]<\/span><\/p>\n","protected":false},"featured_media":0,"template":"","meta":{"_monsterinsights_skip_tracking":false,"_monsterinsights_sitenote_active":false,"_monsterinsights_sitenote_note":"","_monsterinsights_sitenote_category":0},"product_brand":[],"product_cat":[16943,15563],"product_tag":[],"class_list":{"0":"post-698822","1":"product","2":"type-product","3":"status-publish","5":"product_cat-bilmeceler-bulmacalar","6":"product_cat-hobi","7":"pa_tur-kitap","8":"pa_yayinevi-vekam-koc-universitesi-vehbi-koc-ankara-arastirmalari-uygulama-ve-arastirma-merkezi","9":"pa_yazar-savas-sonmez","11":"first","12":"instock","13":"sale","14":"shipping-taxable","15":"purchasable","16":"product-type-simple"},"_links":{"self":[{"href":"https:\/\/roveyayinevi.com.tr\/index.php\/wp-json\/wp\/v2\/product\/698822","targetHints":{"allow":["GET"]}}],"collection":[{"href":"https:\/\/roveyayinevi.com.tr\/index.php\/wp-json\/wp\/v2\/product"}],"about":[{"href":"https:\/\/roveyayinevi.com.tr\/index.php\/wp-json\/wp\/v2\/types\/product"}],"wp:attachment":[{"href":"https:\/\/roveyayinevi.com.tr\/index.php\/wp-json\/wp\/v2\/media?parent=698822"}],"wp:term":[{"taxonomy":"product_brand","embeddable":true,"href":"https:\/\/roveyayinevi.com.tr\/index.php\/wp-json\/wp\/v2\/product_brand?post=698822"},{"taxonomy":"product_cat","embeddable":true,"href":"https:\/\/roveyayinevi.com.tr\/index.php\/wp-json\/wp\/v2\/product_cat?post=698822"},{"taxonomy":"product_tag","embeddable":true,"href":"https:\/\/roveyayinevi.com.tr\/index.php\/wp-json\/wp\/v2\/product_tag?post=698822"}],"curies":[{"name":"wp","href":"https:\/\/api.w.org\/{rel}","templated":true}]}}