{"id":698821,"date":"2025-08-27T14:47:27","date_gmt":"2025-08-27T11:47:27","guid":{"rendered":"https:\/\/roveyayinevi.com.tr\/index.php\/urun\/kultur-mekan-gazi-orman-ciftligi-ankara\/"},"modified":"2026-02-03T02:13:41","modified_gmt":"2026-02-02T23:13:41","slug":"kultur-mekan-gazi-orman-ciftligi-ankara","status":"publish","type":"product","link":"https:\/\/roveyayinevi.com.tr\/index.php\/urun\/kultur-mekan-gazi-orman-ciftligi-ankara\/","title":{"rendered":"K\u00fclt\u00fcr \/ Mekan &#8211; Gazi Orman \u00c7iftli\u011fi, Ankara"},"content":{"rendered":"<p>Atat\u00fcrk Orman \u00c7iftli\u011fi, modern tar\u0131m ve end\u00fcstriyel \u00fcretim tekniklerini bo\u015f zaman aktiviteleri ile birle\u015ftirerek bir kent \u00e7iftli\u011fi olarak geli\u015ftirilen ve T\u00fcrkiye Cumhuriyeti\u2019nin temel felsefesi olan yeni bir toplum yaratma ilkesini temsil eden benzersiz bir mekansal pratiktir. Bu sebeple onu de\u011ferlendirirken basit bir toprak problemi ya da miras konusu olarak ele almak indirgemeci bir yakla\u015f\u0131m olacakt\u0131r. <\/p>\n","protected":false},"excerpt":{"rendered":"<p>Atat\u00fcrk Orman \u00c7iftli\u011fi, modern tar\u0131m ve end\u00fcstriyel \u00fcretim tekniklerini bo\u015f zaman aktiviteleri ile birle\u015ftirerek bir kent \u00e7iftli\u011fi olarak geli\u015ftirilen ve T\u00fcrkiye Cumhuriyeti\u2019nin temel felsefesi olan yeni<span class=\"excerpt-hellip\"> [\u2026]<\/span><\/p>\n","protected":false},"featured_media":0,"template":"","meta":{"_monsterinsights_skip_tracking":false,"_monsterinsights_sitenote_active":false,"_monsterinsights_sitenote_note":"","_monsterinsights_sitenote_category":0},"product_brand":[],"product_cat":[13772,12364],"product_tag":[],"class_list":{"0":"post-698821","1":"product","2":"type-product","3":"status-publish","5":"product_cat-basvuru-kitaplari","6":"product_cat-genel-konular","7":"pa_tur-kitap","8":"pa_yayinevi-vekam-koc-universitesi-vehbi-koc-ankara-arastirmalari-uygulama-ve-arastirma-merkezi","9":"pa_yazar-ayse-duygu-kacar","11":"first","12":"instock","13":"sale","14":"shipping-taxable","15":"purchasable","16":"product-type-simple"},"_links":{"self":[{"href":"https:\/\/roveyayinevi.com.tr\/index.php\/wp-json\/wp\/v2\/product\/698821","targetHints":{"allow":["GET"]}}],"collection":[{"href":"https:\/\/roveyayinevi.com.tr\/index.php\/wp-json\/wp\/v2\/product"}],"about":[{"href":"https:\/\/roveyayinevi.com.tr\/index.php\/wp-json\/wp\/v2\/types\/product"}],"wp:attachment":[{"href":"https:\/\/roveyayinevi.com.tr\/index.php\/wp-json\/wp\/v2\/media?parent=698821"}],"wp:term":[{"taxonomy":"product_brand","embeddable":true,"href":"https:\/\/roveyayinevi.com.tr\/index.php\/wp-json\/wp\/v2\/product_brand?post=698821"},{"taxonomy":"product_cat","embeddable":true,"href":"https:\/\/roveyayinevi.com.tr\/index.php\/wp-json\/wp\/v2\/product_cat?post=698821"},{"taxonomy":"product_tag","embeddable":true,"href":"https:\/\/roveyayinevi.com.tr\/index.php\/wp-json\/wp\/v2\/product_tag?post=698821"}],"curies":[{"name":"wp","href":"https:\/\/api.w.org\/{rel}","templated":true}]}}