{"id":698820,"date":"2025-08-27T14:47:27","date_gmt":"2025-08-27T11:47:27","guid":{"rendered":"https:\/\/roveyayinevi.com.tr\/index.php\/urun\/radikal-demokrasi-kitlenin-biyopolitikasi-halkin-hegemonyasi\/"},"modified":"2026-04-16T02:08:18","modified_gmt":"2026-04-15T23:08:18","slug":"radikal-demokrasi-kitlenin-biyopolitikasi-halkin-hegemonyasi","status":"publish","type":"product","link":"https:\/\/roveyayinevi.com.tr\/index.php\/urun\/radikal-demokrasi-kitlenin-biyopolitikasi-halkin-hegemonyasi\/","title":{"rendered":"Radikal Demokrasi &#8211; Kitlenin Biyopolitikas\u0131 Halk\u0131n Hegemonyas\u0131"},"content":{"rendered":"<p>Kitlesel hareketler \u00e7a\u011fda\u015f siyasetin kal\u0131c\u0131 bir \u00f6zelli\u011fi haline geldi. Halk ayaklanmalar\u0131 ve \u201csivil toplum\u201dun y\u00fckseli\u015fi art\u0131k Do\u011fu Avrupa, Latin Amerika ve d\u00fcnyan\u0131n bir\u00e7ok yerinde otoriter rejimlerin sonu olarak kabul ediliyor ve daha \u00e7ok ara\u015ft\u0131r\u0131l\u0131yor. Yak\u0131n zamanda d\u00fcnyada \u00e7ok konu\u015fulan Arap Bahar\u0131, \u0130spanyol indignados, Yunan aganaktismenoi ve Occupy hareketleri asl\u0131nda benzer \u00f6zellikler g\u00f6steriyor: Hepsi sosyal medyay\u0131 etkin bir \u015fekilde kullan\u0131yor, kendi kendine organize olup eylemlerini s\u00fcrd\u00fcren do\u011frudan demokratik bir kat\u0131l\u0131m sa\u011fl\u0131yor. Hem lidersiz hem de sosyolojik ve ideolojik a\u00e7\u0131dan heterojen olan bu hareketlerin hepsi sabit g\u00fcndemleri ve ideolojileri reddediyor. \u0130\u015fte Alexandros Kioupkiolis ve Giorgos Katsambekis\u2019in edit\u00f6rl\u00fc\u011f\u00fcn\u00fc yapt\u0131\u011f\u0131 Radikal Demokrasi: Kitlenin Biyopolitikas\u0131, Halk\u0131n Hegemonyas\u0131 kitab\u0131n\u0131n yazarlar\u0131 da post-Marksizmin analitik ara\u00e7lar\u0131n\u0131 kullanarak bu \u00fc\u00e7 hareketi mercek alt\u0131na al\u0131yor. Bunu yaparken son d\u00f6nemdeki eylemler etraf\u0131nda geli\u015fen yenilik\u00e7i pratikleri ve fikirleri detayl\u0131 bir \u015fekilde inceleyip bunlar\u0131n demokrasiyi yeniden canland\u0131rma potansiyellerini tart\u0131\u015f\u0131yorlar. <\/p>\n","protected":false},"excerpt":{"rendered":"<p>Kitlesel hareketler \u00e7a\u011fda\u015f siyasetin kal\u0131c\u0131 bir \u00f6zelli\u011fi haline geldi. Halk ayaklanmalar\u0131 ve \u201csivil toplum\u201dun y\u00fckseli\u015fi art\u0131k Do\u011fu Avrupa, Latin Amerika ve d\u00fcnyan\u0131n bir\u00e7ok yerinde otoriter rejimlerin<span class=\"excerpt-hellip\"> [\u2026]<\/span><\/p>\n","protected":false},"featured_media":0,"template":"","meta":{"_monsterinsights_skip_tracking":false,"_monsterinsights_sitenote_active":false,"_monsterinsights_sitenote_note":"","_monsterinsights_sitenote_category":0},"product_brand":[],"product_cat":[12965,12337],"product_tag":[],"class_list":{"0":"post-698820","1":"product","2":"type-product","3":"status-publish","5":"product_cat-genel-politika","6":"product_cat-politika-siyaset","7":"pa_tur-kitap","8":"pa_yayinevi-koc-universitesi-yayinlari","9":"pa_yazar-giorgos-katsambekis","11":"first","12":"instock","13":"sale","14":"shipping-taxable","15":"purchasable","16":"product-type-simple"},"_links":{"self":[{"href":"https:\/\/roveyayinevi.com.tr\/index.php\/wp-json\/wp\/v2\/product\/698820","targetHints":{"allow":["GET"]}}],"collection":[{"href":"https:\/\/roveyayinevi.com.tr\/index.php\/wp-json\/wp\/v2\/product"}],"about":[{"href":"https:\/\/roveyayinevi.com.tr\/index.php\/wp-json\/wp\/v2\/types\/product"}],"wp:attachment":[{"href":"https:\/\/roveyayinevi.com.tr\/index.php\/wp-json\/wp\/v2\/media?parent=698820"}],"wp:term":[{"taxonomy":"product_brand","embeddable":true,"href":"https:\/\/roveyayinevi.com.tr\/index.php\/wp-json\/wp\/v2\/product_brand?post=698820"},{"taxonomy":"product_cat","embeddable":true,"href":"https:\/\/roveyayinevi.com.tr\/index.php\/wp-json\/wp\/v2\/product_cat?post=698820"},{"taxonomy":"product_tag","embeddable":true,"href":"https:\/\/roveyayinevi.com.tr\/index.php\/wp-json\/wp\/v2\/product_tag?post=698820"}],"curies":[{"name":"wp","href":"https:\/\/api.w.org\/{rel}","templated":true}]}}