{"id":698819,"date":"2025-08-27T14:47:27","date_gmt":"2025-08-27T11:47:27","guid":{"rendered":"https:\/\/roveyayinevi.com.tr\/index.php\/urun\/kadinlar\/"},"modified":"2026-01-29T02:14:51","modified_gmt":"2026-01-28T23:14:51","slug":"kadinlar","status":"publish","type":"product","link":"https:\/\/roveyayinevi.com.tr\/index.php\/urun\/kadinlar\/","title":{"rendered":"Kad\u0131nlar"},"content":{"rendered":"<p>Bu kitapta yer alan yaz\u0131lar, neo-liberalizmin yerli (ve kabul etmeli ki gelmi\u015f ge\u00e7mi\u015f en g\u00f6z\u00fckara, en kararl\u0131) tetik\u00e7isi AKP\u2019nin (toplumsal ya\u015fam\u0131 \u0130sl\u00e2m\u00eele\u015ftirmeye y\u00f6nelik) k\u00fclt\u00fcrel m\u00fcdahaleleri, \u00f6zellikle de bunlar\u0131n kad\u0131nlar \u00fczerindeki d\u00f6n\u00fc\u015ft\u00fcr\u00fcc\u00fc etkileri \u00fczerinde duruyor.Kapitalizm k\u00fclt\u00fcrel \u00f6zellik ve farkl\u0131l\u0131klar\u0131 kendisi i\u00e7in bir \u201cgirdi\u201dye d\u00f6n\u00fc\u015ft\u00fcreli beri k\u00fclt\u00fcrel alanda verilecek m\u00fccadeleler, iktisad\u00ee alan kadar \u00f6nem kazan\u0131yor, ya da daha do\u011fru bir deyi\u015fle, iktisad\u00ee ve k\u00fclt\u00fcrel m\u00fccadeleler i\u00e7i\u00e7e ge\u00e7iyor.\u201cKad\u0131nlar, \u0130sl\u00e2m, AKP ve \u00d6tesi\u201dnde yer alan yaz\u0131lar, AKP T\u00fcrkiyesi\u2019nde \u00e7e\u015fitli vesilelerle, iktidar partisinin iktisad\u00ee-siyasal ve k\u00fclt\u00fcrel \u00e7e\u015fitli m\u00fcdahalelerine tepki olarak kaleme al\u0131nd\u0131. Konular\u0131 farkl\u0131 olsa da, \u00e7o\u011fu belirli bir sorunu, AKP\u2019nin toplumsal ya\u015fam\u0131n dinselle\u015ftirilmesi yolundaki giri\u015fimlerini tart\u0131\u015fmay\u0131 hedefliyor.Kad\u0131n m\u00fccadelesini s\u0131n\u0131fsal m\u00fccadeleye i\u00e7kin, s\u0131n\u0131f m\u00fccadelesini ise salt iktisad\u00ee-siyasal olarak g\u00f6rmeye al\u0131\u015fk\u0131n indirgemeci yakla\u015f\u0131mlara oldu\u011fu kadar, onu k\u00fclt\u00fcralist bir toplumsal-cinsiyet (gender) perspektifiyle s\u0131n\u0131rland\u0131rmaya, bir kimlik problemati\u011fine indirgemeye \u00e7abalayan y\u00f6neli\u015flere kar\u015f\u0131, hayat\u0131n t\u00fcm ve\u00e7helerine dokunan, ve kad\u0131nlar\u0131n (iktisad\u00ee) yoksulla\u015f(t\u0131r\u0131l)mas\u0131na oldu\u011fu kadar, onlar\u0131n (toplumsal-k\u00fclt\u00fcrel) yoksunla\u015f(t\u0131r\u0131l)mas\u0131na da kar\u015f\u0131 duran b\u00fct\u00fcnc\u00fcl bir bak\u0131\u015f geli\u015ftirmeye \u00e7al\u0131\u015f\u0131yorlar.Bu ama\u00e7la yaz\u0131ld\u0131lar. Umar\u0131m ki b\u00f6yle okunurlar&#8230; <\/p>\n","protected":false},"excerpt":{"rendered":"<p>Bu kitapta yer alan yaz\u0131lar, neo-liberalizmin yerli (ve kabul etmeli ki gelmi\u015f ge\u00e7mi\u015f en g\u00f6z\u00fckara, en kararl\u0131) tetik\u00e7isi AKP\u2019nin (toplumsal ya\u015fam\u0131 \u0130sl\u00e2m\u00eele\u015ftirmeye y\u00f6nelik) k\u00fclt\u00fcrel m\u00fcdahaleleri, \u00f6zellikle<span class=\"excerpt-hellip\"> [\u2026]<\/span><\/p>\n","protected":false},"featured_media":0,"template":"","meta":{"_monsterinsights_skip_tracking":false,"_monsterinsights_sitenote_active":false,"_monsterinsights_sitenote_note":"","_monsterinsights_sitenote_category":0},"product_brand":[],"product_cat":[12337,14543],"product_tag":[],"class_list":{"0":"post-698819","1":"product","2":"type-product","3":"status-publish","5":"product_cat-politika-siyaset","6":"product_cat-turkiye-siyaseti-ve-politikasi","7":"pa_cilt-ciltsiz","8":"pa_tur-kitap","9":"pa_yayinevi-utopya-yayinevi","10":"pa_yazar-sibel-ozbudun","12":"first","13":"instock","14":"sale","15":"shipping-taxable","16":"purchasable","17":"product-type-simple"},"_links":{"self":[{"href":"https:\/\/roveyayinevi.com.tr\/index.php\/wp-json\/wp\/v2\/product\/698819","targetHints":{"allow":["GET"]}}],"collection":[{"href":"https:\/\/roveyayinevi.com.tr\/index.php\/wp-json\/wp\/v2\/product"}],"about":[{"href":"https:\/\/roveyayinevi.com.tr\/index.php\/wp-json\/wp\/v2\/types\/product"}],"wp:attachment":[{"href":"https:\/\/roveyayinevi.com.tr\/index.php\/wp-json\/wp\/v2\/media?parent=698819"}],"wp:term":[{"taxonomy":"product_brand","embeddable":true,"href":"https:\/\/roveyayinevi.com.tr\/index.php\/wp-json\/wp\/v2\/product_brand?post=698819"},{"taxonomy":"product_cat","embeddable":true,"href":"https:\/\/roveyayinevi.com.tr\/index.php\/wp-json\/wp\/v2\/product_cat?post=698819"},{"taxonomy":"product_tag","embeddable":true,"href":"https:\/\/roveyayinevi.com.tr\/index.php\/wp-json\/wp\/v2\/product_tag?post=698819"}],"curies":[{"name":"wp","href":"https:\/\/api.w.org\/{rel}","templated":true}]}}