{"id":698815,"date":"2025-08-27T14:47:25","date_gmt":"2025-08-27T11:47:25","guid":{"rendered":"https:\/\/roveyayinevi.com.tr\/index.php\/urun\/kisa-ortadogu-tarihi\/"},"modified":"2026-04-16T02:08:18","modified_gmt":"2026-04-15T23:08:18","slug":"kisa-ortadogu-tarihi","status":"publish","type":"product","link":"https:\/\/roveyayinevi.com.tr\/index.php\/urun\/kisa-ortadogu-tarihi\/","title":{"rendered":"K\u0131sa Ortado\u011fu Tarihi"},"content":{"rendered":"<p>K\u0131sa D\u00fcnya Tarihi ile ba\u015flayan K\u0131sa Tarih serisi K\u0131sa Ortado\u011fu Tarihi ile devam ediyor\u2026 \u0130lk insan, ilk tohum, ilk \u015fehir, ilk din, ilk sava\u015f, ilk imparatorluk\u2026 S\u00fcmerler, Akadlar, Persler, M\u0131s\u0131rl\u0131lar, Romal\u0131lar\u2026 Yahudiler, Hristiyanlar, M\u00fcsl\u00fcmanlar\u2026 Mekke, Medine, Kud\u00fcs, \u015eam, Ba\u011fdat, Kahire\u2026 T\u00fcrkler, \u0130ranl\u0131lar, Araplar, \u0130ngilizler, Frans\u0131zlar, Ruslar, Amerikal\u0131lar\u2026 S\u00fcnniler, \u015eiiler, Ha\u015fha\u015filer, Maruniler, Bat\u0131niler, Hariciler, Yezidiler, Aleviler\u2026 \ufffcTan\u0131t\u0131m Metni<\/p>\n","protected":false},"excerpt":{"rendered":"<p>K\u0131sa D\u00fcnya Tarihi ile ba\u015flayan K\u0131sa Tarih serisi K\u0131sa Ortado\u011fu Tarihi ile devam ediyor\u2026 \u0130lk insan, ilk tohum, ilk \u015fehir, ilk din, ilk sava\u015f, ilk imparatorluk\u2026<span class=\"excerpt-hellip\"> [\u2026]<\/span><\/p>\n","protected":false},"featured_media":0,"template":"","meta":{"_monsterinsights_skip_tracking":false,"_monsterinsights_sitenote_active":false,"_monsterinsights_sitenote_note":"","_monsterinsights_sitenote_category":0},"product_brand":[],"product_cat":[12370,12304],"product_tag":[],"class_list":{"0":"post-698815","1":"product","2":"type-product","3":"status-publish","5":"product_cat-arastirma-inceleme","6":"product_cat-tarih","7":"pa_cilt-ciltsiz","8":"pa_tur-kitap","9":"pa_yayinevi-timas-yayinlari","10":"pa_yazar-ali-cimen","12":"first","13":"instock","14":"sale","15":"shipping-taxable","16":"purchasable","17":"product-type-simple"},"_links":{"self":[{"href":"https:\/\/roveyayinevi.com.tr\/index.php\/wp-json\/wp\/v2\/product\/698815","targetHints":{"allow":["GET"]}}],"collection":[{"href":"https:\/\/roveyayinevi.com.tr\/index.php\/wp-json\/wp\/v2\/product"}],"about":[{"href":"https:\/\/roveyayinevi.com.tr\/index.php\/wp-json\/wp\/v2\/types\/product"}],"wp:attachment":[{"href":"https:\/\/roveyayinevi.com.tr\/index.php\/wp-json\/wp\/v2\/media?parent=698815"}],"wp:term":[{"taxonomy":"product_brand","embeddable":true,"href":"https:\/\/roveyayinevi.com.tr\/index.php\/wp-json\/wp\/v2\/product_brand?post=698815"},{"taxonomy":"product_cat","embeddable":true,"href":"https:\/\/roveyayinevi.com.tr\/index.php\/wp-json\/wp\/v2\/product_cat?post=698815"},{"taxonomy":"product_tag","embeddable":true,"href":"https:\/\/roveyayinevi.com.tr\/index.php\/wp-json\/wp\/v2\/product_tag?post=698815"}],"curies":[{"name":"wp","href":"https:\/\/api.w.org\/{rel}","templated":true}]}}