{"id":698808,"date":"2025-08-27T14:47:23","date_gmt":"2025-08-27T11:47:23","guid":{"rendered":"https:\/\/roveyayinevi.com.tr\/index.php\/urun\/gizli-orgutler-illuminati\/"},"modified":"2026-04-16T02:08:18","modified_gmt":"2026-04-15T23:08:18","slug":"gizli-orgutler-illuminati","status":"publish","type":"product","link":"https:\/\/roveyayinevi.com.tr\/index.php\/urun\/gizli-orgutler-illuminati\/","title":{"rendered":"Gizli \u00d6rg\u00fctler \u0130lluminati"},"content":{"rendered":"<p>\u201cS\u0131rr\u0131 olmayan bir \u015feyin \u00e7ekicili\u011fi de yoktur.\u201d Anatole France \u201cD\u00fcnyay\u0131 y\u00f6neten birileri var m\u0131?\u201d Devletlerin, milletlerin kaderinin ellerinde tutmak, tarihi y\u00f6netmek isteyen birileri\u2026 Hep merak edilen, ancak s\u0131r olmaktan \u00f6teye gidemeyen gizli \u00f6rg\u00fctler, gizli efendiler\u2026 Ya bunlar aras\u0131nda en merak edileni, \u0130lluminati\u2026 Kimdir kendilerine \u0130lluminati ad\u0131n\u0131 veren bu topluluk? Gizli bir karde\u015flik \u00f6rg\u00fct\u00fc d\u00fcnyay\u0131 ger\u00e7ekten kontrol alt\u0131na almak m\u0131 istiyor? Yoksa t\u00fcm bunlar s\u00f6ylence, komplo ve efsaneden mi ibarettir? B\u00fcrokrasiden, siyasete, askeriyeden, adli makamlara, medya patronlar\u0131ndan, b\u00fcy\u00fck \u00f6l\u00e7ekli ve \u00e7ok uluslu \u015firket sahip ve y\u00f6neticilerine kadar gizli say\u0131s\u0131z \u00fcyesi oldu\u011fu s\u00f6ylenen. Y\u00fczy\u0131llard\u0131r ayn\u0131 ama\u00e7 i\u00e7in \u00e7al\u0131\u015ft\u0131klar\u0131 d\u00fcnya \u00fczerindeki t\u00fcm mali ve idari kararlar\u0131 alarak, t\u00fcm yer\u00fcst\u00fc ve yer alt\u0131 kaynaklar\u0131n kontrol\u00fcn\u00fc tek ba\u015flar\u0131na ele ge\u00e7irmek, y\u00f6netmek iddias\u0131 ve amac\u0131 do\u011fru mu sizce? \u0130\u015fte bu kitap, komplo ve ger\u00e7ek aras\u0131nda s\u0131r olarak g\u00f6r\u00fclen gizemli d\u00fcnyan\u0131n kap\u0131s\u0131n\u0131 sizler i\u00e7in aral\u0131yor. <\/p>\n","protected":false},"excerpt":{"rendered":"<p>\u201cS\u0131rr\u0131 olmayan bir \u015feyin \u00e7ekicili\u011fi de yoktur.\u201d Anatole France \u201cD\u00fcnyay\u0131 y\u00f6neten birileri var m\u0131?\u201d Devletlerin, milletlerin kaderinin ellerinde tutmak, tarihi y\u00f6netmek isteyen birileri\u2026 Hep merak edilen,<span class=\"excerpt-hellip\"> [\u2026]<\/span><\/p>\n","protected":false},"featured_media":0,"template":"","meta":{"_monsterinsights_skip_tracking":false,"_monsterinsights_sitenote_active":false,"_monsterinsights_sitenote_note":"","_monsterinsights_sitenote_category":0},"product_brand":[],"product_cat":[12337,14543],"product_tag":[],"class_list":{"0":"post-698808","1":"product","2":"type-product","3":"status-publish","5":"product_cat-politika-siyaset","6":"product_cat-turkiye-siyaseti-ve-politikasi","7":"pa_cilt-ciltsiz","8":"pa_tur-kitap","9":"pa_yayinevi-kripto-basim-yayin","10":"pa_yazar-bora-iyiat","12":"first","13":"instock","14":"sale","15":"shipping-taxable","16":"purchasable","17":"product-type-simple"},"_links":{"self":[{"href":"https:\/\/roveyayinevi.com.tr\/index.php\/wp-json\/wp\/v2\/product\/698808","targetHints":{"allow":["GET"]}}],"collection":[{"href":"https:\/\/roveyayinevi.com.tr\/index.php\/wp-json\/wp\/v2\/product"}],"about":[{"href":"https:\/\/roveyayinevi.com.tr\/index.php\/wp-json\/wp\/v2\/types\/product"}],"wp:attachment":[{"href":"https:\/\/roveyayinevi.com.tr\/index.php\/wp-json\/wp\/v2\/media?parent=698808"}],"wp:term":[{"taxonomy":"product_brand","embeddable":true,"href":"https:\/\/roveyayinevi.com.tr\/index.php\/wp-json\/wp\/v2\/product_brand?post=698808"},{"taxonomy":"product_cat","embeddable":true,"href":"https:\/\/roveyayinevi.com.tr\/index.php\/wp-json\/wp\/v2\/product_cat?post=698808"},{"taxonomy":"product_tag","embeddable":true,"href":"https:\/\/roveyayinevi.com.tr\/index.php\/wp-json\/wp\/v2\/product_tag?post=698808"}],"curies":[{"name":"wp","href":"https:\/\/api.w.org\/{rel}","templated":true}]}}