{"id":698805,"date":"2025-08-27T14:47:23","date_gmt":"2025-08-27T11:47:23","guid":{"rendered":"https:\/\/roveyayinevi.com.tr\/index.php\/urun\/agitlar-ve-turkuler-1972-1983\/"},"modified":"2026-04-16T02:08:18","modified_gmt":"2026-04-15T23:08:18","slug":"agitlar-ve-turkuler-1972-1983","status":"publish","type":"product","link":"https:\/\/roveyayinevi.com.tr\/index.php\/urun\/agitlar-ve-turkuler-1972-1983\/","title":{"rendered":"A\u011f\u0131tlar ve T\u00fcrk\u00fcler 1972-1983"},"content":{"rendered":"<p>Umudumu hi\u00e7 ama hi\u00e7 yitirmedim. Ac\u0131lar\u0131ma ezdirmedim. \u015eiirlerimin bir k\u0131y\u0131c\u0131\u011f\u0131nda da sakl\u0131 tuttum. Ac\u0131 varsa onu duymak ba\u015fka, ac\u0131ya yenik d\u00fc\u015fmek ba\u015fka. Ac\u0131ya yenik de\u011filiz ne ben ne de \u015fiirim. G\u00fclten Ak\u0131n G\u00fclten Ak\u0131n&#8217;\u0131n toplu \u015fiirlerini \u00fc\u00e7 cilt halinde sunuyoruz. \u0130kinci ciltte \u015fairin yeni d\u00fczenlemesiyle A\u011f\u0131tlar ve T\u00fcrk\u00fcler (1976, Yeditepe \u015eiir Arma\u011fan\u0131) Seyran Destan\u0131 (1979), \u0130lahiler (1983), 42 G\u00fcn\u00fcn \u015eiirleri (1986) ve Mara\u015f&#8217;\u0131n ve \u00d6kke\u015f&#8217;in Destan\u0131 (1972, TRT \u00d6d\u00fcl\u00fc) yer al\u0131yor. G\u00fclten Ak\u0131n \u0131rma\u011f\u0131n\u0131n en co\u015fkulu c\u0131\u011f\u0131r\u0131n\u0131n sular\u0131: Sessizli\u011fin -sessiz \u00f6fkelerin de- dile gelmesi gibi, inceliklerin beden kazanmas\u0131 gibi, r\u00fczgarlar\u0131n mavi mavi esmesi gibi, billur gibi dizeler. \ufffcTan\u0131t\u0131m Metni<\/p>\n","protected":false},"excerpt":{"rendered":"<p>Umudumu hi\u00e7 ama hi\u00e7 yitirmedim. Ac\u0131lar\u0131ma ezdirmedim. \u015eiirlerimin bir k\u0131y\u0131c\u0131\u011f\u0131nda da sakl\u0131 tuttum. Ac\u0131 varsa onu duymak ba\u015fka, ac\u0131ya yenik d\u00fc\u015fmek ba\u015fka. Ac\u0131ya yenik de\u011filiz ne<span class=\"excerpt-hellip\"> [\u2026]<\/span><\/p>\n","protected":false},"featured_media":0,"template":"","meta":{"_monsterinsights_skip_tracking":false,"_monsterinsights_sitenote_active":false,"_monsterinsights_sitenote_note":"","_monsterinsights_sitenote_category":0},"product_brand":[],"product_cat":[12291,12292],"product_tag":[],"class_list":{"0":"post-698805","1":"product","2":"type-product","3":"status-publish","5":"product_cat-edebiyat","6":"product_cat-turk-edebiyati","7":"pa_cilt-ciltsiz","8":"pa_tur-kitap","9":"pa_yayinevi-yapi-kredi-yayinlari","10":"pa_yazar-gulten-akin","12":"first","13":"instock","14":"sale","15":"shipping-taxable","16":"purchasable","17":"product-type-simple"},"_links":{"self":[{"href":"https:\/\/roveyayinevi.com.tr\/index.php\/wp-json\/wp\/v2\/product\/698805","targetHints":{"allow":["GET"]}}],"collection":[{"href":"https:\/\/roveyayinevi.com.tr\/index.php\/wp-json\/wp\/v2\/product"}],"about":[{"href":"https:\/\/roveyayinevi.com.tr\/index.php\/wp-json\/wp\/v2\/types\/product"}],"wp:attachment":[{"href":"https:\/\/roveyayinevi.com.tr\/index.php\/wp-json\/wp\/v2\/media?parent=698805"}],"wp:term":[{"taxonomy":"product_brand","embeddable":true,"href":"https:\/\/roveyayinevi.com.tr\/index.php\/wp-json\/wp\/v2\/product_brand?post=698805"},{"taxonomy":"product_cat","embeddable":true,"href":"https:\/\/roveyayinevi.com.tr\/index.php\/wp-json\/wp\/v2\/product_cat?post=698805"},{"taxonomy":"product_tag","embeddable":true,"href":"https:\/\/roveyayinevi.com.tr\/index.php\/wp-json\/wp\/v2\/product_tag?post=698805"}],"curies":[{"name":"wp","href":"https:\/\/api.w.org\/{rel}","templated":true}]}}