{"id":698802,"date":"2025-08-27T14:47:22","date_gmt":"2025-08-27T11:47:22","guid":{"rendered":"https:\/\/roveyayinevi.com.tr\/index.php\/urun\/iran-degisen-ic-dinamikler-ve-turkiye-iran-iliskileri\/"},"modified":"2026-04-16T02:08:18","modified_gmt":"2026-04-15T23:08:18","slug":"iran-degisen-ic-dinamikler-ve-turkiye-iran-iliskileri","status":"publish","type":"product","link":"https:\/\/roveyayinevi.com.tr\/index.php\/urun\/iran-degisen-ic-dinamikler-ve-turkiye-iran-iliskileri\/","title":{"rendered":"\u0130ran: De\u011fi\u015fen \u0130\u00e7 Dinamikler ve T\u00fcrkiye-\u0130ran \u0130li\u015fkileri"},"content":{"rendered":"<p>Tarihi ve Toplumsal y\u00f6nleriyle \u0130RAN Hukuksal ve ekonomik y\u00f6nleriyle \u0130RAN T\u00fcrkiye-\u0130ran \u0130li\u015fkileri <\/p>\n","protected":false},"excerpt":{"rendered":"<p>Tarihi ve Toplumsal y\u00f6nleriyle \u0130RAN Hukuksal ve ekonomik y\u00f6nleriyle \u0130RAN T\u00fcrkiye-\u0130ran \u0130li\u015fkileri<\/p>\n","protected":false},"featured_media":0,"template":"","meta":{"_monsterinsights_skip_tracking":false,"_monsterinsights_sitenote_active":false,"_monsterinsights_sitenote_note":"","_monsterinsights_sitenote_category":0},"product_brand":[],"product_cat":[12291,17281],"product_tag":[],"class_list":{"0":"post-698802","1":"product","2":"type-product","3":"status-publish","5":"product_cat-edebiyat","6":"product_cat-ortadogu-arap-edebiyati","7":"pa_cilt-ciltsiz","8":"pa_tur-kitap","9":"pa_yayinevi-gazi-kitabevi","10":"pa_yazar-kolektif","12":"first","13":"instock","14":"sale","15":"shipping-taxable","16":"purchasable","17":"product-type-simple"},"_links":{"self":[{"href":"https:\/\/roveyayinevi.com.tr\/index.php\/wp-json\/wp\/v2\/product\/698802","targetHints":{"allow":["GET"]}}],"collection":[{"href":"https:\/\/roveyayinevi.com.tr\/index.php\/wp-json\/wp\/v2\/product"}],"about":[{"href":"https:\/\/roveyayinevi.com.tr\/index.php\/wp-json\/wp\/v2\/types\/product"}],"wp:attachment":[{"href":"https:\/\/roveyayinevi.com.tr\/index.php\/wp-json\/wp\/v2\/media?parent=698802"}],"wp:term":[{"taxonomy":"product_brand","embeddable":true,"href":"https:\/\/roveyayinevi.com.tr\/index.php\/wp-json\/wp\/v2\/product_brand?post=698802"},{"taxonomy":"product_cat","embeddable":true,"href":"https:\/\/roveyayinevi.com.tr\/index.php\/wp-json\/wp\/v2\/product_cat?post=698802"},{"taxonomy":"product_tag","embeddable":true,"href":"https:\/\/roveyayinevi.com.tr\/index.php\/wp-json\/wp\/v2\/product_tag?post=698802"}],"curies":[{"name":"wp","href":"https:\/\/api.w.org\/{rel}","templated":true}]}}