{"id":698801,"date":"2025-08-27T14:47:21","date_gmt":"2025-08-27T11:47:21","guid":{"rendered":"https:\/\/roveyayinevi.com.tr\/index.php\/urun\/babamin-yalnizligi\/"},"modified":"2025-11-22T03:01:49","modified_gmt":"2025-11-22T00:01:49","slug":"babamin-yalnizligi","status":"publish","type":"product","link":"https:\/\/roveyayinevi.com.tr\/index.php\/urun\/babamin-yalnizligi\/","title":{"rendered":"Babam\u0131n Yaln\u0131zl\u0131\u011f\u0131"},"content":{"rendered":"<p>D\u00fcnya babamdan, onun bizden uzakla\u015ft\u0131\u011f\u0131 gibi uzakla\u015ft\u0131. Biz onun r\u00fcyas\u0131 olduk. George Washington Crosby \u00f6l\u00fcm d\u00f6\u015fe\u011finde ac\u0131lar i\u00e7inde hal\u00fcsinasyonlar g\u00f6rmektedir. Yata\u011f\u0131n\u0131 \u00e7evreleyen duvarlar \u00e7\u00f6kmeye, pencereler mente\u015felerinden gev\u015femeye, tavan s\u0131vas\u0131 par\u00e7a par\u00e7a d\u00f6k\u00fclmeye ba\u015flar. Hayat\u0131n\u0131n enkaz\u0131d\u0131r i\u00e7ine g\u00f6m\u00fcld\u00fc\u011f\u00fc hat\u0131ralar mozai\u011fi: Gazete kup\u00fcrleri, par\u00e7alanan antika saatlerin yaylar\u0131 ve di\u015flileri, bir y\u00fcn ceket, pasl\u0131 aletler&#8230; Siyah gece bir kefen gibi \u00fczerini \u00f6rtm\u00fc\u015f, y\u0131ld\u0131zlar g\u00f6kten d\u00f6k\u00fclmeye ba\u015flam\u0131\u015ft\u0131r. George Washington Crosby\u2019nin son sekiz g\u00fcn\u00fcn\u00fc anlatan Babam\u0131n Yaln\u0131zl\u0131\u011f\u0131, kahraman\u0131n ge\u00e7mi\u015fine, epilepsi hastas\u0131 babas\u0131yla \u201ckuramad\u0131\u011f\u0131\u201d ili\u015fkisine, zaman\u0131n \u00e7arklar\u0131 aras\u0131nda ger\u00e7ekli\u011fini yitiren an\u0131lar\u0131na odaklan\u0131r. Ya\u015fam\u0131n ve \u00f6l\u00fcm\u00fcn k\u0131y\u0131s\u0131nda, zamandan ve mekandan ba\u011f\u0131ms\u0131z, saf hat\u0131ralar\u0131n ve haf\u0131zan\u0131n h\u00fck\u00fcm s\u00fcrd\u00fc\u011f\u00fc bir d\u00fcnyan\u0131n \u00fcrk\u00fct\u00fcc\u00fc g\u00fczellikteki tasviri: Babam\u0131n Yaln\u0131zl\u0131\u011f\u0131&#8230; \u201cNew England\u2019dan bir baba-o\u011fulun s\u0131n\u0131rl\u0131 hayatlar\u0131na, d\u00fcnyay\u0131 ve \u00f6l\u00fcml\u00fcl\u00fc\u011f\u00fc alg\u0131laman\u0131n yeni yollar\u0131n\u0131 sunan; h\u00fczn\u00fcyle ne\u015fesiyle ya\u015fama ger\u00e7ek bir \u00f6vg\u00fc.\u201d \u2014 Pulitzer Edebiyat \u00d6d\u00fcl\u00fc se\u00e7ici kurulu \u201cBabam\u0131n Yaln\u0131zl\u0131\u011f\u0131 her okurun vakit ay\u0131rmas\u0131 gereken bir kitap. Kay\u0131plar, aile ba\u011flar\u0131 ve -Faulkner\u2019\u0131n da s\u00f6yledi\u011fi gibi- asla ge\u00e7mi\u015fte kalmayan ge\u00e7mi\u015fin varl\u0131\u011f\u0131 \u00fczerine bir i\u00e7e d\u00f6n\u00fc\u015f, bir yolculuk&#8230;\u201d \u2014 The Guardian \u201cOla\u011fan\u00fcst\u00fc&#8230; Bu kitab\u0131n ger\u00e7ek y\u0131ld\u0131z\u0131 Harding\u2019in dili; ister saatlerin i\u015fleyi\u015fini anlats\u0131n ister bir ku\u015f yuvas\u0131n\u0131n nas\u0131l in\u015fa edilece\u011fini [&#8230;] bu dil, her yerde \u0131\u015f\u0131l \u0131\u015f\u0131l kendini g\u00f6steriyor. \u00d6zellikle roman i\u015f\u00e7ili\u011fi a\u00e7\u0131s\u0131ndan g\u00f6z kama\u015ft\u0131r\u0131c\u0131 bir \u00f6rnek.\u201d \u2014 Publishers Weekly \u201cMuhte\u015fem Whitmanesk tasvirleriyle bu k\u00fc\u00e7\u00fck roman, s\u0131radan adamlar\u0131n ola\u011fan\u00fcst\u00fc d\u00fc\u015f\u00fcncelerine hayat veriyor.\u201d \u2014 Kirkus Reviews <\/p>\n","protected":false},"excerpt":{"rendered":"<p>D\u00fcnya babamdan, onun bizden uzakla\u015ft\u0131\u011f\u0131 gibi uzakla\u015ft\u0131. Biz onun r\u00fcyas\u0131 olduk. George Washington Crosby \u00f6l\u00fcm d\u00f6\u015fe\u011finde ac\u0131lar i\u00e7inde hal\u00fcsinasyonlar g\u00f6rmektedir. Yata\u011f\u0131n\u0131 \u00e7evreleyen duvarlar \u00e7\u00f6kmeye, pencereler mente\u015felerinden<span class=\"excerpt-hellip\"> [\u2026]<\/span><\/p>\n","protected":false},"featured_media":0,"template":"","meta":{"_monsterinsights_skip_tracking":false,"_monsterinsights_sitenote_active":false,"_monsterinsights_sitenote_note":"","_monsterinsights_sitenote_category":0},"product_brand":[],"product_cat":[12291,12292],"product_tag":[],"class_list":{"0":"post-698801","1":"product","2":"type-product","3":"status-publish","5":"product_cat-edebiyat","6":"product_cat-turk-edebiyati","7":"pa_tur-kitap","8":"pa_yayinevi-timas-yayinlari","9":"pa_yazar-paul-harding","11":"first","12":"instock","13":"sale","14":"shipping-taxable","15":"purchasable","16":"product-type-simple"},"_links":{"self":[{"href":"https:\/\/roveyayinevi.com.tr\/index.php\/wp-json\/wp\/v2\/product\/698801","targetHints":{"allow":["GET"]}}],"collection":[{"href":"https:\/\/roveyayinevi.com.tr\/index.php\/wp-json\/wp\/v2\/product"}],"about":[{"href":"https:\/\/roveyayinevi.com.tr\/index.php\/wp-json\/wp\/v2\/types\/product"}],"wp:attachment":[{"href":"https:\/\/roveyayinevi.com.tr\/index.php\/wp-json\/wp\/v2\/media?parent=698801"}],"wp:term":[{"taxonomy":"product_brand","embeddable":true,"href":"https:\/\/roveyayinevi.com.tr\/index.php\/wp-json\/wp\/v2\/product_brand?post=698801"},{"taxonomy":"product_cat","embeddable":true,"href":"https:\/\/roveyayinevi.com.tr\/index.php\/wp-json\/wp\/v2\/product_cat?post=698801"},{"taxonomy":"product_tag","embeddable":true,"href":"https:\/\/roveyayinevi.com.tr\/index.php\/wp-json\/wp\/v2\/product_tag?post=698801"}],"curies":[{"name":"wp","href":"https:\/\/api.w.org\/{rel}","templated":true}]}}