{"id":698800,"date":"2025-08-27T14:47:21","date_gmt":"2025-08-27T11:47:21","guid":{"rendered":"https:\/\/roveyayinevi.com.tr\/index.php\/urun\/49-numarali-parcanin-nidasi\/"},"modified":"2025-11-22T03:01:49","modified_gmt":"2025-11-22T00:01:49","slug":"49-numarali-parcanin-nidasi","status":"publish","type":"product","link":"https:\/\/roveyayinevi.com.tr\/index.php\/urun\/49-numarali-parcanin-nidasi\/","title":{"rendered":"49 Numaral\u0131 Par\u00e7an\u0131n Nidas\u0131"},"content":{"rendered":"<p>Uyu\u015fturucu k\u00fclt\u00fcr\u00fc, Vietnam Sava\u015f\u0131, John F. Kennedy ve Martin Luther King cinayetleri, kad\u0131n haklar\u0131 m\u00fccadelesi&#8230; Uyu\u015fturuculara, komplo teorilerine, hayallere ve hal\u00fcsinasyonlara dayal\u0131 bir d\u00fcnya&#8230; Postmodern edebiyat\u0131n \u00fcstad\u0131, Nobel Edebiyat \u00d6d\u00fcl\u00fc kulislerinde ad\u0131 s\u0131kl\u0131kla ge\u00e7en gizemli yazar Thomas Pynchon, ses getiren romanlar\u0131ndan biri olan 49 Numaral\u0131 Par\u00e7an\u0131n Nidas\u0131 ile T\u00fcrk\u00e7ede! <\/p>\n","protected":false},"excerpt":{"rendered":"<p>Uyu\u015fturucu k\u00fclt\u00fcr\u00fc, Vietnam Sava\u015f\u0131, John F. Kennedy ve Martin Luther King cinayetleri, kad\u0131n haklar\u0131 m\u00fccadelesi&#8230; Uyu\u015fturuculara, komplo teorilerine, hayallere ve hal\u00fcsinasyonlara dayal\u0131 bir d\u00fcnya&#8230; Postmodern edebiyat\u0131n<span class=\"excerpt-hellip\"> [\u2026]<\/span><\/p>\n","protected":false},"featured_media":0,"template":"","meta":{"_monsterinsights_skip_tracking":false,"_monsterinsights_sitenote_active":false,"_monsterinsights_sitenote_note":"","_monsterinsights_sitenote_category":0},"product_brand":[],"product_cat":[12891,12291],"product_tag":[],"class_list":{"0":"post-698800","1":"product","2":"type-product","3":"status-publish","5":"product_cat-amerikan-edebiyati","6":"product_cat-edebiyat","7":"pa_cilt-ciltsiz","8":"pa_tur-kitap","9":"pa_yayinevi-ithaki-yayinlari","10":"pa_yazar-thomas-pynchon","12":"first","13":"instock","14":"sale","15":"shipping-taxable","16":"purchasable","17":"product-type-simple"},"_links":{"self":[{"href":"https:\/\/roveyayinevi.com.tr\/index.php\/wp-json\/wp\/v2\/product\/698800","targetHints":{"allow":["GET"]}}],"collection":[{"href":"https:\/\/roveyayinevi.com.tr\/index.php\/wp-json\/wp\/v2\/product"}],"about":[{"href":"https:\/\/roveyayinevi.com.tr\/index.php\/wp-json\/wp\/v2\/types\/product"}],"wp:attachment":[{"href":"https:\/\/roveyayinevi.com.tr\/index.php\/wp-json\/wp\/v2\/media?parent=698800"}],"wp:term":[{"taxonomy":"product_brand","embeddable":true,"href":"https:\/\/roveyayinevi.com.tr\/index.php\/wp-json\/wp\/v2\/product_brand?post=698800"},{"taxonomy":"product_cat","embeddable":true,"href":"https:\/\/roveyayinevi.com.tr\/index.php\/wp-json\/wp\/v2\/product_cat?post=698800"},{"taxonomy":"product_tag","embeddable":true,"href":"https:\/\/roveyayinevi.com.tr\/index.php\/wp-json\/wp\/v2\/product_tag?post=698800"}],"curies":[{"name":"wp","href":"https:\/\/api.w.org\/{rel}","templated":true}]}}