{"id":698799,"date":"2025-08-27T14:47:21","date_gmt":"2025-08-27T11:47:21","guid":{"rendered":"https:\/\/roveyayinevi.com.tr\/index.php\/urun\/kurumlariyla-ve-oyunlariyla-kuresel-somuru\/"},"modified":"2026-04-16T02:08:18","modified_gmt":"2026-04-15T23:08:18","slug":"kurumlariyla-ve-oyunlariyla-kuresel-somuru","status":"publish","type":"product","link":"https:\/\/roveyayinevi.com.tr\/index.php\/urun\/kurumlariyla-ve-oyunlariyla-kuresel-somuru\/","title":{"rendered":"Kurumlar\u0131yla ve Oyunlar\u0131yla K\u00fcresel S\u00f6m\u00fcr\u00fc"},"content":{"rendered":"<p>&#8211; ABD\u2019nin hem kendi hem de d\u00fcnya dengelerini bozan s\u00f6m\u00fcr\u00fc ve ku\u015fatma politikalar\u0131 nelerdir? &#8211; K\u00fcresel sistemin \u015feytanlar\u0131 neler yapar ve nerede ikamet ederler? &#8211; WTO, Federal Reserve, IMF, D\u00fcnya Bankas\u0131, Bilderberg, Trilateral, RAND, Pentagon, think tank kurumlar\u0131 vs. gibi k\u00fcresel te\u015fekk\u00fcller neden d\u00fcnya i\u00e7in tehlikeli kurumlard\u0131r? &#8211; Avrupa Birli\u011fi k\u00fcresel bir g\u00fc\u00e7 m\u00fc k\u00fcresel bir tehlike mi ve bu birli\u011fin ipleri kimlerin elinde? &#8211; Rothschild, Rockefeller, Bush gibi ailelerinin ger\u00e7ek kimli\u011fi ve niyetleri nedir? &#8211; ABD ba\u015fkanlar\u0131 k\u00fcresel g\u00fc\u00e7ler taraf\u0131ndan nas\u0131l ku\u015fat\u0131ld\u0131? &#8211; Rusya\u2019n\u0131n ve Putin\u2019in enerji politikalar\u0131 ve de\u011fi\u015fen enerji dengeleri nelerdir? &#8211; ABD ve CIA g\u00fcd\u00fcml\u00fc medyan\u0131n karanl\u0131k y\u00fcz\u00fc neleri ve kimleri bar\u0131nd\u0131r\u0131yor? &#8211; ABD istihbarat\u0131 sosyal medyay\u0131 nas\u0131l kullan\u0131yor? &#8211; T\u00fcm d\u00fcnyada sessiz sava\u015flar ve istila nas\u0131l ba\u015flad\u0131? &#8211; K\u00fcresel yalanlarla yap\u0131lan i\u015fgallerin ve oyunlar\u0131n perde arkas\u0131nda kimler var? &#8211; Irak\u2019\u0131n, Libya\u2019n\u0131n, Yemen\u2019in ve Suriye\u2019nin suyu d\u00fczmece yalanlarla nas\u0131l \u0131s\u0131t\u0131ld\u0131? &#8211; ABD\u2019nin d\u00fc\u015fman\u0131 ger\u00e7ekten kim? Bize d\u00fc\u015fman diye g\u00f6sterilenler ger\u00e7ekte kim? &#8211; ABD ve CIA dini, cemaatleri ve din\u00ee liderleri nas\u0131l kullan\u0131yor? &#8211; Ter\u00f6rizm silah\u0131yla nas\u0131l alg\u0131 m\u00fchendisli\u011fi yap\u0131l\u0131yor? &#8211; Gelecekte bizi ve d\u00fcnyay\u0131 neler bekliyor? &#8211; D\u00fcnyay\u0131 kaosa ve adaletsizli\u011fe s\u00fcr\u00fckleyen sistem k\u0131saca nas\u0131l \u00e7al\u0131\u015f\u0131r? <\/p>\n","protected":false},"excerpt":{"rendered":"<p>&#8211; ABD\u2019nin hem kendi hem de d\u00fcnya dengelerini bozan s\u00f6m\u00fcr\u00fc ve ku\u015fatma politikalar\u0131 nelerdir? &#8211; K\u00fcresel sistemin \u015feytanlar\u0131 neler yapar ve nerede ikamet ederler? &#8211; WTO,<span class=\"excerpt-hellip\"> [\u2026]<\/span><\/p>\n","protected":false},"featured_media":0,"template":"","meta":{"_monsterinsights_skip_tracking":false,"_monsterinsights_sitenote_active":false,"_monsterinsights_sitenote_note":"","_monsterinsights_sitenote_category":0},"product_brand":[],"product_cat":[13590,12337],"product_tag":[],"class_list":{"0":"post-698799","1":"product","2":"type-product","3":"status-publish","5":"product_cat-arastirma-inceleme-politika-siyaset","6":"product_cat-politika-siyaset","7":"pa_cilt-ciltsiz","8":"pa_tur-kitap","9":"pa_yayinevi-atac-yayinlari","10":"pa_yazar-ismail-tokalak","12":"first","13":"instock","14":"sale","15":"shipping-taxable","16":"purchasable","17":"product-type-simple"},"_links":{"self":[{"href":"https:\/\/roveyayinevi.com.tr\/index.php\/wp-json\/wp\/v2\/product\/698799","targetHints":{"allow":["GET"]}}],"collection":[{"href":"https:\/\/roveyayinevi.com.tr\/index.php\/wp-json\/wp\/v2\/product"}],"about":[{"href":"https:\/\/roveyayinevi.com.tr\/index.php\/wp-json\/wp\/v2\/types\/product"}],"wp:attachment":[{"href":"https:\/\/roveyayinevi.com.tr\/index.php\/wp-json\/wp\/v2\/media?parent=698799"}],"wp:term":[{"taxonomy":"product_brand","embeddable":true,"href":"https:\/\/roveyayinevi.com.tr\/index.php\/wp-json\/wp\/v2\/product_brand?post=698799"},{"taxonomy":"product_cat","embeddable":true,"href":"https:\/\/roveyayinevi.com.tr\/index.php\/wp-json\/wp\/v2\/product_cat?post=698799"},{"taxonomy":"product_tag","embeddable":true,"href":"https:\/\/roveyayinevi.com.tr\/index.php\/wp-json\/wp\/v2\/product_tag?post=698799"}],"curies":[{"name":"wp","href":"https:\/\/api.w.org\/{rel}","templated":true}]}}