{"id":698798,"date":"2025-08-27T14:47:21","date_gmt":"2025-08-27T11:47:21","guid":{"rendered":"https:\/\/roveyayinevi.com.tr\/index.php\/urun\/hayvanlarin-gizemli-dunyasi\/"},"modified":"2026-04-16T02:08:18","modified_gmt":"2026-04-15T23:08:18","slug":"hayvanlarin-gizemli-dunyasi","status":"publish","type":"product","link":"https:\/\/roveyayinevi.com.tr\/index.php\/urun\/hayvanlarin-gizemli-dunyasi\/","title":{"rendered":"Hayvanlar\u0131n Gizemli D\u00fcnyas\u0131"},"content":{"rendered":"<p>Hayvanlar\u0131n davran\u0131\u015flar\u0131n\u0131n tamam\u0131yla i\u00e7g\u00fcd\u00fcsel mi, yoksa belirli d\u00fc\u015f\u00fcnsel aktivitelere ba\u011fl\u0131 olarak m\u0131 ger\u00e7ekle\u015fti\u011fi sorusu \u00e7ok eski zamanlardan itibaren bilim d\u00fcnyas\u0131n\u0131n konusu olmu\u015ftur. Uzun y\u0131llar boyunca hayvanlar\u0131n \u00f6nceden programlanm\u0131\u015f basit i\u00e7g\u00fcd\u00fclerle hareket ettikleri varsay\u0131lm\u0131\u015ft\u0131. Ancak yak\u0131n zamanda yap\u0131lan ara\u015ft\u0131rmalar g\u00f6steriyor ki hayvanlar d\u00fc\u015f\u00fcnd\u00fc\u011f\u00fcm\u00fczden \u00e7ok daha zekiler, problem \u00e7\u00f6zebiliyorlar, i\u015fbirli\u011fi yapabiliyorlar. Hatta bunlar\u0131n da \u00f6tesinde bizlerin sahip olmad\u0131klar\u0131 ola\u011fan\u00fcst\u00fc yeteneklere sahip olduklar\u0131 art\u0131k net bir \u015fekilde anla\u015f\u0131lm\u0131\u015f bulunmaktad\u0131r. Yine yap\u0131lan ara\u015ft\u0131rmalar ve g\u00f6zlemler hayvanlar\u0131n pek\u00e7o\u011funun parapsi\u015fik yeteneklerle de donat\u0131lm\u0131\u015f oldu\u011funu g\u00f6stermi\u015ftir. \u0130nsan\u0131n kendini evrenin merkezi ve efendisi kabul eden yakla\u015f\u0131m\u0131ndan s\u0131yr\u0131l\u0131p canl\u0131 cans\u0131z t\u00fcm varl\u0131klarla ileti\u015fimin, b\u00fct\u00fcnsel bir varolu\u015fun par\u00e7as\u0131 oldu\u011funu anlamas\u0131 hayvanlarla, do\u011fayla daha yak\u0131n, derin ba\u011f kurmas\u0131yla m\u00fcmk\u00fcn. Hayvanlar\u0131n ola\u011fan\u00fcst\u00fc \u00e7e\u015fitlilikteki \u00f6zelliklerini, davran\u0131\u015flar\u0131n\u0131 incelemek, bunlara tan\u0131k olmak do\u011fayla, varolu\u015fla ve kendimizle olan ba\u011flar\u0131m\u0131z\u0131 yenilemenin en iyi yollar\u0131ndan biridir. Ezoterik sembollerde de baz\u0131 hayvanlar\u0131n kullan\u0131lm\u0131\u015f olmas\u0131 da konunun bir di\u011fer d\u00fc\u015f\u00fcn\u00fclmesi gereken y\u00f6n\u00fcd\u00fcr.Hayvanlar\u0131n gizemli d\u00fcnyas\u0131 bir\u00e7ok gizeme \u0131\u015f\u0131k tutacak bilgilerle doludur. \u0130lgiyle okuyaca\u011f\u0131n\u0131z\u0131 d\u00fc\u015f\u00fcn\u00fcyoruz\u2026 \ufffc<\/p>\n","protected":false},"excerpt":{"rendered":"<p>Hayvanlar\u0131n davran\u0131\u015flar\u0131n\u0131n tamam\u0131yla i\u00e7g\u00fcd\u00fcsel mi, yoksa belirli d\u00fc\u015f\u00fcnsel aktivitelere ba\u011fl\u0131 olarak m\u0131 ger\u00e7ekle\u015fti\u011fi sorusu \u00e7ok eski zamanlardan itibaren bilim d\u00fcnyas\u0131n\u0131n konusu olmu\u015ftur. Uzun y\u0131llar boyunca hayvanlar\u0131n<span class=\"excerpt-hellip\"> [\u2026]<\/span><\/p>\n","protected":false},"featured_media":0,"template":"","meta":{"_monsterinsights_skip_tracking":false,"_monsterinsights_sitenote_active":false,"_monsterinsights_sitenote_note":"","_monsterinsights_sitenote_category":0},"product_brand":[],"product_cat":[12365,12364],"product_tag":[],"class_list":{"0":"post-698798","1":"product","2":"type-product","3":"status-publish","5":"product_cat-diger-genel-konular","6":"product_cat-genel-konular","7":"pa_cilt-ciltsiz","8":"pa_tur-kitap","9":"pa_yayinevi-sinir-otesi-yayinlari","10":"pa_yazar-kolektif","12":"first","13":"instock","14":"sale","15":"shipping-taxable","16":"purchasable","17":"product-type-simple"},"_links":{"self":[{"href":"https:\/\/roveyayinevi.com.tr\/index.php\/wp-json\/wp\/v2\/product\/698798","targetHints":{"allow":["GET"]}}],"collection":[{"href":"https:\/\/roveyayinevi.com.tr\/index.php\/wp-json\/wp\/v2\/product"}],"about":[{"href":"https:\/\/roveyayinevi.com.tr\/index.php\/wp-json\/wp\/v2\/types\/product"}],"wp:attachment":[{"href":"https:\/\/roveyayinevi.com.tr\/index.php\/wp-json\/wp\/v2\/media?parent=698798"}],"wp:term":[{"taxonomy":"product_brand","embeddable":true,"href":"https:\/\/roveyayinevi.com.tr\/index.php\/wp-json\/wp\/v2\/product_brand?post=698798"},{"taxonomy":"product_cat","embeddable":true,"href":"https:\/\/roveyayinevi.com.tr\/index.php\/wp-json\/wp\/v2\/product_cat?post=698798"},{"taxonomy":"product_tag","embeddable":true,"href":"https:\/\/roveyayinevi.com.tr\/index.php\/wp-json\/wp\/v2\/product_tag?post=698798"}],"curies":[{"name":"wp","href":"https:\/\/api.w.org\/{rel}","templated":true}]}}