{"id":698796,"date":"2025-08-27T14:47:20","date_gmt":"2025-08-27T11:47:20","guid":{"rendered":"https:\/\/roveyayinevi.com.tr\/index.php\/urun\/piri-reis-ve-acayip-haritasi\/"},"modified":"2026-04-16T02:08:18","modified_gmt":"2026-04-15T23:08:18","slug":"piri-reis-ve-acayip-haritasi","status":"publish","type":"product","link":"https:\/\/roveyayinevi.com.tr\/index.php\/urun\/piri-reis-ve-acayip-haritasi\/","title":{"rendered":"Piri Reis ve Acayip Haritas\u0131"},"content":{"rendered":"<p>E\u011flenceli Tarih\u2019in bu yepyeni kitab\u0131nda denizlere yelken a\u00e7\u0131yoruz. Bir deniz bilgininin, muhte\u015fem bir denizcinin rotas\u0131ndan gidiyoruz. Bu rotada nelerle mi kar\u015f\u0131la\u015faca\u011f\u0131z? -Piri Reis ile yap\u0131lm\u0131\u015f bir r\u00f6portaj\u0131 soluk solu\u011fa okuyacak, -Kaptan\u2019\u0131n Seyir Defteri sayesinde Piri Reis\u2019in maceralar\u0131na tan\u0131k olacak, -Piri Reis inan\u0131lmaz bilgiler dolu \u00fcnl\u00fc kitab\u0131 Kitab-\u0131 Bahriye\u2019yi yazarken bizzat yan\u0131 ba\u015f\u0131nda olacak, -Osmanl\u0131 denizcili\u011fi hakk\u0131nda ba\u015fkalar\u0131na da anlatacak kadar bilgi sahibi olacak, -Gemi bro\u015f\u00fcr\u00fcm\u00fcz sayesinde Osmanl\u0131 sava\u015f gemilerini tan\u0131yacak, -\u0130lk d\u00fcnya haritas\u0131n\u0131n nas\u0131l bulundu\u011funun ilgin\u00e7 hik\u00e2yesini okuyacak ve \u00e7izim a\u015famas\u0131, i\u00e7inde ta\u015f\u0131d\u0131\u011f\u0131 s\u0131rlar hakk\u0131nda bir\u00e7ok \u015fey \u00f6\u011frenecek, &#8211; Mini Denizcilik S\u00f6zl\u00fc\u011f\u00fc sayesinde denize a\u00e7\u0131lsan\u0131z bile kaybolmayaca\u011f\u0131n\u0131z kadar bilgi sahibi olacak, -Denizlerde kullan\u0131lan birbirinden ilgin\u00e7 aletleri hayranl\u0131kla tan\u0131yacak, -Denizcili\u011fin simgesi g\u00fczel bir \u015fehirde gezintiye \u00e7\u0131kacak, -Piri Reis\u2019in Portekizlerle m\u00fccadelesini heyecanla okuyacaks\u0131n\u0131z&#8230; Bu kitab\u0131n rotas\u0131nda kaybolmak yok; \u00f6\u011frenmek, \u015fa\u015f\u0131rmak, hayret etmek var! \u0130\u00e7inizde denize a\u00e7\u0131lmak i\u00e7in inan\u0131lmaz bir merak duymaya ba\u015flad\u0131n\u0131z m\u0131? Hafif bir r\u00fczg\u00e2r esmeye ba\u015flad\u0131\u011f\u0131n\u0131 hissettiniz mi? Bir gemi g\u0131c\u0131rt\u0131s\u0131 ve a\u00e7\u0131lan yelkenlerin sesini i\u015fittiniz mi? O zaman beklemeye gerek yok; yelkenler fora! Tam yol ileri! <\/p>\n","protected":false},"excerpt":{"rendered":"<p>E\u011flenceli Tarih\u2019in bu yepyeni kitab\u0131nda denizlere yelken a\u00e7\u0131yoruz. Bir deniz bilgininin, muhte\u015fem bir denizcinin rotas\u0131ndan gidiyoruz. Bu rotada nelerle mi kar\u015f\u0131la\u015faca\u011f\u0131z? -Piri Reis ile yap\u0131lm\u0131\u015f bir<span class=\"excerpt-hellip\"> [\u2026]<\/span><\/p>\n","protected":false},"featured_media":0,"template":"","meta":{"_monsterinsights_skip_tracking":false,"_monsterinsights_sitenote_active":false,"_monsterinsights_sitenote_note":"","_monsterinsights_sitenote_category":0},"product_brand":[],"product_cat":[12492,12274],"product_tag":[],"class_list":{"0":"post-698796","1":"product","2":"type-product","3":"status-publish","5":"product_cat-bilmece-bulmaca","6":"product_cat-cocuk-ve-genclik-kitaplari","7":"pa_cilt-ciltsiz","8":"pa_tur-kitap","9":"pa_yayinevi-eglenceli-bilgi-yayinlari","10":"pa_yazar-metin-ozdamarlar","12":"first","13":"instock","14":"sale","15":"shipping-taxable","16":"purchasable","17":"product-type-simple"},"_links":{"self":[{"href":"https:\/\/roveyayinevi.com.tr\/index.php\/wp-json\/wp\/v2\/product\/698796","targetHints":{"allow":["GET"]}}],"collection":[{"href":"https:\/\/roveyayinevi.com.tr\/index.php\/wp-json\/wp\/v2\/product"}],"about":[{"href":"https:\/\/roveyayinevi.com.tr\/index.php\/wp-json\/wp\/v2\/types\/product"}],"wp:attachment":[{"href":"https:\/\/roveyayinevi.com.tr\/index.php\/wp-json\/wp\/v2\/media?parent=698796"}],"wp:term":[{"taxonomy":"product_brand","embeddable":true,"href":"https:\/\/roveyayinevi.com.tr\/index.php\/wp-json\/wp\/v2\/product_brand?post=698796"},{"taxonomy":"product_cat","embeddable":true,"href":"https:\/\/roveyayinevi.com.tr\/index.php\/wp-json\/wp\/v2\/product_cat?post=698796"},{"taxonomy":"product_tag","embeddable":true,"href":"https:\/\/roveyayinevi.com.tr\/index.php\/wp-json\/wp\/v2\/product_tag?post=698796"}],"curies":[{"name":"wp","href":"https:\/\/api.w.org\/{rel}","templated":true}]}}