{"id":698793,"date":"2025-08-27T14:47:19","date_gmt":"2025-08-27T11:47:19","guid":{"rendered":"https:\/\/roveyayinevi.com.tr\/index.php\/urun\/ekmek-arasi-tarih-2\/"},"modified":"2026-04-16T02:08:18","modified_gmt":"2026-04-15T23:08:18","slug":"ekmek-arasi-tarih-2","status":"publish","type":"product","link":"https:\/\/roveyayinevi.com.tr\/index.php\/urun\/ekmek-arasi-tarih-2\/","title":{"rendered":"Ekmek Aras\u0131 Tarih &#8211; 2"},"content":{"rendered":"<p>Evet bu kesinlikle bir tarih kitab\u0131! Ama asla bir ders kitab\u0131 de\u011fil! Elbette okuduklar\u0131n\u0131zdan \u00e7\u0131karaca\u011f\u0131n\u0131z baz\u0131 dersler olacak; fakat merak etmeyin, hi\u00e7 biri s\u0131navda \u00e7\u0131kmayacak!Bu kitab\u0131, evde, otob\u00fcste, vapurda, trende, u\u00e7akta yani can\u0131n\u0131z istedi\u011fi her yerde kolayca okuyacabilirsiniz. Zaten isminide bu y\u00fczden &#8220;Ekmek Aras\u0131 Tarih&#8221; koyduk.Sizi zorlayacak bir kitap de\u011fil bu! Nerdeyse bi hikaye kitab\u0131! Zaten tarih dedi\u011fimiz \u015fey de bir bak\u0131ma, bizden \u00f6ncekilerin ya\u015fad\u0131\u011f\u0131 yada ba\u015fkalar\u0131na ya\u015fatt\u0131\u011f\u0131 y\u00fczbinlerce k\u00fc\u00e7\u00fck hikayeden olu\u015fan kocaman bir hikaye de\u011fil mi?\u0130\u00e7inde k\u00fc\u00e7\u00fck hikayeler ilgin\u00e7 anektodlar ve  \u00e7ok \u015fa\u015f\u0131rt\u0131c\u0131 bilgilerin yer ald\u0131\u011f\u0131 bu kitab\u0131 ve diizinin bundan sonraki kitaplar\u0131n\u0131 okurken e\u011fleneceksiniz; e\u011flenirken de ho\u015funuza gidecek ve hi\u00e7 unutmak istemeyece\u011finiz pek \u00e7ok bilgi de yan\u0131n\u0131za kar kalacak.\u015eimdi kendinize oturacak ya da s\u0131rt \u00fcst\u00fc uzanacak rahat\u00e7a bir yer bulun ve en b\u00fcy\u00fck hedefi size tarihi e\u011flenceli bir \u015fey olabilece\u011fini g\u00f6stererek sevindirmek olan bu kitab\u0131n keyfini \u00e7\u0131kar\u0131n&#8230;<\/p>\n","protected":false},"excerpt":{"rendered":"<p>Evet bu kesinlikle bir tarih kitab\u0131! Ama asla bir ders kitab\u0131 de\u011fil! Elbette okuduklar\u0131n\u0131zdan \u00e7\u0131karaca\u011f\u0131n\u0131z baz\u0131 dersler olacak; fakat merak etmeyin, hi\u00e7 biri s\u0131navda \u00e7\u0131kmayacak!Bu kitab\u0131,<span class=\"excerpt-hellip\"> [\u2026]<\/span><\/p>\n","protected":false},"featured_media":0,"template":"","meta":{"_monsterinsights_skip_tracking":false,"_monsterinsights_sitenote_active":false,"_monsterinsights_sitenote_note":"","_monsterinsights_sitenote_category":0},"product_brand":[],"product_cat":[12274,14573],"product_tag":[],"class_list":{"0":"post-698793","1":"product","2":"type-product","3":"status-publish","5":"product_cat-cocuk-ve-genclik-kitaplari","6":"product_cat-referans-kitaplar-cocuk-ve-genclik-kitaplari","7":"pa_cilt-ciltsiz","8":"pa_tur-kitap","9":"pa_yayinevi-ugurbocegi-yayinlari","10":"pa_yazar-emine-aydin","12":"first","13":"instock","14":"sale","15":"shipping-taxable","16":"purchasable","17":"product-type-simple"},"_links":{"self":[{"href":"https:\/\/roveyayinevi.com.tr\/index.php\/wp-json\/wp\/v2\/product\/698793","targetHints":{"allow":["GET"]}}],"collection":[{"href":"https:\/\/roveyayinevi.com.tr\/index.php\/wp-json\/wp\/v2\/product"}],"about":[{"href":"https:\/\/roveyayinevi.com.tr\/index.php\/wp-json\/wp\/v2\/types\/product"}],"wp:attachment":[{"href":"https:\/\/roveyayinevi.com.tr\/index.php\/wp-json\/wp\/v2\/media?parent=698793"}],"wp:term":[{"taxonomy":"product_brand","embeddable":true,"href":"https:\/\/roveyayinevi.com.tr\/index.php\/wp-json\/wp\/v2\/product_brand?post=698793"},{"taxonomy":"product_cat","embeddable":true,"href":"https:\/\/roveyayinevi.com.tr\/index.php\/wp-json\/wp\/v2\/product_cat?post=698793"},{"taxonomy":"product_tag","embeddable":true,"href":"https:\/\/roveyayinevi.com.tr\/index.php\/wp-json\/wp\/v2\/product_tag?post=698793"}],"curies":[{"name":"wp","href":"https:\/\/api.w.org\/{rel}","templated":true}]}}