{"id":698786,"date":"2025-08-27T14:47:17","date_gmt":"2025-08-27T11:47:17","guid":{"rendered":"https:\/\/roveyayinevi.com.tr\/index.php\/urun\/yaratilis-mitolojileri\/"},"modified":"2026-04-16T02:08:18","modified_gmt":"2026-04-15T23:08:18","slug":"yaratilis-mitolojileri","status":"publish","type":"product","link":"https:\/\/roveyayinevi.com.tr\/index.php\/urun\/yaratilis-mitolojileri\/","title":{"rendered":"Yarat\u0131l\u0131\u015f Mitolojileri"},"content":{"rendered":"<p>\u2018Ba\u015flang\u0131\u00e7ta&#8230;\u2019 Yarat\u0131l\u0131\u015fla ilgili bir\u00e7ok hik\u00e2ye b\u00f6yle ba\u015flar. Farkl\u0131 co\u011frafyalarda ve tarihin her k\u00f6\u015fesinde bu s\u00f6zc\u00fc\u011f\u00fcn yayd\u0131\u011f\u0131 hik\u00e2yelere \u015fahit oluruz. Mitolojilere yapt\u0131\u011f\u0131m\u0131z yolculukta bizi bekleyen \u2018ilk\u2019ler asl\u0131nda insanl\u0131\u011f\u0131m\u0131z\u0131n k\u00f6kenlerine uzanma, onunla temas etme hayalinden ve merak\u0131ndan ba\u015fka bir \u015fey de\u011fildir. B\u00f6yle bir merak ve istek bizi bir\u00e7ok medeniyetin din\u00ee, k\u00fclt\u00fcrel ve sosyal dinamikleriyle y\u00fcz y\u00fcze getirir. G\u00f6n\u00fcl Yonar, T\u00fcrk Edebiyat\u0131nda Fantasti\u011fin K\u00f6kenleri kitab\u0131ndan sonra bu yeni kitab\u0131nda da insan\u0131n kendi harikuladeli\u011fini ke\u015ffetme ve anlama \u00e7abas\u0131n\u0131n bir \u00fcr\u00fcn\u00fc olan yarat\u0131l\u0131\u015f mitolojilerini ele al\u0131yor. Kad\u00eem Do\u011fu\u2019nun alt\u0131 medeniyetindeki bilhassa ilk yarat\u0131l\u0131\u015f, kad\u0131n\u0131n yarat\u0131l\u0131\u015f\u0131 ve Tufan hadisesi mitlerinin ele al\u0131nd\u0131\u011f\u0131 bu \u00e7al\u0131\u015fma insanl\u0131\u011f\u0131n ve bizatihi insanl\u0131k d\u00fc\u015f\u00fcncesinin tarih\u00ee seyrini bir b\u00fct\u00fcn olarak g\u00f6stermesi bak\u0131m\u0131ndan fevkalade \u00f6nem ta\u015f\u0131yor.<\/p>\n","protected":false},"excerpt":{"rendered":"<p>\u2018Ba\u015flang\u0131\u00e7ta&#8230;\u2019 Yarat\u0131l\u0131\u015fla ilgili bir\u00e7ok hik\u00e2ye b\u00f6yle ba\u015flar. Farkl\u0131 co\u011frafyalarda ve tarihin her k\u00f6\u015fesinde bu s\u00f6zc\u00fc\u011f\u00fcn yayd\u0131\u011f\u0131 hik\u00e2yelere \u015fahit oluruz. Mitolojilere yapt\u0131\u011f\u0131m\u0131z yolculukta bizi bekleyen \u2018ilk\u2019ler asl\u0131nda<span class=\"excerpt-hellip\"> [\u2026]<\/span><\/p>\n","protected":false},"featured_media":0,"template":"","meta":{"_monsterinsights_skip_tracking":false,"_monsterinsights_sitenote_active":false,"_monsterinsights_sitenote_note":"","_monsterinsights_sitenote_category":0},"product_brand":[],"product_cat":[12718,12858],"product_tag":[],"class_list":{"0":"post-698786","1":"product","2":"type-product","3":"status-publish","5":"product_cat-din","6":"product_cat-mitolojiler","7":"pa_cilt-ciltsiz","8":"pa_tur-kitap","9":"pa_yayinevi-otuken-nesriyat","10":"pa_yazar-gonul-yonar","12":"first","13":"instock","14":"sale","15":"shipping-taxable","16":"purchasable","17":"product-type-simple"},"_links":{"self":[{"href":"https:\/\/roveyayinevi.com.tr\/index.php\/wp-json\/wp\/v2\/product\/698786","targetHints":{"allow":["GET"]}}],"collection":[{"href":"https:\/\/roveyayinevi.com.tr\/index.php\/wp-json\/wp\/v2\/product"}],"about":[{"href":"https:\/\/roveyayinevi.com.tr\/index.php\/wp-json\/wp\/v2\/types\/product"}],"wp:attachment":[{"href":"https:\/\/roveyayinevi.com.tr\/index.php\/wp-json\/wp\/v2\/media?parent=698786"}],"wp:term":[{"taxonomy":"product_brand","embeddable":true,"href":"https:\/\/roveyayinevi.com.tr\/index.php\/wp-json\/wp\/v2\/product_brand?post=698786"},{"taxonomy":"product_cat","embeddable":true,"href":"https:\/\/roveyayinevi.com.tr\/index.php\/wp-json\/wp\/v2\/product_cat?post=698786"},{"taxonomy":"product_tag","embeddable":true,"href":"https:\/\/roveyayinevi.com.tr\/index.php\/wp-json\/wp\/v2\/product_tag?post=698786"}],"curies":[{"name":"wp","href":"https:\/\/api.w.org\/{rel}","templated":true}]}}