{"id":698782,"date":"2025-08-27T14:47:16","date_gmt":"2025-08-27T11:47:16","guid":{"rendered":"https:\/\/roveyayinevi.com.tr\/index.php\/urun\/agridagi-efsanesi\/"},"modified":"2026-04-16T02:08:18","modified_gmt":"2026-04-15T23:08:18","slug":"agridagi-efsanesi","status":"publish","type":"product","link":"https:\/\/roveyayinevi.com.tr\/index.php\/urun\/agridagi-efsanesi\/","title":{"rendered":"A\u011fr\u0131da\u011f\u0131 Efsanesi"},"content":{"rendered":"<p>Bir a\u015fk destan\u0131 olan A\u011fr\u0131da\u011f\u0131 Efsanesi geleneklerini Mahmut Han&#8217;a kar\u015f\u0131 savunan Ahmet G\u00fclbahar aras\u0131ndaki a\u015fk\u0131 konu al\u0131r. Efsanelere ve halk s\u00f6ylencelerine y\u00fcrekten ba\u011fl\u0131 Ya\u015far Kemal&#8217;in bu roman\u0131, insan psikolojisinin derinliklerini de i\u00e7erir. \ufffc<\/p>\n","protected":false},"excerpt":{"rendered":"<p>Bir a\u015fk destan\u0131 olan A\u011fr\u0131da\u011f\u0131 Efsanesi geleneklerini Mahmut Han&#8217;a kar\u015f\u0131 savunan Ahmet G\u00fclbahar aras\u0131ndaki a\u015fk\u0131 konu al\u0131r. Efsanelere ve halk s\u00f6ylencelerine y\u00fcrekten ba\u011fl\u0131 Ya\u015far Kemal&#8217;in bu<span class=\"excerpt-hellip\"> [\u2026]<\/span><\/p>\n","protected":false},"featured_media":0,"template":"","meta":{"_monsterinsights_skip_tracking":false,"_monsterinsights_sitenote_active":false,"_monsterinsights_sitenote_note":"","_monsterinsights_sitenote_category":0},"product_brand":[],"product_cat":[13835],"product_tag":[],"class_list":{"0":"post-698782","1":"product","2":"type-product","3":"status-publish","5":"product_cat-cok-satanlar","6":"pa_cilt-ciltsiz","7":"pa_tur-kitap","8":"pa_yayinevi-yapi-kredi-yayinlari","9":"pa_yazar-yasar-kemal","11":"first","12":"instock","13":"sale","14":"shipping-taxable","15":"purchasable","16":"product-type-simple"},"_links":{"self":[{"href":"https:\/\/roveyayinevi.com.tr\/index.php\/wp-json\/wp\/v2\/product\/698782","targetHints":{"allow":["GET"]}}],"collection":[{"href":"https:\/\/roveyayinevi.com.tr\/index.php\/wp-json\/wp\/v2\/product"}],"about":[{"href":"https:\/\/roveyayinevi.com.tr\/index.php\/wp-json\/wp\/v2\/types\/product"}],"wp:attachment":[{"href":"https:\/\/roveyayinevi.com.tr\/index.php\/wp-json\/wp\/v2\/media?parent=698782"}],"wp:term":[{"taxonomy":"product_brand","embeddable":true,"href":"https:\/\/roveyayinevi.com.tr\/index.php\/wp-json\/wp\/v2\/product_brand?post=698782"},{"taxonomy":"product_cat","embeddable":true,"href":"https:\/\/roveyayinevi.com.tr\/index.php\/wp-json\/wp\/v2\/product_cat?post=698782"},{"taxonomy":"product_tag","embeddable":true,"href":"https:\/\/roveyayinevi.com.tr\/index.php\/wp-json\/wp\/v2\/product_tag?post=698782"}],"curies":[{"name":"wp","href":"https:\/\/api.w.org\/{rel}","templated":true}]}}