{"id":698781,"date":"2025-08-27T14:47:16","date_gmt":"2025-08-27T11:47:16","guid":{"rendered":"https:\/\/roveyayinevi.com.tr\/index.php\/urun\/sen-ben-ve-cocuklarimiz\/"},"modified":"2026-04-16T02:08:18","modified_gmt":"2026-04-15T23:08:18","slug":"sen-ben-ve-cocuklarimiz","status":"publish","type":"product","link":"https:\/\/roveyayinevi.com.tr\/index.php\/urun\/sen-ben-ve-cocuklarimiz\/","title":{"rendered":"Sen Ben ve \u00c7ocuklar\u0131m\u0131z"},"content":{"rendered":"<p>Anne baba olmak, d\u00fcnyan\u0131n en \u00f6nemli ayn\u0131 zamanda en anlaml\u0131 i\u015fi. Emek ister ama kar\u015f\u0131l\u0131\u011f\u0131 d\u00fcnyalara de\u011fer. Mesuliyeti \u00e7oktur ama evlat sevgisi s\u00f6z konusu olunca insana hi\u00e7bir \u015fey zor gelmez. Do\u011fru anne babal\u0131\u011f\u0131n nas\u0131l oldu\u011fu asl\u0131nda i\u00e7 d\u00fcnyam\u0131zda ve geleneksel kodlar\u0131m\u0131zda yaz\u0131l\u0131. Nevzat Tarhan i\u015fte buradan bakarak, \u00e7ocuk e\u011fitiminin en esasl\u0131 noktalar\u0131n\u0131 bir araya getiriyor. Do\u011fru anne babal\u0131\u011f\u0131n mihenk noktalar\u0131na de\u011finerek her ailede ya\u015fanabilecek sorunlar hakk\u0131nda \u00e7\u00f6z\u00fcm\u00fc kolayla\u015ft\u0131ran \u00f6neriler getiriyor. Bizlere ebeveyn olmakla \u00fcstlendi\u011fimiz en \u00f6nemli vazifeyi hat\u0131rlarken aile i\u00e7inde ya\u015fanan p\u00fcr\u00fczlerde \u00e7\u00f6z\u00fcm\u00fcn asl\u0131nda ne kadar yak\u0131n\u0131m\u0131zda oldu\u011funu da g\u00f6steriyor.<\/p>\n","protected":false},"excerpt":{"rendered":"<p>Anne baba olmak, d\u00fcnyan\u0131n en \u00f6nemli ayn\u0131 zamanda en anlaml\u0131 i\u015fi. Emek ister ama kar\u015f\u0131l\u0131\u011f\u0131 d\u00fcnyalara de\u011fer. Mesuliyeti \u00e7oktur ama evlat sevgisi s\u00f6z konusu olunca insana<span class=\"excerpt-hellip\"> [\u2026]<\/span><\/p>\n","protected":false},"featured_media":0,"template":"","meta":{"_monsterinsights_skip_tracking":false,"_monsterinsights_sitenote_active":false,"_monsterinsights_sitenote_note":"","_monsterinsights_sitenote_category":0},"product_brand":[],"product_cat":[12358,12357],"product_tag":[],"class_list":{"0":"post-698781","1":"product","2":"type-product","3":"status-publish","5":"product_cat-genel-psikoloji","6":"product_cat-psikoloji","7":"pa_cilt-ciltsiz","8":"pa_tur-kitap","9":"pa_yayinevi-timas-yayinlari","10":"pa_yazar-nevzat-tarhan","12":"first","13":"instock","14":"sale","15":"shipping-taxable","16":"purchasable","17":"product-type-simple"},"_links":{"self":[{"href":"https:\/\/roveyayinevi.com.tr\/index.php\/wp-json\/wp\/v2\/product\/698781","targetHints":{"allow":["GET"]}}],"collection":[{"href":"https:\/\/roveyayinevi.com.tr\/index.php\/wp-json\/wp\/v2\/product"}],"about":[{"href":"https:\/\/roveyayinevi.com.tr\/index.php\/wp-json\/wp\/v2\/types\/product"}],"wp:attachment":[{"href":"https:\/\/roveyayinevi.com.tr\/index.php\/wp-json\/wp\/v2\/media?parent=698781"}],"wp:term":[{"taxonomy":"product_brand","embeddable":true,"href":"https:\/\/roveyayinevi.com.tr\/index.php\/wp-json\/wp\/v2\/product_brand?post=698781"},{"taxonomy":"product_cat","embeddable":true,"href":"https:\/\/roveyayinevi.com.tr\/index.php\/wp-json\/wp\/v2\/product_cat?post=698781"},{"taxonomy":"product_tag","embeddable":true,"href":"https:\/\/roveyayinevi.com.tr\/index.php\/wp-json\/wp\/v2\/product_tag?post=698781"}],"curies":[{"name":"wp","href":"https:\/\/api.w.org\/{rel}","templated":true}]}}