{"id":698779,"date":"2025-08-27T14:47:15","date_gmt":"2025-08-27T11:47:15","guid":{"rendered":"https:\/\/roveyayinevi.com.tr\/index.php\/urun\/olum-sosyolojisi\/"},"modified":"2026-04-16T02:08:18","modified_gmt":"2026-04-15T23:08:18","slug":"olum-sosyolojisi","status":"publish","type":"product","link":"https:\/\/roveyayinevi.com.tr\/index.php\/urun\/olum-sosyolojisi\/","title":{"rendered":"\u00d6l\u00fcm Sosyolojisi"},"content":{"rendered":"<p>T\u0131pk\u0131 futbol sadece futbol de\u011fildir demek gibi, \u00f6l\u00fcm de sadece \u00f6l\u00fcm de\u011fildir. \u00d6l\u00fcm inan\u00e7lara g\u00f6refarkl\u0131l\u0131k g\u00f6stermekle birlikte z\u0131tl\u0131k i\u00e7eren bir kavram. G\u00f6z a\u00e7\u0131p kapay\u0131ncaya kadar ge\u00e7en bir \u015fa\u015fk\u0131nl\u0131k an\u0131d\u0131r belki de. Gidenlerin d\u00f6nmedi\u011fini hesaba katt\u0131\u011f\u0131m\u0131zda \u00e7ok da bir \u015fey s\u00f6yleyemiyor insan. \u00d6l\u00fcm k\u00fclt\u00fcrd\u00fcr, \u00f6l\u00fcm toplumdur, herkesin e\u015fit oldu\u011fu, do\u011fumdan sonraki tek and\u0131r. Bu kitap, \u00f6l\u00fcme dair her \u015feyin i\u00e7ine sakland\u0131\u011f\u0131 bir pandora kutusu\u2026 <\/p>\n","protected":false},"excerpt":{"rendered":"<p>T\u0131pk\u0131 futbol sadece futbol de\u011fildir demek gibi, \u00f6l\u00fcm de sadece \u00f6l\u00fcm de\u011fildir. \u00d6l\u00fcm inan\u00e7lara g\u00f6refarkl\u0131l\u0131k g\u00f6stermekle birlikte z\u0131tl\u0131k i\u00e7eren bir kavram. G\u00f6z a\u00e7\u0131p kapay\u0131ncaya kadar ge\u00e7en<span class=\"excerpt-hellip\"> [\u2026]<\/span><\/p>\n","protected":false},"featured_media":0,"template":"","meta":{"_monsterinsights_skip_tracking":false,"_monsterinsights_sitenote_active":false,"_monsterinsights_sitenote_note":"","_monsterinsights_sitenote_category":0},"product_brand":[],"product_cat":[12835,12324],"product_tag":[],"class_list":{"0":"post-698779","1":"product","2":"type-product","3":"status-publish","5":"product_cat-genel-sosyoloji","6":"product_cat-sosyoloji","7":"pa_cilt-ciltsiz","8":"pa_tur-kitap","9":"pa_yayinevi-phoenix-yayinevi","10":"pa_yazar-adem-sagir","12":"first","13":"instock","14":"sale","15":"shipping-taxable","16":"purchasable","17":"product-type-simple"},"_links":{"self":[{"href":"https:\/\/roveyayinevi.com.tr\/index.php\/wp-json\/wp\/v2\/product\/698779","targetHints":{"allow":["GET"]}}],"collection":[{"href":"https:\/\/roveyayinevi.com.tr\/index.php\/wp-json\/wp\/v2\/product"}],"about":[{"href":"https:\/\/roveyayinevi.com.tr\/index.php\/wp-json\/wp\/v2\/types\/product"}],"wp:attachment":[{"href":"https:\/\/roveyayinevi.com.tr\/index.php\/wp-json\/wp\/v2\/media?parent=698779"}],"wp:term":[{"taxonomy":"product_brand","embeddable":true,"href":"https:\/\/roveyayinevi.com.tr\/index.php\/wp-json\/wp\/v2\/product_brand?post=698779"},{"taxonomy":"product_cat","embeddable":true,"href":"https:\/\/roveyayinevi.com.tr\/index.php\/wp-json\/wp\/v2\/product_cat?post=698779"},{"taxonomy":"product_tag","embeddable":true,"href":"https:\/\/roveyayinevi.com.tr\/index.php\/wp-json\/wp\/v2\/product_tag?post=698779"}],"curies":[{"name":"wp","href":"https:\/\/api.w.org\/{rel}","templated":true}]}}