{"id":698778,"date":"2025-08-27T14:47:15","date_gmt":"2025-08-27T11:47:15","guid":{"rendered":"https:\/\/roveyayinevi.com.tr\/index.php\/urun\/ah-vah-of-pof-degerler-egitimi-serisi-5\/"},"modified":"2026-04-16T02:08:18","modified_gmt":"2026-04-15T23:08:18","slug":"ah-vah-of-pof-degerler-egitimi-serisi-5","status":"publish","type":"product","link":"https:\/\/roveyayinevi.com.tr\/index.php\/urun\/ah-vah-of-pof-degerler-egitimi-serisi-5\/","title":{"rendered":"Ah! Vah! Of! Pof! De\u011ferler E\u011fitimi Serisi 5"},"content":{"rendered":"<p>Bir g\u00fcn ormanda \u00e7ok b\u00fcy\u00fck bir f\u0131rt\u0131na \u00e7\u0131km\u0131\u015f. B\u00fct\u00fcn hayvanlar\u0131n yuvalar\u0131 zarar g\u00f6rm\u00fc\u015f, a\u011fa\u00e7lar devrilmi\u015f, \u0131rma\u011f\u0131n \u00fcst\u00fcndeki k\u00f6pr\u00fc bile y\u0131k\u0131lm\u0131\u015f. \u201cAh! Vah! Of! Pof!\u201d diye yak\u0131nmaya ba\u015flam\u0131\u015f hayvanlar. Nas\u0131l onaracaklarm\u0131\u015f evlerini? Ama endi\u015felenmelerine gerek yokmu\u015f. \u00c7\u00fcnk\u00fc birbirlerine yard\u0131m ederek her \u015feyin \u00fcstesinden gelebilirlermi\u015f. \ufffcTan\u0131t\u0131m Metni<\/p>\n","protected":false},"excerpt":{"rendered":"<p>Bir g\u00fcn ormanda \u00e7ok b\u00fcy\u00fck bir f\u0131rt\u0131na \u00e7\u0131km\u0131\u015f. B\u00fct\u00fcn hayvanlar\u0131n yuvalar\u0131 zarar g\u00f6rm\u00fc\u015f, a\u011fa\u00e7lar devrilmi\u015f, \u0131rma\u011f\u0131n \u00fcst\u00fcndeki k\u00f6pr\u00fc bile y\u0131k\u0131lm\u0131\u015f. \u201cAh! Vah! Of! Pof!\u201d diye yak\u0131nmaya<span class=\"excerpt-hellip\"> [\u2026]<\/span><\/p>\n","protected":false},"featured_media":0,"template":"","meta":{"_monsterinsights_skip_tracking":false,"_monsterinsights_sitenote_active":false,"_monsterinsights_sitenote_note":"","_monsterinsights_sitenote_category":0},"product_brand":[],"product_cat":[12913,12274],"product_tag":[],"class_list":{"0":"post-698778","1":"product","2":"type-product","3":"status-publish","5":"product_cat-3-6-yas-kitaplari","6":"product_cat-cocuk-ve-genclik-kitaplari","7":"pa_cilt-ciltsiz","8":"pa_tur-kitap","9":"pa_yayinevi-kirmizi-kedi-yayinevi","10":"pa_yazar-koray-avci-cakman","12":"first","13":"instock","14":"sale","15":"shipping-taxable","16":"purchasable","17":"product-type-simple"},"_links":{"self":[{"href":"https:\/\/roveyayinevi.com.tr\/index.php\/wp-json\/wp\/v2\/product\/698778","targetHints":{"allow":["GET"]}}],"collection":[{"href":"https:\/\/roveyayinevi.com.tr\/index.php\/wp-json\/wp\/v2\/product"}],"about":[{"href":"https:\/\/roveyayinevi.com.tr\/index.php\/wp-json\/wp\/v2\/types\/product"}],"wp:attachment":[{"href":"https:\/\/roveyayinevi.com.tr\/index.php\/wp-json\/wp\/v2\/media?parent=698778"}],"wp:term":[{"taxonomy":"product_brand","embeddable":true,"href":"https:\/\/roveyayinevi.com.tr\/index.php\/wp-json\/wp\/v2\/product_brand?post=698778"},{"taxonomy":"product_cat","embeddable":true,"href":"https:\/\/roveyayinevi.com.tr\/index.php\/wp-json\/wp\/v2\/product_cat?post=698778"},{"taxonomy":"product_tag","embeddable":true,"href":"https:\/\/roveyayinevi.com.tr\/index.php\/wp-json\/wp\/v2\/product_tag?post=698778"}],"curies":[{"name":"wp","href":"https:\/\/api.w.org\/{rel}","templated":true}]}}