{"id":698777,"date":"2025-08-27T14:47:15","date_gmt":"2025-08-27T11:47:15","guid":{"rendered":"https:\/\/roveyayinevi.com.tr\/index.php\/urun\/dede-korkut-oguznameleri\/"},"modified":"2026-04-16T02:08:18","modified_gmt":"2026-04-15T23:08:18","slug":"dede-korkut-oguznameleri","status":"publish","type":"product","link":"https:\/\/roveyayinevi.com.tr\/index.php\/urun\/dede-korkut-oguznameleri\/","title":{"rendered":"Dede Korkut O\u011fuznameleri"},"content":{"rendered":"<p>Fuzuli Bayat\u2019\u0131n uzun y\u0131llar s\u00fcren \u00e7al\u0131\u015fmalar\u0131n\u0131n neticesi olan bu kitap, k\u00fclt\u00fcrel kodlar\u0131m\u0131z\u0131n as\u0131rlard\u0131r bir s\u00fcreklilik arz etti\u011fini g\u00f6sterdi\u011fi gibi sosyal bilimcilere de yeni ufuklar sunmaktad\u0131r. T\u00fcrkl\u00fc\u011f\u00fcn geleneksel d\u00f6nemde at\u0131lan temellerinin bug\u00fcn modern bir toplumda, \u00f6zellikle de k\u00fclt\u00fcrel ve bilimsel sahada anlam bulabilmesi ancak bu gibi kitaplarla m\u00fcmk\u00fcnd\u00fcr. Bu a\u00e7\u0131dan bak\u0131ld\u0131\u011f\u0131nda Dede Korkut ve hikayelerinde, her zaman Dede Korkut\u2019un ki\u015fili\u011fini a\u015fan ve anlat\u0131lanlar\u0131n \u00f6tesine ge\u00e7en T\u00fcrkl\u00fc\u011f\u00fcn kadim kodlar\u0131 mevcuttur. Fuzuli Bayat, bu kitab\u0131nda kavramsalla\u015ft\u0131rmalar yoluyla, T\u00fcrkl\u00fc\u011f\u00fcn kat etti\u011fi tarihi s\u00fcrecin, bug\u00fcn\u00fcn d\u00fcnyas\u0131nda ve dolay\u0131s\u0131yla bug\u00fcn\u00fcn de\u011ferlerinde nas\u0131l bir \u00f6neme sahip oldu\u011funu Mekan-Zaman, Kaos-Kozmos gibi ba\u015fl\u0131klar e\u015fli\u011finde duru bir anlat\u0131mla i\u015flemektedir. Kendi de\u011ferlerine yabanc\u0131la\u015fmakta hi\u00e7bir sorun g\u00f6rmeyen sosyal bilimler k\u00fcrs\u00fclerimiz ne yaz\u0131k ki Dede Korkut\u2019a Homeros\u2019a g\u00f6sterdi\u011fi ihtimam\u0131n yar\u0131s\u0131n\u0131 dahi hen\u00fcz g\u00f6stermemi\u015ftir. Mitten Tarihe, S\u00f6zden Yaz\u0131ya Dede Korkut O\u011fuznameleri \u00f6nemli bir eksikli\u011fi tamamlama niyetiyle kaleme al\u0131nm\u0131\u015f ilk kitaplardan birisi olmas\u0131 h\u00fcviyetiyle \u00fczerinde ya\u015fad\u0131\u011f\u0131m\u0131z T\u00fcrkl\u00fck zeminini anlamak i\u00e7in tarih\u00ee bir \u00f6neme sahiptir. \ufffcTan\u0131t\u0131m Metni<\/p>\n","protected":false},"excerpt":{"rendered":"<p>Fuzuli Bayat\u2019\u0131n uzun y\u0131llar s\u00fcren \u00e7al\u0131\u015fmalar\u0131n\u0131n neticesi olan bu kitap, k\u00fclt\u00fcrel kodlar\u0131m\u0131z\u0131n as\u0131rlard\u0131r bir s\u00fcreklilik arz etti\u011fini g\u00f6sterdi\u011fi gibi sosyal bilimcilere de yeni ufuklar sunmaktad\u0131r. T\u00fcrkl\u00fc\u011f\u00fcn<span class=\"excerpt-hellip\"> [\u2026]<\/span><\/p>\n","protected":false},"featured_media":0,"template":"","meta":{"_monsterinsights_skip_tracking":false,"_monsterinsights_sitenote_active":false,"_monsterinsights_sitenote_note":"","_monsterinsights_sitenote_category":0},"product_brand":[],"product_cat":[12573,12566],"product_tag":[],"class_list":{"0":"post-698777","1":"product","2":"type-product","3":"status-publish","5":"product_cat-akademik-kitaplar","6":"product_cat-egitim","7":"pa_cilt-ciltsiz","8":"pa_tur-kitap","9":"pa_yayinevi-otuken-nesriyat","10":"pa_yazar-fuzuli-bayat","12":"first","13":"instock","14":"sale","15":"shipping-taxable","16":"purchasable","17":"product-type-simple"},"_links":{"self":[{"href":"https:\/\/roveyayinevi.com.tr\/index.php\/wp-json\/wp\/v2\/product\/698777","targetHints":{"allow":["GET"]}}],"collection":[{"href":"https:\/\/roveyayinevi.com.tr\/index.php\/wp-json\/wp\/v2\/product"}],"about":[{"href":"https:\/\/roveyayinevi.com.tr\/index.php\/wp-json\/wp\/v2\/types\/product"}],"wp:attachment":[{"href":"https:\/\/roveyayinevi.com.tr\/index.php\/wp-json\/wp\/v2\/media?parent=698777"}],"wp:term":[{"taxonomy":"product_brand","embeddable":true,"href":"https:\/\/roveyayinevi.com.tr\/index.php\/wp-json\/wp\/v2\/product_brand?post=698777"},{"taxonomy":"product_cat","embeddable":true,"href":"https:\/\/roveyayinevi.com.tr\/index.php\/wp-json\/wp\/v2\/product_cat?post=698777"},{"taxonomy":"product_tag","embeddable":true,"href":"https:\/\/roveyayinevi.com.tr\/index.php\/wp-json\/wp\/v2\/product_tag?post=698777"}],"curies":[{"name":"wp","href":"https:\/\/api.w.org\/{rel}","templated":true}]}}