{"id":698776,"date":"2025-08-27T14:47:14","date_gmt":"2025-08-27T11:47:14","guid":{"rendered":"https:\/\/roveyayinevi.com.tr\/index.php\/urun\/kirpi-ve-balonlar-degerler-egitimi-serisi-6\/"},"modified":"2026-04-16T02:08:18","modified_gmt":"2026-04-15T23:08:18","slug":"kirpi-ve-balonlar-degerler-egitimi-serisi-6","status":"publish","type":"product","link":"https:\/\/roveyayinevi.com.tr\/index.php\/urun\/kirpi-ve-balonlar-degerler-egitimi-serisi-6\/","title":{"rendered":"Kirpi ve Balonlar &#8211; De\u011ferler E\u011fitimi Serisi 6"},"content":{"rendered":"<p>K\u00fc\u00e7\u00fck kirpi, ne g\u00f6rse kendisinin olsun istermi\u015f.Ona g\u00f6re b\u00fct\u00fcn yapraklar, \u00e7i\u00e7ekler, kar taneleri bile onunmu\u015f! Tek bir kalemini bile kimseyle payla\u015fmazm\u0131\u015f. Ama arkada\u015f\u0131n\u0131n do\u011fum g\u00fcn\u00fc partisine gitti\u011finde, yapt\u0131\u011f\u0131n\u0131n ne kadar yanl\u0131\u015f oldu\u011funu anlam\u0131\u015f kirpicik. Payla\u015fmak \u00e7ok g\u00fczelmi\u015f!   K\u00fc\u00e7\u00fck okurlar\u0131m\u0131z\u0131n yak\u0131ndan tan\u0131d\u0131\u011f\u0131Koray Avc\u0131 \u00c7akman, De\u011ferler E\u011fitimi Serisi\u2019nin alt\u0131nc\u0131 kitab\u0131nda payla\u015f\u0131mc\u0131 olmay\u0131\u00e7ok e\u011flenceli bir \u00f6yk\u00fcyle anlat\u0131yor.   Mehmet Akif Kaynar\u2019\u0131n ne\u015feli \u00e7izimleriyle&#8230; <\/p>\n","protected":false},"excerpt":{"rendered":"<p>K\u00fc\u00e7\u00fck kirpi, ne g\u00f6rse kendisinin olsun istermi\u015f.Ona g\u00f6re b\u00fct\u00fcn yapraklar, \u00e7i\u00e7ekler, kar taneleri bile onunmu\u015f! Tek bir kalemini bile kimseyle payla\u015fmazm\u0131\u015f. Ama arkada\u015f\u0131n\u0131n do\u011fum g\u00fcn\u00fc partisine<span class=\"excerpt-hellip\"> [\u2026]<\/span><\/p>\n","protected":false},"featured_media":0,"template":"","meta":{"_monsterinsights_skip_tracking":false,"_monsterinsights_sitenote_active":false,"_monsterinsights_sitenote_note":"","_monsterinsights_sitenote_category":0},"product_brand":[],"product_cat":[12913,12274],"product_tag":[],"class_list":{"0":"post-698776","1":"product","2":"type-product","3":"status-publish","5":"product_cat-3-6-yas-kitaplari","6":"product_cat-cocuk-ve-genclik-kitaplari","7":"pa_cilt-ciltsiz","8":"pa_tur-kitap","9":"pa_yayinevi-kirmizi-kedi-yayinevi","10":"pa_yazar-koray-avci-cakman","12":"first","13":"instock","14":"sale","15":"shipping-taxable","16":"purchasable","17":"product-type-simple"},"_links":{"self":[{"href":"https:\/\/roveyayinevi.com.tr\/index.php\/wp-json\/wp\/v2\/product\/698776","targetHints":{"allow":["GET"]}}],"collection":[{"href":"https:\/\/roveyayinevi.com.tr\/index.php\/wp-json\/wp\/v2\/product"}],"about":[{"href":"https:\/\/roveyayinevi.com.tr\/index.php\/wp-json\/wp\/v2\/types\/product"}],"wp:attachment":[{"href":"https:\/\/roveyayinevi.com.tr\/index.php\/wp-json\/wp\/v2\/media?parent=698776"}],"wp:term":[{"taxonomy":"product_brand","embeddable":true,"href":"https:\/\/roveyayinevi.com.tr\/index.php\/wp-json\/wp\/v2\/product_brand?post=698776"},{"taxonomy":"product_cat","embeddable":true,"href":"https:\/\/roveyayinevi.com.tr\/index.php\/wp-json\/wp\/v2\/product_cat?post=698776"},{"taxonomy":"product_tag","embeddable":true,"href":"https:\/\/roveyayinevi.com.tr\/index.php\/wp-json\/wp\/v2\/product_tag?post=698776"}],"curies":[{"name":"wp","href":"https:\/\/api.w.org\/{rel}","templated":true}]}}