{"id":698771,"date":"2025-08-27T14:47:13","date_gmt":"2025-08-27T11:47:13","guid":{"rendered":"https:\/\/roveyayinevi.com.tr\/index.php\/urun\/ideal-kent-kent-arastirmalari-dergisi-sayi-10\/"},"modified":"2026-04-16T02:08:17","modified_gmt":"2026-04-15T23:08:17","slug":"ideal-kent-kent-arastirmalari-dergisi-sayi-10","status":"publish","type":"product","link":"https:\/\/roveyayinevi.com.tr\/index.php\/urun\/ideal-kent-kent-arastirmalari-dergisi-sayi-10\/","title":{"rendered":"\u0130deal Kent &#8211; Kent Ara\u015ft\u0131rmalar\u0131 Dergisi Say\u0131: 10"},"content":{"rendered":"<p>\u0130deal Kent &#8211; Kent Ara\u015ft\u0131rmalar\u0131 Dergisi Say\u0131: 10 <\/p>\n","protected":false},"excerpt":{"rendered":"<p>\u0130deal Kent &#8211; Kent Ara\u015ft\u0131rmalar\u0131 Dergisi Say\u0131: 10<\/p>\n","protected":false},"featured_media":0,"template":"","meta":{"_monsterinsights_skip_tracking":false,"_monsterinsights_sitenote_active":false,"_monsterinsights_sitenote_note":"","_monsterinsights_sitenote_category":0},"product_brand":[],"product_cat":[12767,12324],"product_tag":[],"class_list":{"0":"post-698771","1":"product","2":"type-product","3":"status-publish","5":"product_cat-kentlesme-modernlesme","6":"product_cat-sosyoloji","7":"pa_cilt-ciltsiz","8":"pa_tur-dergi","9":"pa_yayinevi-idealkent-yayincilik","10":"pa_yazar-kolektif","12":"first","13":"instock","14":"sale","15":"shipping-taxable","16":"purchasable","17":"product-type-simple"},"_links":{"self":[{"href":"https:\/\/roveyayinevi.com.tr\/index.php\/wp-json\/wp\/v2\/product\/698771","targetHints":{"allow":["GET"]}}],"collection":[{"href":"https:\/\/roveyayinevi.com.tr\/index.php\/wp-json\/wp\/v2\/product"}],"about":[{"href":"https:\/\/roveyayinevi.com.tr\/index.php\/wp-json\/wp\/v2\/types\/product"}],"wp:attachment":[{"href":"https:\/\/roveyayinevi.com.tr\/index.php\/wp-json\/wp\/v2\/media?parent=698771"}],"wp:term":[{"taxonomy":"product_brand","embeddable":true,"href":"https:\/\/roveyayinevi.com.tr\/index.php\/wp-json\/wp\/v2\/product_brand?post=698771"},{"taxonomy":"product_cat","embeddable":true,"href":"https:\/\/roveyayinevi.com.tr\/index.php\/wp-json\/wp\/v2\/product_cat?post=698771"},{"taxonomy":"product_tag","embeddable":true,"href":"https:\/\/roveyayinevi.com.tr\/index.php\/wp-json\/wp\/v2\/product_tag?post=698771"}],"curies":[{"name":"wp","href":"https:\/\/api.w.org\/{rel}","templated":true}]}}