{"id":698770,"date":"2025-08-27T14:47:13","date_gmt":"2025-08-27T11:47:13","guid":{"rendered":"https:\/\/roveyayinevi.com.tr\/index.php\/urun\/monte-kristo-kontu-3\/"},"modified":"2026-04-16T02:08:17","modified_gmt":"2026-04-15T23:08:17","slug":"monte-kristo-kontu-3","status":"publish","type":"product","link":"https:\/\/roveyayinevi.com.tr\/index.php\/urun\/monte-kristo-kontu-3\/","title":{"rendered":"Monte Kristo Kontu"},"content":{"rendered":"<p>Andrea Cavalcanti, iki ki\u015filik, iki tekerlekli hafif arabas\u0131na binece\u011fi s\u0131rada omzuna bie elin dokundu\u011funu hisseti. Danglars yahut Monte Kristo, kendisine s\u00f6ylemeyi unuttuklar\u0131 bir \u015feyi s\u00f6yleyecekler. Zann\u0131 ile d\u00f6nd\u00fc\u011f\u00fc zaman, g\u00fcne\u015f yan\u0131\u011f\u0131 y\u00fczl\u00fc, sakall\u0131, parlak y\u00fczl\u00fc, kurt yahut \u00e7akal gibi sivri, keskin otuz iki di\u015fini meydana \u00e7\u0131kartan bir g\u00fcl\u00fcmseyi\u015fle kendisine bakan birisi ile kar\u015f\u0131 kar\u015f\u0131ya geldi. Bu y\u00fcz\u00fc tan\u0131d\u0131\u011f\u0131 i\u00e7in mi? Yoksa sadece adam\u0131n korkun\u00e7 g\u00f6r\u00fcn\u00fc\u015f\u00fcnden irkildi\u011fi i\u00e7in mi bilinmez, \u015fa\u015f\u0131rarak geri \u00e7ekildi: &#8211; Ne istiyorsunuz? diye sordu. &#8211; Beni tekrar Paris\u2019e kadar y\u00fcr\u00fcmekten kurtarman\u0131 istiyorum. \u00c7ok yorgunum. Bu ak\u015fam, sizin gibi iyi bir yemek yemedi\u011fim i\u00e7in ayakta zor duruyorum. Beni araban\u0131za al\u0131p Paris\u2019e g\u00f6t\u00fcrmenizi istiyorum. <\/p>\n","protected":false},"excerpt":{"rendered":"<p>Andrea Cavalcanti, iki ki\u015filik, iki tekerlekli hafif arabas\u0131na binece\u011fi s\u0131rada omzuna bie elin dokundu\u011funu hisseti. Danglars yahut Monte Kristo, kendisine s\u00f6ylemeyi unuttuklar\u0131 bir \u015feyi s\u00f6yleyecekler. Zann\u0131<span class=\"excerpt-hellip\"> [\u2026]<\/span><\/p>\n","protected":false},"featured_media":0,"template":"","meta":{"_monsterinsights_skip_tracking":false,"_monsterinsights_sitenote_active":false,"_monsterinsights_sitenote_note":"","_monsterinsights_sitenote_category":0},"product_brand":[],"product_cat":[12291,13376],"product_tag":[],"class_list":{"0":"post-698770","1":"product","2":"type-product","3":"status-publish","5":"product_cat-edebiyat","6":"product_cat-fransiz-edebiyati","7":"pa_cilt-ciltsiz","8":"pa_tur-kitap","9":"pa_yayinevi-iskele-yayincilik","10":"pa_yazar-alexandre-dumas","12":"first","13":"instock","14":"sale","15":"shipping-taxable","16":"purchasable","17":"product-type-simple"},"_links":{"self":[{"href":"https:\/\/roveyayinevi.com.tr\/index.php\/wp-json\/wp\/v2\/product\/698770","targetHints":{"allow":["GET"]}}],"collection":[{"href":"https:\/\/roveyayinevi.com.tr\/index.php\/wp-json\/wp\/v2\/product"}],"about":[{"href":"https:\/\/roveyayinevi.com.tr\/index.php\/wp-json\/wp\/v2\/types\/product"}],"wp:attachment":[{"href":"https:\/\/roveyayinevi.com.tr\/index.php\/wp-json\/wp\/v2\/media?parent=698770"}],"wp:term":[{"taxonomy":"product_brand","embeddable":true,"href":"https:\/\/roveyayinevi.com.tr\/index.php\/wp-json\/wp\/v2\/product_brand?post=698770"},{"taxonomy":"product_cat","embeddable":true,"href":"https:\/\/roveyayinevi.com.tr\/index.php\/wp-json\/wp\/v2\/product_cat?post=698770"},{"taxonomy":"product_tag","embeddable":true,"href":"https:\/\/roveyayinevi.com.tr\/index.php\/wp-json\/wp\/v2\/product_tag?post=698770"}],"curies":[{"name":"wp","href":"https:\/\/api.w.org\/{rel}","templated":true}]}}