{"id":698768,"date":"2025-08-27T14:47:12","date_gmt":"2025-08-27T11:47:12","guid":{"rendered":"https:\/\/roveyayinevi.com.tr\/index.php\/urun\/mahremiyet-egitimi\/"},"modified":"2026-04-16T02:08:17","modified_gmt":"2026-04-15T23:08:17","slug":"mahremiyet-egitimi","status":"publish","type":"product","link":"https:\/\/roveyayinevi.com.tr\/index.php\/urun\/mahremiyet-egitimi\/","title":{"rendered":"Mahremiyet E\u011fitimi"},"content":{"rendered":"<p>Bir\u00e7ok anne  baba \u00e7ocuklar\u0131n\u0131 k\u00f6t\u00fc niyetli ki\u015filerden korumak i\u00e7in tan\u0131mad\u0131\u011f\u0131n biri sana \u015feker verirse oradan ka\u00e7 gibi tavsiyelerde bulunur. Bir k\u0131s\u0131m anne- baba da \u00e7ocuklar\u0131n\u0131n iyili\u011fi i\u00e7in bask\u0131 kurup korkutmak, onlar\u0131 tahdit edip sindirmek zorunda olduklar\u0131na inan\u0131r. <\/p>\n","protected":false},"excerpt":{"rendered":"<p>Bir\u00e7ok anne baba \u00e7ocuklar\u0131n\u0131 k\u00f6t\u00fc niyetli ki\u015filerden korumak i\u00e7in tan\u0131mad\u0131\u011f\u0131n biri sana \u015feker verirse oradan ka\u00e7 gibi tavsiyelerde bulunur. Bir k\u0131s\u0131m anne- baba da \u00e7ocuklar\u0131n\u0131n iyili\u011fi<span class=\"excerpt-hellip\"> [\u2026]<\/span><\/p>\n","protected":false},"featured_media":0,"template":"","meta":{"_monsterinsights_skip_tracking":false,"_monsterinsights_sitenote_active":false,"_monsterinsights_sitenote_note":"","_monsterinsights_sitenote_category":0},"product_brand":[],"product_cat":[12831,12324],"product_tag":[],"class_list":{"0":"post-698768","1":"product","2":"type-product","3":"status-publish","5":"product_cat-aile-ve-cocuk","6":"product_cat-sosyoloji","7":"pa_cilt-ciltsiz","8":"pa_tur-kitap","9":"pa_yayinevi-timas-yayinlari","10":"pa_yazar-adem-gunes","12":"first","13":"instock","14":"sale","15":"shipping-taxable","16":"purchasable","17":"product-type-simple"},"_links":{"self":[{"href":"https:\/\/roveyayinevi.com.tr\/index.php\/wp-json\/wp\/v2\/product\/698768","targetHints":{"allow":["GET"]}}],"collection":[{"href":"https:\/\/roveyayinevi.com.tr\/index.php\/wp-json\/wp\/v2\/product"}],"about":[{"href":"https:\/\/roveyayinevi.com.tr\/index.php\/wp-json\/wp\/v2\/types\/product"}],"wp:attachment":[{"href":"https:\/\/roveyayinevi.com.tr\/index.php\/wp-json\/wp\/v2\/media?parent=698768"}],"wp:term":[{"taxonomy":"product_brand","embeddable":true,"href":"https:\/\/roveyayinevi.com.tr\/index.php\/wp-json\/wp\/v2\/product_brand?post=698768"},{"taxonomy":"product_cat","embeddable":true,"href":"https:\/\/roveyayinevi.com.tr\/index.php\/wp-json\/wp\/v2\/product_cat?post=698768"},{"taxonomy":"product_tag","embeddable":true,"href":"https:\/\/roveyayinevi.com.tr\/index.php\/wp-json\/wp\/v2\/product_tag?post=698768"}],"curies":[{"name":"wp","href":"https:\/\/api.w.org\/{rel}","templated":true}]}}