{"id":698767,"date":"2025-08-27T14:47:12","date_gmt":"2025-08-27T11:47:12","guid":{"rendered":"https:\/\/roveyayinevi.com.tr\/index.php\/urun\/huysuz-kitapci-fikrynin-inanilmaz-hikayesi\/"},"modified":"2026-04-16T02:08:17","modified_gmt":"2026-04-15T23:08:17","slug":"huysuz-kitapci-fikrynin-inanilmaz-hikayesi","status":"publish","type":"product","link":"https:\/\/roveyayinevi.com.tr\/index.php\/urun\/huysuz-kitapci-fikrynin-inanilmaz-hikayesi\/","title":{"rendered":"Huysuz Kitap\u00e7\u0131 Fikry&#8217;nin \u0130nan\u0131lmaz Hikayesi"},"content":{"rendered":"<p>Kar\u0131s\u0131 Nic\u2019i trafik kazas\u0131nda kaybetmi\u015f, k\u00fc\u00e7\u00fck bir adada sakin bir kitabevi i\u015fleten, tekd\u00fcze bir hayata s\u0131k\u0131\u015fm\u0131\u015f bir adamd\u0131 A.J. Fikry. Hayat\u0131na anlam katan tek \u015fey kitaplar\u0131yd\u0131. Ta ki bir g\u00fcn, sahip oldu\u011fu kitabevine k\u00fc\u00e7\u00fck bir k\u0131z \u00e7ocu\u011fu b\u0131rak\u0131lana kadar\u2026 \ufffcTan\u0131t\u0131m Metni<\/p>\n","protected":false},"excerpt":{"rendered":"<p>Kar\u0131s\u0131 Nic\u2019i trafik kazas\u0131nda kaybetmi\u015f, k\u00fc\u00e7\u00fck bir adada sakin bir kitabevi i\u015fleten, tekd\u00fcze bir hayata s\u0131k\u0131\u015fm\u0131\u015f bir adamd\u0131 A.J. Fikry. Hayat\u0131na anlam katan tek \u015fey kitaplar\u0131yd\u0131.<span class=\"excerpt-hellip\"> [\u2026]<\/span><\/p>\n","protected":false},"featured_media":0,"template":"","meta":{"_monsterinsights_skip_tracking":false,"_monsterinsights_sitenote_active":false,"_monsterinsights_sitenote_note":"","_monsterinsights_sitenote_category":0},"product_brand":[],"product_cat":[12291,13113],"product_tag":[],"class_list":{"0":"post-698767","1":"product","2":"type-product","3":"status-publish","5":"product_cat-edebiyat","6":"product_cat-ispanyol-edebiyati","7":"pa_tur-kitap","8":"pa_yayinevi-timas-yayinlari","9":"pa_yazar-gabrielle-zevin","11":"first","12":"instock","13":"sale","14":"shipping-taxable","15":"purchasable","16":"product-type-simple"},"_links":{"self":[{"href":"https:\/\/roveyayinevi.com.tr\/index.php\/wp-json\/wp\/v2\/product\/698767","targetHints":{"allow":["GET"]}}],"collection":[{"href":"https:\/\/roveyayinevi.com.tr\/index.php\/wp-json\/wp\/v2\/product"}],"about":[{"href":"https:\/\/roveyayinevi.com.tr\/index.php\/wp-json\/wp\/v2\/types\/product"}],"wp:attachment":[{"href":"https:\/\/roveyayinevi.com.tr\/index.php\/wp-json\/wp\/v2\/media?parent=698767"}],"wp:term":[{"taxonomy":"product_brand","embeddable":true,"href":"https:\/\/roveyayinevi.com.tr\/index.php\/wp-json\/wp\/v2\/product_brand?post=698767"},{"taxonomy":"product_cat","embeddable":true,"href":"https:\/\/roveyayinevi.com.tr\/index.php\/wp-json\/wp\/v2\/product_cat?post=698767"},{"taxonomy":"product_tag","embeddable":true,"href":"https:\/\/roveyayinevi.com.tr\/index.php\/wp-json\/wp\/v2\/product_tag?post=698767"}],"curies":[{"name":"wp","href":"https:\/\/api.w.org\/{rel}","templated":true}]}}