{"id":698766,"date":"2025-08-27T14:47:12","date_gmt":"2025-08-27T11:47:12","guid":{"rendered":"https:\/\/roveyayinevi.com.tr\/index.php\/urun\/agitlar\/"},"modified":"2026-04-16T02:08:17","modified_gmt":"2026-04-15T23:08:17","slug":"agitlar","status":"publish","type":"product","link":"https:\/\/roveyayinevi.com.tr\/index.php\/urun\/agitlar\/","title":{"rendered":"A\u011f\u0131tlar"},"content":{"rendered":"<p>\u00d6l\u00fcme kar\u015f\u0131 etkin bir direni\u015f olan a\u011f\u0131t, insano\u011flunun \u00f6l\u00fcmle y\u00fcz y\u00fcze geldi\u011finde duydu\u011fu \u015fa\u015fk\u0131nl\u0131\u011f\u0131, korkuyu ve inanmazl\u0131\u011f\u0131 dayan\u0131l\u0131r k\u0131lma \u00e7abas\u0131n\u0131n sonucudur. Bin y\u0131llard\u0131r yak\u0131lan a\u011f\u0131tlar, Anadolu&#8217;da da \u00e7ok b\u00fcy\u00fck bir \u00e7e\u015fitlilik ve zenginlik g\u00f6sterir. Ya\u015far Kemal&#8217;in \u00c7ukurova b\u00f6lgesinden ve Toroslar&#8217;dan derledi\u011fi pek \u00e7ok a\u011f\u0131t, A\u011f\u0131tlar&#8217;da bir araya geliyor. G\u00f6z\u00fcm\u00fcz\u00fcn \u00f6n\u00fcne, bir deri bir kemik k\u00f6yl\u00fc delikanl\u0131n\u0131n biri \u00e7\u0131kacak. Ad\u0131 Kemal Sad\u0131k G\u00f6\u011fceli, Hemite k\u00f6y\u00fcnden gelmedir. Da\u011f bay\u0131r dinlemez, k\u00f6y\u00fcnden, da\u011f k\u00f6ylerinden, obalardan, ovalardan, kasabalardan, ikide bir de kopup gelir Adana&#8217;ya \u00e7\u00f6ker \u00f6n\u00fcm\u00fcze, a\u011f\u0131tlar, t\u00fcrk\u00fcler, destanlar serer buru\u015fuk sar\u0131 ka\u011f\u0131tlar \u00fcst\u00fcne yaz\u0131lm\u0131\u015f. Peki, nereden toplam\u0131\u015ft\u0131r bunlar\u0131?anadolu bac\u0131lar\u0131n\u0131n hep birlikte yakt\u0131klar\u0131 a\u011f\u0131tlar\u0131n yaz\u0131c\u0131l\u0131\u011f\u0131n\u0131 ediyordu, bu zorunlulu\u011fu duyuyordu, esnek ve kararl\u0131 yaz\u0131s\u0131 ile. O h\u0131zla kopup geliyordu tabana kuvvet, sanki kaderi ile kaderimiz buna ba\u011fl\u0131ym\u0131\u015f\u00e7as\u0131na. \u00d6n\u00fcm\u00fcze serdii\u011fi s\u00f6z dizileri, \u00c7ukurova kad\u0131nlar\u0131n\u0131n \u00f6l\u00fcm kar\u015f\u0131s\u0131nda uyakl\u0131 s\u00f6zleri, ba\u011f\u0131rt\u0131lar\u0131, d\u00f6v\u00fcnmeleriydi.Sanki \u00f6lenin, vurulan\u0131n, ezilenin,(&#8230;)\u0131rgat\u0131, i\u015f\u00e7isi, yar\u0131c\u0131s\u0131 ile b\u00fcy\u00fck de\u011fi\u015fimlerin i\u00e7inde bulunan \u00c7ukurova7n\u0131n avaz avaz a\u011f\u0131tlar\u0131ndan sorumluydu bu \u00e7ocuk. <\/p>\n","protected":false},"excerpt":{"rendered":"<p>\u00d6l\u00fcme kar\u015f\u0131 etkin bir direni\u015f olan a\u011f\u0131t, insano\u011flunun \u00f6l\u00fcmle y\u00fcz y\u00fcze geldi\u011finde duydu\u011fu \u015fa\u015fk\u0131nl\u0131\u011f\u0131, korkuyu ve inanmazl\u0131\u011f\u0131 dayan\u0131l\u0131r k\u0131lma \u00e7abas\u0131n\u0131n sonucudur. Bin y\u0131llard\u0131r yak\u0131lan a\u011f\u0131tlar, Anadolu&#8217;da<span class=\"excerpt-hellip\"> [\u2026]<\/span><\/p>\n","protected":false},"featured_media":0,"template":"","meta":{"_monsterinsights_skip_tracking":false,"_monsterinsights_sitenote_active":false,"_monsterinsights_sitenote_note":"","_monsterinsights_sitenote_category":0},"product_brand":[],"product_cat":[12777,12291],"product_tag":[],"class_list":{"0":"post-698766","1":"product","2":"type-product","3":"status-publish","5":"product_cat-deneme","6":"product_cat-edebiyat","7":"pa_cilt-ciltsiz","8":"pa_tur-kitap","9":"pa_yayinevi-yapi-kredi-yayinlari","10":"pa_yazar-yasar-kemal","12":"first","13":"instock","14":"sale","15":"shipping-taxable","16":"purchasable","17":"product-type-simple"},"_links":{"self":[{"href":"https:\/\/roveyayinevi.com.tr\/index.php\/wp-json\/wp\/v2\/product\/698766","targetHints":{"allow":["GET"]}}],"collection":[{"href":"https:\/\/roveyayinevi.com.tr\/index.php\/wp-json\/wp\/v2\/product"}],"about":[{"href":"https:\/\/roveyayinevi.com.tr\/index.php\/wp-json\/wp\/v2\/types\/product"}],"wp:attachment":[{"href":"https:\/\/roveyayinevi.com.tr\/index.php\/wp-json\/wp\/v2\/media?parent=698766"}],"wp:term":[{"taxonomy":"product_brand","embeddable":true,"href":"https:\/\/roveyayinevi.com.tr\/index.php\/wp-json\/wp\/v2\/product_brand?post=698766"},{"taxonomy":"product_cat","embeddable":true,"href":"https:\/\/roveyayinevi.com.tr\/index.php\/wp-json\/wp\/v2\/product_cat?post=698766"},{"taxonomy":"product_tag","embeddable":true,"href":"https:\/\/roveyayinevi.com.tr\/index.php\/wp-json\/wp\/v2\/product_tag?post=698766"}],"curies":[{"name":"wp","href":"https:\/\/api.w.org\/{rel}","templated":true}]}}