{"id":698763,"date":"2025-08-27T14:47:11","date_gmt":"2025-08-27T11:47:11","guid":{"rendered":"https:\/\/roveyayinevi.com.tr\/index.php\/urun\/berlinin-nar-cicegi\/"},"modified":"2026-04-16T02:08:17","modified_gmt":"2026-04-15T23:08:17","slug":"berlinin-nar-cicegi","status":"publish","type":"product","link":"https:\/\/roveyayinevi.com.tr\/index.php\/urun\/berlinin-nar-cicegi\/","title":{"rendered":"Berlin\u2019in Nar \u00c7i\u00e7e\u011fi"},"content":{"rendered":"<p>F\u00fcruzan, 1988&#8217;de ilk kez yay\u0131mland\u0131\u011f\u0131nda alt\u0131 ay i\u00e7inde iki kez bas\u0131lan bu roman\u0131nda, iki farkl\u0131 k\u00fclt\u00fcrden gelen insanlar\u0131n Almanya&#8217;da kesi\u015fen, i\u00e7 i\u00e7e ge\u00e7en d\u00fcnyalar\u0131n\u0131 serimlerken, sevginin, gittik\u00e7e daha da kararan \u00e7a\u011f\u0131m\u0131zda bile, birle\u015ftirici g\u00fcc\u00fcn\u00fc hala korudu\u011funu bir kez daha m\u00fcjdeliyor.<\/p>\n","protected":false},"excerpt":{"rendered":"<p>F\u00fcruzan, 1988&#8217;de ilk kez yay\u0131mland\u0131\u011f\u0131nda alt\u0131 ay i\u00e7inde iki kez bas\u0131lan bu roman\u0131nda, iki farkl\u0131 k\u00fclt\u00fcrden gelen insanlar\u0131n Almanya&#8217;da kesi\u015fen, i\u00e7 i\u00e7e ge\u00e7en d\u00fcnyalar\u0131n\u0131 serimlerken, sevginin,<span class=\"excerpt-hellip\"> [\u2026]<\/span><\/p>\n","protected":false},"featured_media":0,"template":"","meta":{"_monsterinsights_skip_tracking":false,"_monsterinsights_sitenote_active":false,"_monsterinsights_sitenote_note":"","_monsterinsights_sitenote_category":0},"product_brand":[],"product_cat":[12291,12292],"product_tag":[],"class_list":{"0":"post-698763","1":"product","2":"type-product","3":"status-publish","5":"product_cat-edebiyat","6":"product_cat-turk-edebiyati","7":"pa_cilt-ciltsiz","8":"pa_tur-kitap","9":"pa_yayinevi-yapi-kredi-yayinlari","10":"pa_yazar-furuzan","12":"first","13":"instock","14":"sale","15":"shipping-taxable","16":"purchasable","17":"product-type-simple"},"_links":{"self":[{"href":"https:\/\/roveyayinevi.com.tr\/index.php\/wp-json\/wp\/v2\/product\/698763","targetHints":{"allow":["GET"]}}],"collection":[{"href":"https:\/\/roveyayinevi.com.tr\/index.php\/wp-json\/wp\/v2\/product"}],"about":[{"href":"https:\/\/roveyayinevi.com.tr\/index.php\/wp-json\/wp\/v2\/types\/product"}],"wp:attachment":[{"href":"https:\/\/roveyayinevi.com.tr\/index.php\/wp-json\/wp\/v2\/media?parent=698763"}],"wp:term":[{"taxonomy":"product_brand","embeddable":true,"href":"https:\/\/roveyayinevi.com.tr\/index.php\/wp-json\/wp\/v2\/product_brand?post=698763"},{"taxonomy":"product_cat","embeddable":true,"href":"https:\/\/roveyayinevi.com.tr\/index.php\/wp-json\/wp\/v2\/product_cat?post=698763"},{"taxonomy":"product_tag","embeddable":true,"href":"https:\/\/roveyayinevi.com.tr\/index.php\/wp-json\/wp\/v2\/product_tag?post=698763"}],"curies":[{"name":"wp","href":"https:\/\/api.w.org\/{rel}","templated":true}]}}