{"id":698762,"date":"2025-08-27T14:47:10","date_gmt":"2025-08-27T11:47:10","guid":{"rendered":"https:\/\/roveyayinevi.com.tr\/index.php\/urun\/gecmisten-gunumuze-altin-cag\/"},"modified":"2026-04-16T02:08:17","modified_gmt":"2026-04-15T23:08:17","slug":"gecmisten-gunumuze-altin-cag","status":"publish","type":"product","link":"https:\/\/roveyayinevi.com.tr\/index.php\/urun\/gecmisten-gunumuze-altin-cag\/","title":{"rendered":"Ge\u00e7mi\u015ften G\u00fcn\u00fcm\u00fcze Alt\u0131n \u00c7a\u011f"},"content":{"rendered":"<p>Gelecekte bizi neler bekliyor?.. Nas\u0131l bir s\u00fcrece do\u011fru gidiyoruz?.. \u015eu anda karanl\u0131k bir ortam\u0131n i\u00e7inde oldu\u011fumuzu g\u00f6zlemliyoruz. Bu do\u011fru. Ama o karanl\u0131\u011f\u0131n i\u00e7inde par\u0131ldayan milyonlarca \u0131\u015f\u0131\u011f\u0131 da g\u00f6rmedi\u011fimizi s\u00f6yleyemeyiz. \ufffcTan\u0131t\u0131m Metni<\/p>\n","protected":false},"excerpt":{"rendered":"<p>Gelecekte bizi neler bekliyor?.. Nas\u0131l bir s\u00fcrece do\u011fru gidiyoruz?.. \u015eu anda karanl\u0131k bir ortam\u0131n i\u00e7inde oldu\u011fumuzu g\u00f6zlemliyoruz. Bu do\u011fru. Ama o karanl\u0131\u011f\u0131n i\u00e7inde par\u0131ldayan milyonlarca \u0131\u015f\u0131\u011f\u0131<span class=\"excerpt-hellip\"> [\u2026]<\/span><\/p>\n","protected":false},"featured_media":0,"template":"","meta":{"_monsterinsights_skip_tracking":false,"_monsterinsights_sitenote_active":false,"_monsterinsights_sitenote_note":"","_monsterinsights_sitenote_category":0},"product_brand":[],"product_cat":[12718,12858],"product_tag":[],"class_list":{"0":"post-698762","1":"product","2":"type-product","3":"status-publish","5":"product_cat-din","6":"product_cat-mitolojiler","7":"pa_cilt-ciltsiz","8":"pa_tur-kitap","9":"pa_yayinevi-sinir-otesi-yayinlari","10":"pa_yazar-ezgi-duran","12":"first","13":"instock","14":"sale","15":"shipping-taxable","16":"purchasable","17":"product-type-simple"},"_links":{"self":[{"href":"https:\/\/roveyayinevi.com.tr\/index.php\/wp-json\/wp\/v2\/product\/698762","targetHints":{"allow":["GET"]}}],"collection":[{"href":"https:\/\/roveyayinevi.com.tr\/index.php\/wp-json\/wp\/v2\/product"}],"about":[{"href":"https:\/\/roveyayinevi.com.tr\/index.php\/wp-json\/wp\/v2\/types\/product"}],"wp:attachment":[{"href":"https:\/\/roveyayinevi.com.tr\/index.php\/wp-json\/wp\/v2\/media?parent=698762"}],"wp:term":[{"taxonomy":"product_brand","embeddable":true,"href":"https:\/\/roveyayinevi.com.tr\/index.php\/wp-json\/wp\/v2\/product_brand?post=698762"},{"taxonomy":"product_cat","embeddable":true,"href":"https:\/\/roveyayinevi.com.tr\/index.php\/wp-json\/wp\/v2\/product_cat?post=698762"},{"taxonomy":"product_tag","embeddable":true,"href":"https:\/\/roveyayinevi.com.tr\/index.php\/wp-json\/wp\/v2\/product_tag?post=698762"}],"curies":[{"name":"wp","href":"https:\/\/api.w.org\/{rel}","templated":true}]}}