{"id":698759,"date":"2025-08-27T14:47:09","date_gmt":"2025-08-27T11:47:09","guid":{"rendered":"https:\/\/roveyayinevi.com.tr\/index.php\/urun\/menkul-kiymet-analizi\/"},"modified":"2026-04-16T02:08:17","modified_gmt":"2026-04-15T23:08:17","slug":"menkul-kiymet-analizi","status":"publish","type":"product","link":"https:\/\/roveyayinevi.com.tr\/index.php\/urun\/menkul-kiymet-analizi\/","title":{"rendered":"Menkul K\u0131ymet Analizi"},"content":{"rendered":"<p>Paran\u0131n Zaman De\u011feri Getiri E\u011frisi Analizi Tahvil De\u011ferlemesinde G\u00fcn Say\u0131s\u0131 Ve Birikmi\u015f Faiz Finansal Varl\u0131klar\u0131n De\u011ferlemesi Getiri \u00d6l\u00e7\u00fcmleri De\u011fi\u015fken Faizli Menkul K\u0131ymetler Faiz Swaplar\u0131 \u0130pote\u011fe Dayal\u0131n Menkul K\u0131ymetlerin Nakit Ak\u0131m\u0131 \u0130potek Kredisine Dayal\u0131 Menkul K\u0131ymetlerin De\u011ferlemesi Opsiyonlu Tahvillerin De\u011ferlemesi S <\/p>\n","protected":false},"excerpt":{"rendered":"<p>Paran\u0131n Zaman De\u011feri Getiri E\u011frisi Analizi Tahvil De\u011ferlemesinde G\u00fcn Say\u0131s\u0131 Ve Birikmi\u015f Faiz Finansal Varl\u0131klar\u0131n De\u011ferlemesi Getiri \u00d6l\u00e7\u00fcmleri De\u011fi\u015fken Faizli Menkul K\u0131ymetler Faiz Swaplar\u0131 \u0130pote\u011fe Dayal\u0131n<span class=\"excerpt-hellip\"> [\u2026]<\/span><\/p>\n","protected":false},"featured_media":0,"template":"","meta":{"_monsterinsights_skip_tracking":false,"_monsterinsights_sitenote_active":false,"_monsterinsights_sitenote_note":"","_monsterinsights_sitenote_category":0},"product_brand":[],"product_cat":[12573,12566],"product_tag":[],"class_list":{"0":"post-698759","1":"product","2":"type-product","3":"status-publish","5":"product_cat-akademik-kitaplar","6":"product_cat-egitim","7":"pa_cilt-ciltsiz","8":"pa_tur-kitap","9":"pa_yayinevi-gazi-kitabevi","10":"pa_yazar-neslihan-turguttopbas","12":"first","13":"instock","14":"sale","15":"shipping-taxable","16":"purchasable","17":"product-type-simple"},"_links":{"self":[{"href":"https:\/\/roveyayinevi.com.tr\/index.php\/wp-json\/wp\/v2\/product\/698759","targetHints":{"allow":["GET"]}}],"collection":[{"href":"https:\/\/roveyayinevi.com.tr\/index.php\/wp-json\/wp\/v2\/product"}],"about":[{"href":"https:\/\/roveyayinevi.com.tr\/index.php\/wp-json\/wp\/v2\/types\/product"}],"wp:attachment":[{"href":"https:\/\/roveyayinevi.com.tr\/index.php\/wp-json\/wp\/v2\/media?parent=698759"}],"wp:term":[{"taxonomy":"product_brand","embeddable":true,"href":"https:\/\/roveyayinevi.com.tr\/index.php\/wp-json\/wp\/v2\/product_brand?post=698759"},{"taxonomy":"product_cat","embeddable":true,"href":"https:\/\/roveyayinevi.com.tr\/index.php\/wp-json\/wp\/v2\/product_cat?post=698759"},{"taxonomy":"product_tag","embeddable":true,"href":"https:\/\/roveyayinevi.com.tr\/index.php\/wp-json\/wp\/v2\/product_tag?post=698759"}],"curies":[{"name":"wp","href":"https:\/\/api.w.org\/{rel}","templated":true}]}}