{"id":698758,"date":"2025-08-27T14:47:09","date_gmt":"2025-08-27T11:47:09","guid":{"rendered":"https:\/\/roveyayinevi.com.tr\/index.php\/urun\/aynali-denemeler\/"},"modified":"2026-04-16T02:08:17","modified_gmt":"2026-04-15T23:08:17","slug":"aynali-denemeler","status":"publish","type":"product","link":"https:\/\/roveyayinevi.com.tr\/index.php\/urun\/aynali-denemeler\/","title":{"rendered":"Aynal\u0131 Denemeler"},"content":{"rendered":"<p>Ece Ayhan, ters duran , ters durdu\u011funu d\u00fc\u015f\u00fcnd\u00fc\u011f\u00fc her\u015feye ayna tutuyor bu kitapta: Onun aynas\u0131ndan d\u00fcz okuma al\u0131\u015fkanl\u0131\u011f\u0131m\u0131za bir tokat gibi inen bir ba\u015fka d\u00fcz(g\u00fcn) okuma yans\u0131yor.<\/p>\n","protected":false},"excerpt":{"rendered":"<p>Ece Ayhan, ters duran , ters durdu\u011funu d\u00fc\u015f\u00fcnd\u00fc\u011f\u00fc her\u015feye ayna tutuyor bu kitapta: Onun aynas\u0131ndan d\u00fcz okuma al\u0131\u015fkanl\u0131\u011f\u0131m\u0131za bir tokat gibi inen bir ba\u015fka d\u00fcz(g\u00fcn) okuma<span class=\"excerpt-hellip\"> [\u2026]<\/span><\/p>\n","protected":false},"featured_media":0,"template":"","meta":{"_monsterinsights_skip_tracking":false,"_monsterinsights_sitenote_active":false,"_monsterinsights_sitenote_note":"","_monsterinsights_sitenote_category":0},"product_brand":[],"product_cat":[12291,12292],"product_tag":[],"class_list":{"0":"post-698758","1":"product","2":"type-product","3":"status-publish","5":"product_cat-edebiyat","6":"product_cat-turk-edebiyati","7":"pa_cilt-ciltsiz","8":"pa_tur-kitap","9":"pa_yayinevi-yapi-kredi-yayinlari","10":"pa_yazar-ece-ayhan","12":"first","13":"instock","14":"sale","15":"shipping-taxable","16":"purchasable","17":"product-type-simple"},"_links":{"self":[{"href":"https:\/\/roveyayinevi.com.tr\/index.php\/wp-json\/wp\/v2\/product\/698758","targetHints":{"allow":["GET"]}}],"collection":[{"href":"https:\/\/roveyayinevi.com.tr\/index.php\/wp-json\/wp\/v2\/product"}],"about":[{"href":"https:\/\/roveyayinevi.com.tr\/index.php\/wp-json\/wp\/v2\/types\/product"}],"wp:attachment":[{"href":"https:\/\/roveyayinevi.com.tr\/index.php\/wp-json\/wp\/v2\/media?parent=698758"}],"wp:term":[{"taxonomy":"product_brand","embeddable":true,"href":"https:\/\/roveyayinevi.com.tr\/index.php\/wp-json\/wp\/v2\/product_brand?post=698758"},{"taxonomy":"product_cat","embeddable":true,"href":"https:\/\/roveyayinevi.com.tr\/index.php\/wp-json\/wp\/v2\/product_cat?post=698758"},{"taxonomy":"product_tag","embeddable":true,"href":"https:\/\/roveyayinevi.com.tr\/index.php\/wp-json\/wp\/v2\/product_tag?post=698758"}],"curies":[{"name":"wp","href":"https:\/\/api.w.org\/{rel}","templated":true}]}}