{"id":698757,"date":"2025-08-27T14:47:09","date_gmt":"2025-08-27T11:47:09","guid":{"rendered":"https:\/\/roveyayinevi.com.tr\/index.php\/urun\/garfield-ile-arkadaslari-12-lazanya-mazanya\/"},"modified":"2026-04-16T02:08:17","modified_gmt":"2026-04-15T23:08:17","slug":"garfield-ile-arkadaslari-12-lazanya-mazanya","status":"publish","type":"product","link":"https:\/\/roveyayinevi.com.tr\/index.php\/urun\/garfield-ile-arkadaslari-12-lazanya-mazanya\/","title":{"rendered":"Garfield ile Arkada\u015flar\u0131 12 &#8211; Lazanya Mazanya"},"content":{"rendered":"<p>Garfield ile Arkada\u015flar\u0131\u2019n\u0131n Lazanya Mazanya adl\u0131 12. alb\u00fcm\u00fcnde yine \u00fc\u00e7 macera var. \u0130lk macera olan Bir-\u0130ki-\u00dc\u00e7 Garfield\u2019de, kahraman kedi Garfield kendisine fenal\u0131k veren birtak\u0131m angaryalardan kurtulmak i\u00e7in dahiyane bir plan\u0131 uygulamaya koyar. 12. alb\u00fcme ad\u0131n\u0131 veren Lazanya Mazanya adl\u0131 macerada ise Garfield\u2019\u0131n ba\u015f\u0131 uzayl\u0131 lazanyalarla belaya girer. Bu alb\u00fcmdeki son macera olan Uzayda Alarm\u2019da, Garfield\u2019\u0131n i\u015ftah\u0131 neredeyse d\u00fcnyan\u0131n sonunu getirecektir\u2026 \ufffcTan\u0131t\u0131m Metni<\/p>\n","protected":false},"excerpt":{"rendered":"<p>Garfield ile Arkada\u015flar\u0131\u2019n\u0131n Lazanya Mazanya adl\u0131 12. alb\u00fcm\u00fcnde yine \u00fc\u00e7 macera var. \u0130lk macera olan Bir-\u0130ki-\u00dc\u00e7 Garfield\u2019de, kahraman kedi Garfield kendisine fenal\u0131k veren birtak\u0131m angaryalardan kurtulmak<span class=\"excerpt-hellip\"> [\u2026]<\/span><\/p>\n","protected":false},"featured_media":0,"template":"","meta":{"_monsterinsights_skip_tracking":false,"_monsterinsights_sitenote_active":false,"_monsterinsights_sitenote_note":"","_monsterinsights_sitenote_category":0},"product_brand":[],"product_cat":[12274,12284],"product_tag":[],"class_list":{"0":"post-698757","1":"product","2":"type-product","3":"status-publish","5":"product_cat-cocuk-ve-genclik-kitaplari","6":"product_cat-hikayeler","7":"pa_cilt-ciltsiz","8":"pa_tur-kitap","9":"pa_yayinevi-yapi-kredi-yayinlari","10":"pa_yazar-jim-davis","12":"first","13":"instock","14":"sale","15":"shipping-taxable","16":"purchasable","17":"product-type-simple"},"_links":{"self":[{"href":"https:\/\/roveyayinevi.com.tr\/index.php\/wp-json\/wp\/v2\/product\/698757","targetHints":{"allow":["GET"]}}],"collection":[{"href":"https:\/\/roveyayinevi.com.tr\/index.php\/wp-json\/wp\/v2\/product"}],"about":[{"href":"https:\/\/roveyayinevi.com.tr\/index.php\/wp-json\/wp\/v2\/types\/product"}],"wp:attachment":[{"href":"https:\/\/roveyayinevi.com.tr\/index.php\/wp-json\/wp\/v2\/media?parent=698757"}],"wp:term":[{"taxonomy":"product_brand","embeddable":true,"href":"https:\/\/roveyayinevi.com.tr\/index.php\/wp-json\/wp\/v2\/product_brand?post=698757"},{"taxonomy":"product_cat","embeddable":true,"href":"https:\/\/roveyayinevi.com.tr\/index.php\/wp-json\/wp\/v2\/product_cat?post=698757"},{"taxonomy":"product_tag","embeddable":true,"href":"https:\/\/roveyayinevi.com.tr\/index.php\/wp-json\/wp\/v2\/product_tag?post=698757"}],"curies":[{"name":"wp","href":"https:\/\/api.w.org\/{rel}","templated":true}]}}