{"id":698754,"date":"2025-08-27T14:47:08","date_gmt":"2025-08-27T11:47:08","guid":{"rendered":"https:\/\/roveyayinevi.com.tr\/index.php\/urun\/hazreti-hatice\/"},"modified":"2026-04-01T02:13:09","modified_gmt":"2026-03-31T23:13:09","slug":"hazreti-hatice","status":"publish","type":"product","link":"https:\/\/roveyayinevi.com.tr\/index.php\/urun\/hazreti-hatice\/","title":{"rendered":"Hazreti Hatice"},"content":{"rendered":"<p>Ger\u00e7ek a\u015fk ve sevgi ad\u0131na bu kitab\u0131 en az 2 defa okuyacaks\u0131n\u0131z\u2026Romanc\u0131 denince, bu \u00fclkede art\u0131k Nurdan Damla akla gelmelidir. T\u00fcrk roman\u0131n\u0131n \u0130ntibah\u2019dan g\u00fcn\u00fcm\u00fcze gelen y\u00fcz elli y\u0131la yak\u0131n seyri i\u00e7inde hi\u00e7bir roman Hz.Hatice Kadar ustal\u0131kla ve otantik olarak kaleme al\u0131nmam\u0131\u015ft\u0131r. Bu de\u011ferlendirmeyi be\u015f romanc\u0131 \u00fczerine \u00f6mr\u00fcn\u00fc vermi\u015f ve ele\u015ftiri terimleri kitab\u0131 yazm\u0131\u015f biri olarak yap\u0131yorum.Prof.Dr.Himmet U\u00e7\u201c\u0130slam d\u00fcnyas\u0131nda, sebebini \u00e7\u00f6zemedi\u011fim bir nedenden \u00f6t\u00fcr\u00fc hep Ay\u015fe konu\u015fuluyor. Oysa peygamberin ilk e\u015fi Orta Do\u011fu k\u00fclt\u00fcr\u00fcn\u00fcn bask\u0131n hegemonyas\u0131nda dik duru\u015fuyla ba\u015f kald\u0131rm\u0131\u015f ve \u00f6nemli i\u015fler ba\u015farm\u0131\u015f bir kad\u0131nd\u0131. Ve sizin peygamberinizin \u00e7ok de\u011fer verdi\u011fi bir e\u015fti. Say\u0131n Damla\u2019n\u0131n kitab\u0131 bu y\u00f6n\u00fcyle ciddi bir \u00e7al\u0131\u015fma. Tebrikler.\u201dDr. Lotte BegglidHani lezzetli bir yemek yedi\u011fimizde tad\u0131 dama\u011f\u0131m\u0131zda kal\u0131r ve ondan sonra her yemekte ayn\u0131 tad\u0131 arar\u0131z ya&#8230; \u201cA\u015fka Adanm\u0131\u015f Bir \u00d6m\u00fcr Hz. Hatice\u201d gerek Peygamber Efendimiz\u2019in hayat\u0131 gerekse Hz. Hatice hakk\u0131nda okudu\u011fum en lezzetli kitapt\u0131. Eme\u011fi ge\u00e7enlere en i\u00e7ten te\u015fekk\u00fcrlerimi sunuyorum.Recep EfeMuhte\u015fem bir anlat\u0131m, harika bir \u00fcslup. Kitap hi\u00e7 bitmesin istedim. Elime ald\u0131m b\u0131rakamad\u0131m. Yay\u0131nevini de yazar\u0131 da kutluyorum.Sevilay Erg\u00fcle\u00e7<\/p>\n","protected":false},"excerpt":{"rendered":"<p>Ger\u00e7ek a\u015fk ve sevgi ad\u0131na bu kitab\u0131 en az 2 defa okuyacaks\u0131n\u0131z\u2026Romanc\u0131 denince, bu \u00fclkede art\u0131k Nurdan Damla akla gelmelidir. T\u00fcrk roman\u0131n\u0131n \u0130ntibah\u2019dan g\u00fcn\u00fcm\u00fcze gelen y\u00fcz<span class=\"excerpt-hellip\"> [\u2026]<\/span><\/p>\n","protected":false},"featured_media":0,"template":"","meta":{"_monsterinsights_skip_tracking":false,"_monsterinsights_sitenote_active":false,"_monsterinsights_sitenote_note":"","_monsterinsights_sitenote_category":0},"product_brand":[],"product_cat":[14009,12291],"product_tag":[],"class_list":{"0":"post-698754","1":"product","2":"type-product","3":"status-publish","5":"product_cat-biyografi-otobiyografi-edebiyat","6":"product_cat-edebiyat","7":"pa_cilt-ciltsiz","8":"pa_tur-kitap","9":"pa_yayinevi-hayat-yayinlari","10":"pa_yazar-nurdan-damla","12":"first","13":"instock","14":"sale","15":"shipping-taxable","16":"purchasable","17":"product-type-simple"},"_links":{"self":[{"href":"https:\/\/roveyayinevi.com.tr\/index.php\/wp-json\/wp\/v2\/product\/698754","targetHints":{"allow":["GET"]}}],"collection":[{"href":"https:\/\/roveyayinevi.com.tr\/index.php\/wp-json\/wp\/v2\/product"}],"about":[{"href":"https:\/\/roveyayinevi.com.tr\/index.php\/wp-json\/wp\/v2\/types\/product"}],"wp:attachment":[{"href":"https:\/\/roveyayinevi.com.tr\/index.php\/wp-json\/wp\/v2\/media?parent=698754"}],"wp:term":[{"taxonomy":"product_brand","embeddable":true,"href":"https:\/\/roveyayinevi.com.tr\/index.php\/wp-json\/wp\/v2\/product_brand?post=698754"},{"taxonomy":"product_cat","embeddable":true,"href":"https:\/\/roveyayinevi.com.tr\/index.php\/wp-json\/wp\/v2\/product_cat?post=698754"},{"taxonomy":"product_tag","embeddable":true,"href":"https:\/\/roveyayinevi.com.tr\/index.php\/wp-json\/wp\/v2\/product_tag?post=698754"}],"curies":[{"name":"wp","href":"https:\/\/api.w.org\/{rel}","templated":true}]}}