{"id":698752,"date":"2025-08-27T14:47:07","date_gmt":"2025-08-27T11:47:07","guid":{"rendered":"https:\/\/roveyayinevi.com.tr\/index.php\/urun\/beyaz-zambaklar-ulkesinde-4\/"},"modified":"2026-04-16T02:08:17","modified_gmt":"2026-04-15T23:08:17","slug":"beyaz-zambaklar-ulkesinde-4","status":"publish","type":"product","link":"https:\/\/roveyayinevi.com.tr\/index.php\/urun\/beyaz-zambaklar-ulkesinde-4\/","title":{"rendered":"Beyaz Zambaklar \u00dclkesinde"},"content":{"rendered":"<p>Bu eser;T\u00fcm imk\u00e2ns\u0131zl\u0131klara ve elveri\u015fsiz do\u011fa ko\u015fullar\u0131n ra\u011fmen, bir avu\u00e7 ayd\u0131n\u0131n \u00f6nderli\u011finde; askerlerden din adamlar\u0131na, profes\u00f6rlerden \u00f6\u011fretmenlere, doktorlardan i\u015fadamlar\u0131na kadar, her meslekten insan\u0131n halkla omuz omuza bir dayan\u0131\u015fma sergileyerek, \u00fclkelerini geri kalm\u0131\u015fl\u0131ktan kurtarmak i\u00e7in nas\u0131l b\u00fcy\u00fck bir uygarl\u0131k m\u00fccadelesi verdiklerini,t\u00fcm insanl\u0131\u011fa \u00f6rnek olacak bir \u015fekilde g\u00f6zler \u00f6n\u00fcne sermektedir.Herkesin kendince dersler alaca\u011f\u0131 bu kitap,\u00fclkemizin i\u00e7inde bulundu\u011fu zorunlu ge\u00e7i\u015f s\u00fcrecinde, g\u00fczel yurdumuzun halk g\u00fcc\u00fcyle kalk\u0131nmas\u0131na ve toplumsal dayan\u0131\u015fma ruhuna vesile olmas\u0131 a\u00e7\u0131s\u0131ndan \u00e7ok b\u00fcy\u00fck \u00f6nem ta\u015f\u0131maktad\u0131r.\u201cBeyaz Zambaklar \u00dclkesinde\u201d adl\u0131 bu eser,Cumhuriyet\u2019in ilk y\u0131llar\u0131nda M\u00fcdafaa-i Milliye Vekaleti (Milli Savunma Bakanl\u0131\u011f\u0131) taraf\u0131ndan askerlere tavsiye edilmi\u015f ve Maarif Vekaleti (Milli E\u011fitim Bakanl\u0131\u011f\u0131)taraf\u0131ndan da \u00f6\u011fretmen okullar\u0131n\u0131n son d\u00f6nem mezunlar\u0131na birer adet hediye edilmi\u015ftir. <\/p>\n","protected":false},"excerpt":{"rendered":"<p>Bu eser;T\u00fcm imk\u00e2ns\u0131zl\u0131klara ve elveri\u015fsiz do\u011fa ko\u015fullar\u0131n ra\u011fmen, bir avu\u00e7 ayd\u0131n\u0131n \u00f6nderli\u011finde; askerlerden din adamlar\u0131na, profes\u00f6rlerden \u00f6\u011fretmenlere, doktorlardan i\u015fadamlar\u0131na kadar, her meslekten insan\u0131n halkla omuz omuza<span class=\"excerpt-hellip\"> [\u2026]<\/span><\/p>\n","protected":false},"featured_media":0,"template":"","meta":{"_monsterinsights_skip_tracking":false,"_monsterinsights_sitenote_active":false,"_monsterinsights_sitenote_note":"","_monsterinsights_sitenote_category":0},"product_brand":[],"product_cat":[12312,12304],"product_tag":[],"class_list":{"0":"post-698752","1":"product","2":"type-product","3":"status-publish","5":"product_cat-diger","6":"product_cat-tarih","7":"pa_cilt-ciltsiz","8":"pa_tur-kitap","9":"pa_yayinevi-hayat-yayinlari","10":"pa_yazar-grigoriy-petrov","12":"first","13":"instock","14":"sale","15":"shipping-taxable","16":"purchasable","17":"product-type-simple"},"_links":{"self":[{"href":"https:\/\/roveyayinevi.com.tr\/index.php\/wp-json\/wp\/v2\/product\/698752","targetHints":{"allow":["GET"]}}],"collection":[{"href":"https:\/\/roveyayinevi.com.tr\/index.php\/wp-json\/wp\/v2\/product"}],"about":[{"href":"https:\/\/roveyayinevi.com.tr\/index.php\/wp-json\/wp\/v2\/types\/product"}],"wp:attachment":[{"href":"https:\/\/roveyayinevi.com.tr\/index.php\/wp-json\/wp\/v2\/media?parent=698752"}],"wp:term":[{"taxonomy":"product_brand","embeddable":true,"href":"https:\/\/roveyayinevi.com.tr\/index.php\/wp-json\/wp\/v2\/product_brand?post=698752"},{"taxonomy":"product_cat","embeddable":true,"href":"https:\/\/roveyayinevi.com.tr\/index.php\/wp-json\/wp\/v2\/product_cat?post=698752"},{"taxonomy":"product_tag","embeddable":true,"href":"https:\/\/roveyayinevi.com.tr\/index.php\/wp-json\/wp\/v2\/product_tag?post=698752"}],"curies":[{"name":"wp","href":"https:\/\/api.w.org\/{rel}","templated":true}]}}