{"id":698741,"date":"2025-08-27T14:47:04","date_gmt":"2025-08-27T11:47:04","guid":{"rendered":"https:\/\/roveyayinevi.com.tr\/index.php\/urun\/hegel-varyasyonlari-tinin-fenomenolojisi-uzerine\/"},"modified":"2026-03-30T02:08:27","modified_gmt":"2026-03-29T23:08:27","slug":"hegel-varyasyonlari-tinin-fenomenolojisi-uzerine","status":"publish","type":"product","link":"https:\/\/roveyayinevi.com.tr\/index.php\/urun\/hegel-varyasyonlari-tinin-fenomenolojisi-uzerine\/","title":{"rendered":"Hegel Varyasyonlar\u0131: Tinin Fenomenolojisi \u00dczerine"},"content":{"rendered":"<p>\u201c\u2026\u00dcstelik ahlak\u00e7\u0131lar ya da bilimciler bile ba\u015faramazken dili ciddiye alman\u0131n anlam\u0131 nedir? Bence onlar\u0131n dille ilgili sorununun iki y\u00f6n\u00fc vard\u0131r: Bir taraftan niyetin dilde duyu-alg\u0131s\u0131ndan daha fazla kaydedilemeyece\u011fini hi\u00e7biri anlamam\u0131\u015f g\u00f6r\u00fcn\u00fcyor. \u201cKastettikleri\u201d, \u201cs\u00f6ylemek istedikleri\u201d ya da \u201cs\u00f6ylemeye niyet ettikleri\u201d \u015fey daima \u00f6l\u00fcmc\u00fcl bir tarzda s\u00f6ylediklerinin tersi \u00e7\u0131kar. Dilin ya kat\u0131 olguyu ya da g\u00f6r\u00fcn\u00fc\u015f\u00fcn \u00f6tesini ifade etmesini isterler, ama dil ancak bu iki kar\u015f\u0131tl\u0131k aras\u0131ndaki diyalektik ili\u015fkiyi aktarabilir.\u201d <\/p>\n","protected":false},"excerpt":{"rendered":"<p>\u201c\u2026\u00dcstelik ahlak\u00e7\u0131lar ya da bilimciler bile ba\u015faramazken dili ciddiye alman\u0131n anlam\u0131 nedir? Bence onlar\u0131n dille ilgili sorununun iki y\u00f6n\u00fc vard\u0131r: Bir taraftan niyetin dilde duyu-alg\u0131s\u0131ndan daha<span class=\"excerpt-hellip\"> [\u2026]<\/span><\/p>\n","protected":false},"featured_media":0,"template":"","meta":{"_monsterinsights_skip_tracking":false,"_monsterinsights_sitenote_active":false,"_monsterinsights_sitenote_note":"","_monsterinsights_sitenote_category":0},"product_brand":[],"product_cat":[12389,12388],"product_tag":[],"class_list":{"0":"post-698741","1":"product","2":"type-product","3":"status-publish","5":"product_cat-diger-felsefe","6":"product_cat-felsefe","7":"pa_cilt-ciltsiz","8":"pa_tur-kitap","9":"pa_yayinevi-ithaki-yayinlari","10":"pa_yazar-fredic-jameson","12":"first","13":"instock","14":"sale","15":"shipping-taxable","16":"purchasable","17":"product-type-simple"},"_links":{"self":[{"href":"https:\/\/roveyayinevi.com.tr\/index.php\/wp-json\/wp\/v2\/product\/698741","targetHints":{"allow":["GET"]}}],"collection":[{"href":"https:\/\/roveyayinevi.com.tr\/index.php\/wp-json\/wp\/v2\/product"}],"about":[{"href":"https:\/\/roveyayinevi.com.tr\/index.php\/wp-json\/wp\/v2\/types\/product"}],"wp:attachment":[{"href":"https:\/\/roveyayinevi.com.tr\/index.php\/wp-json\/wp\/v2\/media?parent=698741"}],"wp:term":[{"taxonomy":"product_brand","embeddable":true,"href":"https:\/\/roveyayinevi.com.tr\/index.php\/wp-json\/wp\/v2\/product_brand?post=698741"},{"taxonomy":"product_cat","embeddable":true,"href":"https:\/\/roveyayinevi.com.tr\/index.php\/wp-json\/wp\/v2\/product_cat?post=698741"},{"taxonomy":"product_tag","embeddable":true,"href":"https:\/\/roveyayinevi.com.tr\/index.php\/wp-json\/wp\/v2\/product_tag?post=698741"}],"curies":[{"name":"wp","href":"https:\/\/api.w.org\/{rel}","templated":true}]}}