{"id":698740,"date":"2025-08-27T14:47:04","date_gmt":"2025-08-27T11:47:04","guid":{"rendered":"https:\/\/roveyayinevi.com.tr\/index.php\/urun\/kamu-maliyesi\/"},"modified":"2026-04-16T02:08:17","modified_gmt":"2026-04-15T23:08:17","slug":"kamu-maliyesi","status":"publish","type":"product","link":"https:\/\/roveyayinevi.com.tr\/index.php\/urun\/kamu-maliyesi\/","title":{"rendered":"Kamu Maliyesi"},"content":{"rendered":"<p>&#8211; Kamu Harcamalar\u0131- Kamu Gelirleri- Vergi Teorisi- Kamu B\u00fct\u00e7esi- Kamu Bor\u00e7lanmas\u0131- Maliye Politikas\u0131 <\/p>\n","protected":false},"excerpt":{"rendered":"<p>&#8211; Kamu Harcamalar\u0131- Kamu Gelirleri- Vergi Teorisi- Kamu B\u00fct\u00e7esi- Kamu Bor\u00e7lanmas\u0131- Maliye Politikas\u0131<\/p>\n","protected":false},"featured_media":0,"template":"","meta":{"_monsterinsights_skip_tracking":false,"_monsterinsights_sitenote_active":false,"_monsterinsights_sitenote_note":"","_monsterinsights_sitenote_category":0},"product_brand":[],"product_cat":[12573,12566],"product_tag":[],"class_list":{"0":"post-698740","1":"product","2":"type-product","3":"status-publish","5":"product_cat-akademik-kitaplar","6":"product_cat-egitim","7":"pa_cilt-ciltsiz","8":"pa_tur-kitap","9":"pa_yayinevi-gazi-kitabevi","10":"pa_yazar-aytac-eker","12":"first","13":"instock","14":"sale","15":"shipping-taxable","16":"purchasable","17":"product-type-simple"},"_links":{"self":[{"href":"https:\/\/roveyayinevi.com.tr\/index.php\/wp-json\/wp\/v2\/product\/698740","targetHints":{"allow":["GET"]}}],"collection":[{"href":"https:\/\/roveyayinevi.com.tr\/index.php\/wp-json\/wp\/v2\/product"}],"about":[{"href":"https:\/\/roveyayinevi.com.tr\/index.php\/wp-json\/wp\/v2\/types\/product"}],"wp:attachment":[{"href":"https:\/\/roveyayinevi.com.tr\/index.php\/wp-json\/wp\/v2\/media?parent=698740"}],"wp:term":[{"taxonomy":"product_brand","embeddable":true,"href":"https:\/\/roveyayinevi.com.tr\/index.php\/wp-json\/wp\/v2\/product_brand?post=698740"},{"taxonomy":"product_cat","embeddable":true,"href":"https:\/\/roveyayinevi.com.tr\/index.php\/wp-json\/wp\/v2\/product_cat?post=698740"},{"taxonomy":"product_tag","embeddable":true,"href":"https:\/\/roveyayinevi.com.tr\/index.php\/wp-json\/wp\/v2\/product_tag?post=698740"}],"curies":[{"name":"wp","href":"https:\/\/api.w.org\/{rel}","templated":true}]}}