{"id":698736,"date":"2025-08-27T14:47:03","date_gmt":"2025-08-27T11:47:03","guid":{"rendered":"https:\/\/roveyayinevi.com.tr\/index.php\/urun\/ari-kovanina-comak-sokmak\/"},"modified":"2026-04-16T02:08:17","modified_gmt":"2026-04-15T23:08:17","slug":"ari-kovanina-comak-sokmak","status":"publish","type":"product","link":"https:\/\/roveyayinevi.com.tr\/index.php\/urun\/ari-kovanina-comak-sokmak\/","title":{"rendered":"Ar\u0131 Kovan\u0131na \u00c7omak Sokmak"},"content":{"rendered":"<p>\u201cAhmet Ya\u015far Ocak daha \u00e7ocukken bile olgun, a\u011f\u0131rba\u015fl\u0131, okumay\u0131 \u00e7ok seven biriydi. Ben \u015fimdi daha iyi anl\u0131yorum ki, o daha o ya\u015flarda bilim adam\u0131 damar\u0131na sahipti. Daha ilkokulda iken \u00f6\u011fretmene en fazla soru soran \u00f6\u011frencilerdendi. Okula dergi gelirdi, pek \u00e7o\u011fumuz dergiyi angarya kabul ederken o hemen derginin kapa\u011f\u0131n\u0131 a\u00e7ar, okumaya ba\u015flard\u0131.\u201d <\/p>\n","protected":false},"excerpt":{"rendered":"<p>\u201cAhmet Ya\u015far Ocak daha \u00e7ocukken bile olgun, a\u011f\u0131rba\u015fl\u0131, okumay\u0131 \u00e7ok seven biriydi. Ben \u015fimdi daha iyi anl\u0131yorum ki, o daha o ya\u015flarda bilim adam\u0131 damar\u0131na sahipti.<span class=\"excerpt-hellip\"> [\u2026]<\/span><\/p>\n","protected":false},"featured_media":0,"template":"","meta":{"_monsterinsights_skip_tracking":false,"_monsterinsights_sitenote_active":false,"_monsterinsights_sitenote_note":"","_monsterinsights_sitenote_category":0},"product_brand":[],"product_cat":[12291,30969],"product_tag":[],"class_list":{"0":"post-698736","1":"product","2":"type-product","3":"status-publish","5":"product_cat-edebiyat","6":"product_cat-soylesi-edebiyat","7":"pa_cilt-ciltsiz","8":"pa_tur-kitap","9":"pa_yayinevi-timas-yayinlari","10":"pa_yazar-ahmet-yasar-ocak","12":"first","13":"instock","14":"sale","15":"shipping-taxable","16":"purchasable","17":"product-type-simple"},"_links":{"self":[{"href":"https:\/\/roveyayinevi.com.tr\/index.php\/wp-json\/wp\/v2\/product\/698736","targetHints":{"allow":["GET"]}}],"collection":[{"href":"https:\/\/roveyayinevi.com.tr\/index.php\/wp-json\/wp\/v2\/product"}],"about":[{"href":"https:\/\/roveyayinevi.com.tr\/index.php\/wp-json\/wp\/v2\/types\/product"}],"wp:attachment":[{"href":"https:\/\/roveyayinevi.com.tr\/index.php\/wp-json\/wp\/v2\/media?parent=698736"}],"wp:term":[{"taxonomy":"product_brand","embeddable":true,"href":"https:\/\/roveyayinevi.com.tr\/index.php\/wp-json\/wp\/v2\/product_brand?post=698736"},{"taxonomy":"product_cat","embeddable":true,"href":"https:\/\/roveyayinevi.com.tr\/index.php\/wp-json\/wp\/v2\/product_cat?post=698736"},{"taxonomy":"product_tag","embeddable":true,"href":"https:\/\/roveyayinevi.com.tr\/index.php\/wp-json\/wp\/v2\/product_tag?post=698736"}],"curies":[{"name":"wp","href":"https:\/\/api.w.org\/{rel}","templated":true}]}}