{"id":698733,"date":"2025-08-27T14:47:02","date_gmt":"2025-08-27T11:47:02","guid":{"rendered":"https:\/\/roveyayinevi.com.tr\/index.php\/urun\/1960tan-gunumuze-turkiye-tarihi\/"},"modified":"2026-04-16T02:08:17","modified_gmt":"2026-04-15T23:08:17","slug":"1960tan-gunumuze-turkiye-tarihi","status":"publish","type":"product","link":"https:\/\/roveyayinevi.com.tr\/index.php\/urun\/1960tan-gunumuze-turkiye-tarihi\/","title":{"rendered":"1960&#8217;tan G\u00fcn\u00fcm\u00fcze T\u00fcrkiye Tarihi"},"content":{"rendered":"<p>1960\u2019tan G\u00fcn\u00fcm\u00fcze T\u00fcrkiye Tarihi, genellikle tarih yaz\u0131m\u0131 gelene\u011finin kapsaml\u0131 bir \u015fekilde e\u011filmedi\u011fi bir d\u00f6nemin tarihini anlat\u0131yor. Darbe, militarizm, sol, milliyet\u00e7ilik, K\u00fcrt meselesi ve siyasal \u0130sl\u00e2m gibi belirleyici ba\u015fl\u0131klar\u0131n yan\u0131 s\u0131ra, kitapta 1960-2014 aras\u0131nda ya\u015fanan siyasi, iktisadi, toplumsal ve k\u00fclt\u00fcrel d\u00f6n\u00fc\u015f\u00fcmlere, \u00f6nemli e\u015fiklere de yer veriliyor. \u00c7e\u015fitli kurum, tart\u0131\u015fma ya da \u00e7at\u0131\u015fmalar\u0131n ortaya \u00e7\u0131kt\u0131\u011f\u0131 tarihsel d\u00f6neme\u00e7lere \u00f6zellikle i\u015faret ediliyor; olaylar\u0131n taraflar\u0131, \u00f6ne \u00e7\u0131kan akt\u00f6rler resmi tamamlamak \u00fczere sahnedeki yerlerini al\u0131yorlar. Gazete, dergi ar\u015fivleri, g\u00fcnl\u00fck gazeteler, an\u0131lar, kurumsal tarihler ve d\u00f6nemin ayr\u0131nt\u0131lar\u0131na a\u00e7\u0131kl\u0131k getirebilecek ara\u015ft\u0131rmalar metinde kutular olarak yer al\u0131yor ve ayr\u0131 ayr\u0131 okunabilecek birer referans olu\u015fturuyor.\u201cBu kitab\u0131n ortaya \u00e7\u0131k\u0131\u015f\u0131nda hacimli bir k\u00fclliyat\u0131n varl\u0131\u011f\u0131 kadar, o y\u0131llarda ya\u015fananlardan arta kalan deneyimler de \u00f6nemli rol oynad\u0131. Zira pek \u00e7ok d\u00f6neme ait tarih metinlerinden farkl\u0131 olarak, bu kitaba konu olan olaylar, ki\u015filer ve kurumlar b\u00fcy\u00fck \u00f6l\u00e7\u00fcde bizim \u00e7a\u011fda\u015flar\u0131m\u0131z\u2026 Dolay\u0131s\u0131yla bu d\u00f6nemin \u2018tarih\u2019i, ayn\u0131 zamanda bir deneyimler, g\u00f6zlemler tarihidir ve bu \u00e7er\u00e7evede bizim \u2018\u00f6nemli g\u00f6rd\u00fcklerimiz\u2019in, \u2018belirleyici sayd\u0131klar\u0131m\u0131z\u2019\u0131n tarihi oluyor. Ba\u015fta de\u011finilen kayg\u0131 ve \u00e7abalar esas olmak kayd\u0131yla, bu bak\u0131mdan bizim kaleme ald\u0131\u011f\u0131m\u0131z metin, tarih yaz\u0131c\u0131l\u0131\u011f\u0131 bak\u0131m\u0131ndan \u00f6nemli avantajlar sa\u011flayabilecek bir yazma ve g\u00f6rme bi\u00e7imi imk\u00e2n\u0131n\u0131 kullanmaktad\u0131r.\u201d <\/p>\n","protected":false},"excerpt":{"rendered":"<p>1960\u2019tan G\u00fcn\u00fcm\u00fcze T\u00fcrkiye Tarihi, genellikle tarih yaz\u0131m\u0131 gelene\u011finin kapsaml\u0131 bir \u015fekilde e\u011filmedi\u011fi bir d\u00f6nemin tarihini anlat\u0131yor. Darbe, militarizm, sol, milliyet\u00e7ilik, K\u00fcrt meselesi ve siyasal \u0130sl\u00e2m gibi<span class=\"excerpt-hellip\"> [\u2026]<\/span><\/p>\n","protected":false},"featured_media":0,"template":"","meta":{"_monsterinsights_skip_tracking":false,"_monsterinsights_sitenote_active":false,"_monsterinsights_sitenote_note":"","_monsterinsights_sitenote_category":0},"product_brand":[],"product_cat":[12304,13493],"product_tag":[],"class_list":{"0":"post-698733","1":"product","2":"type-product","3":"status-publish","5":"product_cat-tarih","6":"product_cat-turkiye-ve-cumhuriyet-tarihi","7":"pa_cilt-ciltsiz","8":"pa_tur-kitap","9":"pa_yayinevi-iletisim-yayinlari","10":"pa_yazar-suavi-aydin","11":"pa_yazar-yuksel-taskin","13":"first","14":"instock","15":"sale","16":"shipping-taxable","17":"purchasable","18":"product-type-simple"},"_links":{"self":[{"href":"https:\/\/roveyayinevi.com.tr\/index.php\/wp-json\/wp\/v2\/product\/698733","targetHints":{"allow":["GET"]}}],"collection":[{"href":"https:\/\/roveyayinevi.com.tr\/index.php\/wp-json\/wp\/v2\/product"}],"about":[{"href":"https:\/\/roveyayinevi.com.tr\/index.php\/wp-json\/wp\/v2\/types\/product"}],"wp:attachment":[{"href":"https:\/\/roveyayinevi.com.tr\/index.php\/wp-json\/wp\/v2\/media?parent=698733"}],"wp:term":[{"taxonomy":"product_brand","embeddable":true,"href":"https:\/\/roveyayinevi.com.tr\/index.php\/wp-json\/wp\/v2\/product_brand?post=698733"},{"taxonomy":"product_cat","embeddable":true,"href":"https:\/\/roveyayinevi.com.tr\/index.php\/wp-json\/wp\/v2\/product_cat?post=698733"},{"taxonomy":"product_tag","embeddable":true,"href":"https:\/\/roveyayinevi.com.tr\/index.php\/wp-json\/wp\/v2\/product_tag?post=698733"}],"curies":[{"name":"wp","href":"https:\/\/api.w.org\/{rel}","templated":true}]}}